{"id":147167,"date":"2021-01-15T10:54:53","date_gmt":"2021-01-15T10:54:53","guid":{"rendered":"https:\/\/codengine3.ch\/?product=import-placeholder-for-204456"},"modified":"2024-06-29T12:27:02","modified_gmt":"2024-06-29T10:27:02","slug":"alpes-suisses-les-plus-belles-courses-rocher-neige-glace-et-mixte","status":"publish","type":"product","link":"https:\/\/pizbube.ch\/en\/shop\/alpes-suisses-les-plus-belles-courses-rocher-neige-glace-et-mixte\/","title":{"rendered":"Alpes suisses &#8211; Les plus belles courses: Rocher, neige, glace et mixte"},"content":{"rendered":"<p>Les Alpes suisses, mythiques tant pour les sportifs que pour les<br \/>\ncontemplatifs, offrent un terrain de jeu fabuleux \u00e0 explorer. St\u00e9phane Maire,<br \/>\nalpiniste exp\u00e9riment\u00e9, a s\u00e9lectionn\u00e9 76 itin\u00e9raires parmi les plus beaux, de<br \/>\nniveaux vari\u00e9s, de AD \u00e0 TD, des courses accessibles au plus grand nombre pour<br \/>\ngravir des sommets fabuleux.<\/p>\n<p>Des grandes faces de neige classiques aux grandes faces rocheuses, en passant<br \/>\npar les ar\u00eates en mixte ou rocheuses, tous les styles d\u2019alpinisme sont<br \/>\nrepr\u00e9sent\u00e9s, avec une dominante pour les courses rocheuses, le r\u00e9chauffement<br \/>\nclimatique ayant rendu plus complexes de nombreux acc\u00e8s glaciaires. Aux c\u00f4t\u00e9s<br \/>\ndes classiques incontournables, vous trouverez quelques perles oubli\u00e9es ou peu<br \/>\nfr\u00e9quent\u00e9es, remises au go\u00fbt du jour par un r\u00e9\u00e9quipement r\u00e9cent. Cette<br \/>\ns\u00e9lection d\u2019itin\u00e9raires est un grand voyage alpinistique \u00e0 travers les Alpes<br \/>\nsuisses.<\/p>\n<p>Pour chaque course r\u00e9alis\u00e9e par l\u2019auteur, un texte d\u2019introduction donne un<br \/>\npremier aper\u00e7u de ses caract\u00e9ristiques. Des informations pratiques permettent<br \/>\nensuite une pr\u00e9paration de la sortie, avec un trac\u00e9 sur photo, et un dessin<br \/>\npour les longues voies rocheuses. Et les belles images de St\u00e9phane Maire vous<br \/>\ntransporteront directement dans l\u2019ambiance de la course, comme si vous y \u00e9tiez<br \/>\nd\u00e9j\u00e0.<\/p>\n<p>Les massifs couverts sont la partie helv\u00e9tique du massif du Mont-Blanc, les<br \/>\nAlpes vaudoises, valaisannes, bernoises, uranaises, tessinoises et grisonnes,<br \/>\ndont les massifs du Bergell et de la Bernina.<\/p>","protected":false},"excerpt":{"rendered":"<p>Les Alpes suisses, mythiques tant pour les sportifs que pour les contemplatifs, offrent un terrain de jeu fabuleux \u00e0 explorer. St\u00e9phane Maire, alpiniste exp\u00e9riment\u00e9, a s\u00e9lectionn\u00e9 76 itin\u00e9raires parmi les plus beaux, de niveaux vari\u00e9s, de AD \u00e0 TD, des courses accessibles au plus grand nombre pour gravir des sommets fabuleux. Des grandes faces de [&#8230;]\n","protected":false},"featured_media":168422,"template":"","meta":[],"product_brand":[],"product_cat":[21544],"product_tag":[],"class_list":{"0":"post-147167","1":"product","2":"type-product","3":"status-publish","4":"has-post-thumbnail","6":"product_cat-fuehrerliteratur-alpin-sommer","7":"pa_autor-maire","8":"pa_erscheinungsjahr-21546","9":"pa_region-schweiz","10":"pa_sprache-fr","12":"first","13":"onbackorder","14":"taxable","15":"shipping-taxable","16":"purchasable","17":"product-type-simple"},"_links":{"self":[{"href":"https:\/\/pizbube.ch\/en\/wp-json\/wp\/v2\/product\/147167","targetHints":{"allow":["GET"]}}],"collection":[{"href":"https:\/\/pizbube.ch\/en\/wp-json\/wp\/v2\/product"}],"about":[{"href":"https:\/\/pizbube.ch\/en\/wp-json\/wp\/v2\/types\/product"}],"wp:featuredmedia":[{"embeddable":true,"href":"https:\/\/pizbube.ch\/en\/wp-json\/wp\/v2\/media\/168422"}],"wp:attachment":[{"href":"https:\/\/pizbube.ch\/en\/wp-json\/wp\/v2\/media?parent=147167"}],"wp:term":[{"taxonomy":"product_brand","embeddable":true,"href":"https:\/\/pizbube.ch\/en\/wp-json\/wp\/v2\/product_brand?post=147167"},{"taxonomy":"product_cat","embeddable":true,"href":"https:\/\/pizbube.ch\/en\/wp-json\/wp\/v2\/product_cat?post=147167"},{"taxonomy":"product_tag","embeddable":true,"href":"https:\/\/pizbube.ch\/en\/wp-json\/wp\/v2\/product_tag?post=147167"}],"curies":[{"name":"wp","href":"https:\/\/api.w.org\/{rel}","templated":true}]}}