{"id":147172,"date":"2021-01-15T10:54:53","date_gmt":"2021-01-15T10:54:53","guid":{"rendered":"https:\/\/codengine3.ch\/?product=import-placeholder-for-202873"},"modified":"2021-01-15T12:40:06","modified_gmt":"2021-01-15T12:40:06","slug":"minya-konka-schneeberge-im-osten-tibets","status":"publish","type":"product","link":"https:\/\/pizbube.ch\/en\/shop\/minya-konka-schneeberge-im-osten-tibets\/","title":{"rendered":"Minya Konka Schneeberge im Osten Tibets"},"content":{"rendered":"<p>Im alten Grenzgebiet von Tibet und China befindet sich am Ostabfall des<br \/>\ntibetischen Hochplateaus eine der sch\u00f6nsten Bergregionen der Welt, die bis in<br \/>\ndie 1930er Jahre zu den letzten wei\u00dfen Flecken auf den Landkarten geh\u00f6rte.<br \/>\nNachdem dieses Alpin- und Naturparadies lange Zeit in Vergessenheit geraten<br \/>\nund durch die politischen Rahmenbedingungen unerreichbar war, werden die<br \/>\nSchneeberge Osttibets heute von chinesischen und internationalen Alpinisten<br \/>\nwiederentdeckt. Das vorliegende Buch f\u00fchrt erstmals im deutschsprachigen Raum<br \/>\nden Leser in umfassender Weise in diese au\u00dferordentlich reizvolle<br \/>\nGebirgsregion und beschreibt die Wege der fr\u00fchen Entdecker und Besteiger.  <\/p>\n<p>Insgesamt 12 Bergregionen in Osttibet (vom Kawagebo im S\u00fcdwesten, \u00fcber den<br \/>\nAmnye Machen im Norden bis zum Xubao Ding im Nordosten) mit dem Minya Konka<br \/>\nals zentraler Bergregion werden vorgestellt. 2 \u00dcbersichtskarten, 15<br \/>\nPanoramakarten sowie 12 Detailkarten im Ma\u00dfstab 1:100.000 verschaffen auf<br \/>\nanschauliche Weise Orientierung.<\/p>","protected":false},"excerpt":{"rendered":"<p>Im alten Grenzgebiet von Tibet und China befindet sich am Ostabfall des tibetischen Hochplateaus eine der sch\u00f6nsten Bergregionen der Welt, die bis in die 1930er Jahre zu den letzten wei\u00dfen Flecken auf den Landkarten geh\u00f6rte. Nachdem dieses Alpin- und Naturparadies lange Zeit in Vergessenheit geraten und durch die politischen Rahmenbedingungen unerreichbar war, werden die Schneeberge [&#8230;]\n","protected":false},"featured_media":30339,"template":"","meta":[],"product_brand":[],"product_cat":[21542],"product_tag":[],"class_list":{"0":"post-147172","1":"product","2":"type-product","3":"status-publish","4":"has-post-thumbnail","6":"product_cat-sachbuecher-dokumentationen","7":"pa_autor-brandtner","8":"pa_erscheinungsjahr-21763","9":"pa_region-asien","10":"pa_sprache-de","12":"first","13":"outofstock","14":"taxable","15":"shipping-taxable","16":"purchasable","17":"product-type-simple"},"_links":{"self":[{"href":"https:\/\/pizbube.ch\/en\/wp-json\/wp\/v2\/product\/147172","targetHints":{"allow":["GET"]}}],"collection":[{"href":"https:\/\/pizbube.ch\/en\/wp-json\/wp\/v2\/product"}],"about":[{"href":"https:\/\/pizbube.ch\/en\/wp-json\/wp\/v2\/types\/product"}],"wp:featuredmedia":[{"embeddable":true,"href":"https:\/\/pizbube.ch\/en\/wp-json\/wp\/v2\/media\/30339"}],"wp:attachment":[{"href":"https:\/\/pizbube.ch\/en\/wp-json\/wp\/v2\/media?parent=147172"}],"wp:term":[{"taxonomy":"product_brand","embeddable":true,"href":"https:\/\/pizbube.ch\/en\/wp-json\/wp\/v2\/product_brand?post=147172"},{"taxonomy":"product_cat","embeddable":true,"href":"https:\/\/pizbube.ch\/en\/wp-json\/wp\/v2\/product_cat?post=147172"},{"taxonomy":"product_tag","embeddable":true,"href":"https:\/\/pizbube.ch\/en\/wp-json\/wp\/v2\/product_tag?post=147172"}],"curies":[{"name":"wp","href":"https:\/\/api.w.org\/{rel}","templated":true}]}}