{"id":147175,"date":"2021-01-15T10:54:53","date_gmt":"2021-01-15T10:54:53","guid":{"rendered":"https:\/\/codengine3.ch\/?product=import-placeholder-for-205337"},"modified":"2021-01-15T14:40:28","modified_gmt":"2021-01-15T14:40:28","slug":"die-alpen-tibets-oestlich-des-himalaya","status":"publish","type":"product","link":"https:\/\/pizbube.ch\/en\/shop\/die-alpen-tibets-oestlich-des-himalaya\/","title":{"rendered":"Die Alpen Tibets \u00d6stlich des Himalaya"},"content":{"rendered":"<p>\u00d6stlich des Himalaya befindet sich eine in der westlichen Welt nahezu<br \/>\nunbekannte Gebirgslandschaft, die an Sch\u00f6nheit und Gro\u00dfartigkeit ihresgleichen<br \/>\nsucht. Fast 200 Sechstausender sind noch unbestiegen. Ambitionierten<br \/>\nBergsteigern bieten sich unz\u00e4hlige Erstbegehungsrouten. Bergwanderer k\u00f6nnen<br \/>\nauf alten Handels- und Pilgerpfaden den Spuren buddhistischer Heiliger und<br \/>\nchristlicher Missionare folgen, alte Kl\u00f6ster und katholische Kirchen entdecken<br \/>\nund dabei spektakul\u00e4re Aussichten auf vergletscherte Gipfel genie\u00dfen.  <\/p>\n<p>Erstmals im deutschsprachigen Raum wird ein umfassender \u00dcberblick \u00fcber dieses<br \/>\ntraumhafte Gebiet gegeben. Tamotsu Nakamura l\u00e4\u00dft den Leser in sehr<br \/>\ninformativer und kurzweiliger Form an seinen 30 Expeditionen nach Osttibet<br \/>\nteilhaben und vermittelt dabei \u00e4u\u00dferst eindrucksvoll mit seinen hervorragenden<br \/>\nund in dieser F\u00fclle einzigartigen Fotos sowie zahlreichen Detail- und<br \/>\nPanoramakarten die Faszination der Alpen Tibets.  <\/p>","protected":false},"excerpt":{"rendered":"<p>\u00d6stlich des Himalaya befindet sich eine in der westlichen Welt nahezu unbekannte Gebirgslandschaft, die an Sch\u00f6nheit und Gro\u00dfartigkeit ihresgleichen sucht. Fast 200 Sechstausender sind noch unbestiegen. Ambitionierten Bergsteigern bieten sich unz\u00e4hlige Erstbegehungsrouten. Bergwanderer k\u00f6nnen auf alten Handels- und Pilgerpfaden den Spuren buddhistischer Heiliger und christlicher Missionare folgen, alte Kl\u00f6ster und katholische Kirchen entdecken und dabei [&#8230;]\n","protected":false},"featured_media":34010,"template":"","meta":[],"product_brand":[],"product_cat":[21542],"product_tag":[],"class_list":{"0":"post-147175","1":"product","2":"type-product","3":"status-publish","4":"has-post-thumbnail","6":"product_cat-sachbuecher-dokumentationen","7":"pa_autor-nakamura","8":"pa_erscheinungsjahr-21591","9":"pa_region-asien","10":"pa_sprache-de","12":"first","13":"outofstock","14":"taxable","15":"shipping-taxable","16":"purchasable","17":"product-type-simple"},"_links":{"self":[{"href":"https:\/\/pizbube.ch\/en\/wp-json\/wp\/v2\/product\/147175","targetHints":{"allow":["GET"]}}],"collection":[{"href":"https:\/\/pizbube.ch\/en\/wp-json\/wp\/v2\/product"}],"about":[{"href":"https:\/\/pizbube.ch\/en\/wp-json\/wp\/v2\/types\/product"}],"wp:featuredmedia":[{"embeddable":true,"href":"https:\/\/pizbube.ch\/en\/wp-json\/wp\/v2\/media\/34010"}],"wp:attachment":[{"href":"https:\/\/pizbube.ch\/en\/wp-json\/wp\/v2\/media?parent=147175"}],"wp:term":[{"taxonomy":"product_brand","embeddable":true,"href":"https:\/\/pizbube.ch\/en\/wp-json\/wp\/v2\/product_brand?post=147175"},{"taxonomy":"product_cat","embeddable":true,"href":"https:\/\/pizbube.ch\/en\/wp-json\/wp\/v2\/product_cat?post=147175"},{"taxonomy":"product_tag","embeddable":true,"href":"https:\/\/pizbube.ch\/en\/wp-json\/wp\/v2\/product_tag?post=147175"}],"curies":[{"name":"wp","href":"https:\/\/api.w.org\/{rel}","templated":true}]}}