{"id":147183,"date":"2021-01-15T10:54:53","date_gmt":"2021-01-15T10:54:53","guid":{"rendered":"https:\/\/codengine3.ch\/?product=import-placeholder-for-203857"},"modified":"2021-01-15T14:27:16","modified_gmt":"2021-01-15T14:27:16","slug":"achttausend-drueber-und-drunter","status":"publish","type":"product","link":"https:\/\/pizbube.ch\/en\/shop\/achttausend-drueber-und-drunter\/","title":{"rendered":"Achttausend dr\u00fcber und drunter"},"content":{"rendered":"<p>Er war ein Star des Sports: der einzigartige Hermann Buhl, Erstbesteiger von<br \/>\nzwei Achttausendern, dem man durch die erstmals vollst\u00e4ndig ver\u00f6ffentlichten<br \/>\nTageb\u00fccher sehr nahekommt.  <\/p>\n<p>Der Innsbrucker Hermann Buhl (1924-1957), der als zehnj\u00e4hriger seinen ersten<br \/>\nBerg bestieg, wurde 1953 Mitglied der deutschen Nanga-Parbat-Expedition. Vom<br \/>\nersten Tag an schrieb er Tagebuch. Nach einem siebzehnst\u00fcndigen Alleingang<br \/>\nerreichte er am 3. Juli 1953 den 8125 m hohen Gipfel und bezwang damit ein<br \/>\nJahr vor dem Fu\u00dfball-Wunder von Bern den Schicksalsberg der Deutschen. Buhl<br \/>\nwurde zum Star, sein Buch \u00fcber seine Anf\u00e4nge, fr\u00fchen Erfolge und den Triumph<br \/>\nam Nanga Parbat zum Bestseller.<\/p>\n<p>Doch erst ein halbes Jahrhundert sp\u00e4ter werden Buhls Aufzeichnungen von Nanga<br \/>\nParbat, Broad Peak und Chogolisa erstmals vollst\u00e4ndig der \u00d6ffentlichkeit<br \/>\nzug\u00e4nglich gemacht: eine Sensation in der Bergliteratur. Autorisiert von<br \/>\nHermann Buhls Witwe, kommentiert sie Kurt Diemberger, der Buhl als letzter<br \/>\nlebend sah und dessen tragisches Ende an der Chogolisa schildern konnte.<br \/>\nMit den Tageb\u00fcchern von Nanga Parbat, Broad Peak und Chogolisa.<br \/>\nTaschenbuchausgabe; 5. Auflg.<\/p>","protected":false},"excerpt":{"rendered":"<p>Er war ein Star des Sports: der einzigartige Hermann Buhl, Erstbesteiger von zwei Achttausendern, dem man durch die erstmals vollst\u00e4ndig ver\u00f6ffentlichten Tageb\u00fccher sehr nahekommt. Der Innsbrucker Hermann Buhl (1924-1957), der als zehnj\u00e4hriger seinen ersten Berg bestieg, wurde 1953 Mitglied der deutschen Nanga-Parbat-Expedition. Vom ersten Tag an schrieb er Tagebuch. Nach einem siebzehnst\u00fcndigen Alleingang erreichte er [&#8230;]\n","protected":false},"featured_media":32588,"template":"","meta":[],"product_brand":[],"product_cat":[21542],"product_tag":[],"class_list":{"0":"post-147183","1":"product","2":"type-product","3":"status-publish","4":"has-post-thumbnail","6":"product_cat-sachbuecher-dokumentationen","7":"pa_autor-buhl","8":"pa_erscheinungsjahr-21568","9":"pa_region-deutschland","10":"pa_sprache-de","12":"first","13":"instock","14":"taxable","15":"shipping-taxable","16":"purchasable","17":"product-type-simple"},"_links":{"self":[{"href":"https:\/\/pizbube.ch\/en\/wp-json\/wp\/v2\/product\/147183","targetHints":{"allow":["GET"]}}],"collection":[{"href":"https:\/\/pizbube.ch\/en\/wp-json\/wp\/v2\/product"}],"about":[{"href":"https:\/\/pizbube.ch\/en\/wp-json\/wp\/v2\/types\/product"}],"wp:featuredmedia":[{"embeddable":true,"href":"https:\/\/pizbube.ch\/en\/wp-json\/wp\/v2\/media\/32588"}],"wp:attachment":[{"href":"https:\/\/pizbube.ch\/en\/wp-json\/wp\/v2\/media?parent=147183"}],"wp:term":[{"taxonomy":"product_brand","embeddable":true,"href":"https:\/\/pizbube.ch\/en\/wp-json\/wp\/v2\/product_brand?post=147183"},{"taxonomy":"product_cat","embeddable":true,"href":"https:\/\/pizbube.ch\/en\/wp-json\/wp\/v2\/product_cat?post=147183"},{"taxonomy":"product_tag","embeddable":true,"href":"https:\/\/pizbube.ch\/en\/wp-json\/wp\/v2\/product_tag?post=147183"}],"curies":[{"name":"wp","href":"https:\/\/api.w.org\/{rel}","templated":true}]}}