{"id":147184,"date":"2021-01-15T10:54:53","date_gmt":"2021-01-15T10:54:53","guid":{"rendered":"https:\/\/codengine3.ch\/?product=import-placeholder-for-207821"},"modified":"2024-05-11T09:32:06","modified_gmt":"2024-05-11T07:32:06","slug":"chronik-der-erschliessung-des-nanga-parbat-und-der-naeheren-umgebung","status":"publish","type":"product","link":"https:\/\/pizbube.ch\/en\/shop\/chronik-der-erschliessung-des-nanga-parbat-und-der-naeheren-umgebung\/","title":{"rendered":"Chronik der Erschlie\u00dfung des Nanga Parbat und der n\u00e4heren Umgebung"},"content":{"rendered":"<p>Der Chronist Wolfgang Heichel arbeitete \u00fcber Jahre hinweg an seinem<br \/>\n&#171;Meisterst\u00fcck&#187;: nachdem in den vergangenen Jahren Chroniken zur Erschlie\u00dfung<br \/>\ndes Karakorum publiziert worden sind, erscheint zum 60. Jubil\u00e4um der Nanga<br \/>\nParbat-Erstbesteigung eine Chronik zur Erschlie\u00dfungsgeschichte des Berges, wie<br \/>\nsie in diesem Umfang und in dieser Ausf\u00fchrlichkeit noch nicht erschienen ist:<br \/>\nmit sehr viel Akribie und noch mehr Geduld hat Wolfgang Heichel eine Unmenge<br \/>\nan Informationen zusammengetragen.<\/p>\n<p>Die bekannte Geschichte des Nanga Parbat umfasst rund zwei Jahrhunderte.<br \/>\nObwohl die Berichte \u00fcber die Unternehmungen im 19. Jahrhundert nur schwer<br \/>\naufzufinden sind, ist es Wolfgang Heichel gelungen, die wichtigen Dokumente<br \/>\ndieser Zeit zusammenzutragen: historische Berichte, Kartenskizzen,<br \/>\nZeichnungen. Der H\u00f6hepunkt dieses Teils des Buches ist der Bericht \u00fcber die<br \/>\nExpedition von Albert Mummery im Jahr 1895, der den ersten Besteigungsversuch<br \/>\nam Nanga Parbat unternahm und anschlie\u00dfend mit zwei Helfern am Berg spurlos<br \/>\nverschwand. Bevor<br \/>\nWolfgang Heichel zu den Expeditionen an bestimmten Flanken des Berges kommt,<br \/>\ndokumentiert er weitere Expeditionen, die sich dem Gebirgsstocks als Ganzes<br \/>\noder seiner Umgebung gewidmet hatten. Hier und auch bei den folgend<br \/>\nbeschriebenen Expeditionen an bestimmten Bergflanken ist der Anhang des Buches<br \/>\nn\u00fctzlich, der mit Landkarten, Gipfellisten undPanorama-Fotos dietopografischen<br \/>\nVerh\u00e4ltnisse deutlich macht.<\/p>\n<p>Mit 4 Karten, 447 Abbildungen, Kartenskizzen und Panoramen, 415 S.<\/p>","protected":false},"excerpt":{"rendered":"<p>Der Chronist Wolfgang Heichel arbeitete \u00fcber Jahre hinweg an seinem &#171;Meisterst\u00fcck&#187;: nachdem in den vergangenen Jahren Chroniken zur Erschlie\u00dfung des Karakorum publiziert worden sind, erscheint zum 60. Jubil\u00e4um der Nanga Parbat-Erstbesteigung eine Chronik zur Erschlie\u00dfungsgeschichte des Berges, wie sie in diesem Umfang und in dieser Ausf\u00fchrlichkeit noch nicht erschienen ist: mit sehr viel Akribie und [&#8230;]\n","protected":false},"featured_media":38548,"template":"","meta":[],"product_brand":[],"product_cat":[21542],"product_tag":[],"class_list":{"0":"post-147184","1":"product","2":"type-product","3":"status-publish","4":"has-post-thumbnail","6":"product_cat-sachbuecher-dokumentationen","7":"pa_autor-heichel","8":"pa_erscheinungsjahr-21568","9":"pa_region-deutschland","10":"pa_sprache-de","12":"first","13":"outofstock","14":"taxable","15":"shipping-taxable","16":"purchasable","17":"product-type-simple"},"_links":{"self":[{"href":"https:\/\/pizbube.ch\/en\/wp-json\/wp\/v2\/product\/147184","targetHints":{"allow":["GET"]}}],"collection":[{"href":"https:\/\/pizbube.ch\/en\/wp-json\/wp\/v2\/product"}],"about":[{"href":"https:\/\/pizbube.ch\/en\/wp-json\/wp\/v2\/types\/product"}],"wp:featuredmedia":[{"embeddable":true,"href":"https:\/\/pizbube.ch\/en\/wp-json\/wp\/v2\/media\/38548"}],"wp:attachment":[{"href":"https:\/\/pizbube.ch\/en\/wp-json\/wp\/v2\/media?parent=147184"}],"wp:term":[{"taxonomy":"product_brand","embeddable":true,"href":"https:\/\/pizbube.ch\/en\/wp-json\/wp\/v2\/product_brand?post=147184"},{"taxonomy":"product_cat","embeddable":true,"href":"https:\/\/pizbube.ch\/en\/wp-json\/wp\/v2\/product_cat?post=147184"},{"taxonomy":"product_tag","embeddable":true,"href":"https:\/\/pizbube.ch\/en\/wp-json\/wp\/v2\/product_tag?post=147184"}],"curies":[{"name":"wp","href":"https:\/\/api.w.org\/{rel}","templated":true}]}}