{"id":147186,"date":"2021-01-15T10:54:53","date_gmt":"2021-01-15T10:54:53","guid":{"rendered":"https:\/\/codengine3.ch\/?product=import-placeholder-for-203696"},"modified":"2021-01-15T14:25:46","modified_gmt":"2021-01-15T14:25:46","slug":"nanga-parbat-dvd","status":"publish","type":"product","link":"https:\/\/pizbube.ch\/en\/shop\/nanga-parbat-dvd\/","title":{"rendered":"Nanga Parbat DVD"},"content":{"rendered":"<p>Diese Expedition war einer der H\u00f6hepunkte beim historischen Sturm auf die<br \/>\nh\u00f6chsten Gipfel der Erde &#8211; Ziel: der Nanga Parbat. Von einem H\u00f6henlager in<br \/>\n6.100 Metern wagt eine kleine Gruppe einen Vorsto\u00df zum Gipfel. Da bricht der<br \/>\nMonsum herein! Der Gipfelsturm scheitert. Doch Hermann Buhl versucht es im<br \/>\nAlleingang &#8211; und schafft es! Er hi\u00dft die pakistanische Flagge auf dem Gipfel.<br \/>\nDie packende Dokumentation ist auch ein cineastisches Juwel, das unter<br \/>\nh\u00e4rtesten Bedingungen entstand. Zu verdanken ist es Hans Ertl, der f\u00fcr Kamera<br \/>\nund Regie verantwortlich zeichnete. DVD ca. 90 Min.  <\/p>","protected":false},"excerpt":{"rendered":"<p>Diese Expedition war einer der H\u00f6hepunkte beim historischen Sturm auf die h\u00f6chsten Gipfel der Erde &#8211; Ziel: der Nanga Parbat. Von einem H\u00f6henlager in 6.100 Metern wagt eine kleine Gruppe einen Vorsto\u00df zum Gipfel. Da bricht der Monsum herein! Der Gipfelsturm scheitert. Doch Hermann Buhl versucht es im Alleingang &#8211; und schafft es! Er hi\u00dft [&#8230;]\n","protected":false},"featured_media":31357,"template":"","meta":[],"product_brand":[],"product_cat":[21628],"product_tag":[],"class_list":{"0":"post-147186","1":"product","2":"type-product","3":"status-publish","4":"has-post-thumbnail","6":"product_cat-video-dvd-multimedia","7":"pa_autor-ertl","8":"pa_erscheinungsjahr-1953-2003","9":"pa_region-asien","10":"pa_sprache-de","12":"first","13":"instock","14":"taxable","15":"shipping-taxable","16":"purchasable","17":"product-type-simple"},"_links":{"self":[{"href":"https:\/\/pizbube.ch\/en\/wp-json\/wp\/v2\/product\/147186","targetHints":{"allow":["GET"]}}],"collection":[{"href":"https:\/\/pizbube.ch\/en\/wp-json\/wp\/v2\/product"}],"about":[{"href":"https:\/\/pizbube.ch\/en\/wp-json\/wp\/v2\/types\/product"}],"wp:featuredmedia":[{"embeddable":true,"href":"https:\/\/pizbube.ch\/en\/wp-json\/wp\/v2\/media\/31357"}],"wp:attachment":[{"href":"https:\/\/pizbube.ch\/en\/wp-json\/wp\/v2\/media?parent=147186"}],"wp:term":[{"taxonomy":"product_brand","embeddable":true,"href":"https:\/\/pizbube.ch\/en\/wp-json\/wp\/v2\/product_brand?post=147186"},{"taxonomy":"product_cat","embeddable":true,"href":"https:\/\/pizbube.ch\/en\/wp-json\/wp\/v2\/product_cat?post=147186"},{"taxonomy":"product_tag","embeddable":true,"href":"https:\/\/pizbube.ch\/en\/wp-json\/wp\/v2\/product_tag?post=147186"}],"curies":[{"name":"wp","href":"https:\/\/api.w.org\/{rel}","templated":true}]}}