{"id":147187,"date":"2021-01-15T10:54:53","date_gmt":"2021-01-15T10:54:53","guid":{"rendered":"https:\/\/codengine3.ch\/?product=import-placeholder-for-202439"},"modified":"2022-09-07T12:48:17","modified_gmt":"2022-09-07T10:48:17","slug":"karl-maria-herrligkoffer","status":"publish","type":"product","link":"https:\/\/pizbube.ch\/en\/shop\/karl-maria-herrligkoffer\/","title":{"rendered":"Karl Maria Herrligkoffer"},"content":{"rendered":"<p>Besessen, sieghaft, umstritten<\/p>\n<p>Herrligkoffer leitete im Verlauf von 33 Jahren 20 Expeditionen vorzugsweise in<br \/>\nden Himalaja und in das Karakorum, die zu den erfolgreichsten ihrer Zeit<br \/>\ngeh\u00f6rten. Zum zehnten Todesjahr erscheint nun dieses Buch \u00fcber eine wichtige<br \/>\nPhase des klassischen (nicht nur deutschen) Expeditionsbergsteigens.<br \/>\nObwohl Karl Maria Herrligkoffer kein Extrembergsteiger war, leitete er von<br \/>\n1953 bis 1986 zwanzig Expeditionen, die h\u00e4ufig mit beeindruckenden<br \/>\nErstbesteigungen und Neurouten heimkehrten. Als Person umstritten und mit den<br \/>\nvon ihm angeheuerten Spitzenbergsteigern oftmals im Streit, geh\u00f6rte er zu den<br \/>\nbedeutendsten Figuren im klassischen Expeditionsbergsteigen, insbesondere am<br \/>\n&#8218;Schicksalsberg der Deutschen&#8216;, dem Nanga Parbat.<\/p>\n<p><span class=\"value\">Karl Maria Herrligkoffer: Der Pionier des Expeditionsbergsteigens Man muss sich die ungeheuren Erfolge Herrligkoffers ins Ged\u00e4chtnis rufen, um zu begreifen, was dieser Mann auf seiner Habenseite verbuchen konnte. Allerdings musste er diese Erfolge mit den \u00abGipfelsiegern\u00bb (so bezeichnete er sie gern) Buhl, Kinshofer, Mannhardt, den Br\u00fcdern Messner, Kuen, Scholz, Engl,Ritter, B\u00fchler, Kukuczka teilen. Weil er besteigen liess. Er holte sich die Besten, musste sie rekrutieren. Denn selbst war er nicht in der Lage, die Achttausendergipfel zu erreichen, von denen er seit seiner Jugend tr\u00e4umte &#8211; seit sein Halbbruder Willy Merkl nicht mehr von ihnen zur\u00fcckkam. <\/span><\/p>\n<p><span class=\"value\">Trotzdem: Die Erstersteigung des Nanga Parbat, die erste Zweitroute an diesem Berg, die erste Durchkletterung der h\u00f6chsten Steilwand der Erde, der Nanga-Rupalwand, der erste Deutsche ohne Sauerstoff aus der Flasche auf dem Mount Everest, die erste Ersteigung des Nanga-Parbat-Ostpfeilers, eine Neuroute an der S\u00fcdwand des K 2 &#8211; all dies ist auch Herrligkoffers Werk. Er t\u00fcftelte anhand von Fotos und vorOrt in der Theorie machbare Anstiege aus, und diese erwiesen sich meist auch in der Praxis f\u00fcr die angeheuerten Spitzenbergsteiger als realisierbar. Herrligkoffer-Unternehmungen verliefen nicht immer erfolgreich aber doch oft. Trotz Auseinandersetzungen zwischen dem Leiter und seinen Alpinisten, die bereits am Berg zu keimen begannen und nach Abschluss der Expeditionen eskalierten. Herrligkoffer hatte die althergebrachten Expeditionsvertr\u00e4ge einfach \u00fcbernommen. Autorit\u00e4r teilte er ein, wer wo und wann Vortr\u00e4ge zu halten habe und vor allem sicherte er sich selbst das Recht f\u00fcr den offiziellenExpeditionsbericht. Mit ausgepr\u00e4gten Individualisten und h\u00f6chst qualifizierten Leistungstr\u00e4gern im Team wie Hermann Buhl, Reinhold Messner oder Doug Scott konnte er das so nicht handhaben &#8230;<\/span><\/p>\n<div class=\"biblioPages\"><span class=\"value\">320 Seiten<\/span><\/div>\n<div class=\"biblioDimensions\"><span class=\"key\">Masse: <\/span><span class=\"value\">Breite 170 mm, H\u00f6he 240 mm, Dicke 32 mm<\/span><\/div>\n<div class=\"biblioWeight\"><span class=\"key\">Gewicht<\/span><span class=\"value\">700 g<\/span><\/div>\n<div class=\"biblioIllustations\"><span class=\"key\">Illustrationen: <\/span><span class=\"value\">120 Abb. s\/w, vierfarbig<\/span><\/div>","protected":false},"excerpt":{"rendered":"<p>Besessen, sieghaft, umstritten Herrligkoffer leitete im Verlauf von 33 Jahren 20 Expeditionen vorzugsweise in den Himalaja und in das Karakorum, die zu den erfolgreichsten ihrer Zeit geh\u00f6rten. Zum zehnten Todesjahr erscheint nun dieses Buch \u00fcber eine wichtige Phase des klassischen (nicht nur deutschen) Expeditionsbergsteigens. Obwohl Karl Maria Herrligkoffer kein Extrembergsteiger war, leitete er von 1953 [&#8230;]\n","protected":false},"featured_media":29827,"template":"","meta":[],"product_brand":[],"product_cat":[21542],"product_tag":[],"class_list":{"0":"post-147187","1":"product","2":"type-product","3":"status-publish","4":"has-post-thumbnail","6":"product_cat-sachbuecher-dokumentationen","7":"pa_autor-hoefler-messner","8":"pa_erscheinungsjahr-21610","9":"pa_region-deutschland","10":"pa_sprache-de","12":"first","13":"onbackorder","14":"taxable","15":"shipping-taxable","16":"purchasable","17":"product-type-simple"},"_links":{"self":[{"href":"https:\/\/pizbube.ch\/en\/wp-json\/wp\/v2\/product\/147187","targetHints":{"allow":["GET"]}}],"collection":[{"href":"https:\/\/pizbube.ch\/en\/wp-json\/wp\/v2\/product"}],"about":[{"href":"https:\/\/pizbube.ch\/en\/wp-json\/wp\/v2\/types\/product"}],"wp:featuredmedia":[{"embeddable":true,"href":"https:\/\/pizbube.ch\/en\/wp-json\/wp\/v2\/media\/29827"}],"wp:attachment":[{"href":"https:\/\/pizbube.ch\/en\/wp-json\/wp\/v2\/media?parent=147187"}],"wp:term":[{"taxonomy":"product_brand","embeddable":true,"href":"https:\/\/pizbube.ch\/en\/wp-json\/wp\/v2\/product_brand?post=147187"},{"taxonomy":"product_cat","embeddable":true,"href":"https:\/\/pizbube.ch\/en\/wp-json\/wp\/v2\/product_cat?post=147187"},{"taxonomy":"product_tag","embeddable":true,"href":"https:\/\/pizbube.ch\/en\/wp-json\/wp\/v2\/product_tag?post=147187"}],"curies":[{"name":"wp","href":"https:\/\/api.w.org\/{rel}","templated":true}]}}