{"id":147189,"date":"2021-01-15T10:54:53","date_gmt":"2021-01-15T10:54:53","guid":{"rendered":"https:\/\/codengine3.ch\/?product=import-placeholder-for-204165"},"modified":"2023-02-24T10:06:22","modified_gmt":"2023-02-24T09:06:22","slug":"nanga-parbat-wahrheit-und-wahn-des-alpinismus","status":"publish","type":"product","link":"https:\/\/pizbube.ch\/en\/shop\/nanga-parbat-wahrheit-und-wahn-des-alpinismus\/","title":{"rendered":"Nanga Parbat &#8211; Wahrheit und Wahn des Alpinismus"},"content":{"rendered":"<p>Kein Achttausender ist so tief verstrickt in die deutsche und alpine<br \/>\nGeschichte wie der 8125 hohe Nanga Parbat im westlichen Himalaya, der<br \/>\nneunth\u00f6chste Berg der Welt. In einer gekonnten Mischung aus Bergreportage und<br \/>\nHintergrundschilderungen, gest\u00fctzt auf zeitgen\u00f6ssischen Berichte, Briefe und<br \/>\nTageb\u00fccher, erweckt Ralf-Peter M\u00e4rtin ein packendes Kapitel des Abenteuers<br \/>\nBerg zum Leben. Er l\u00f6st die ungekl\u00e4rten R\u00e4tsel des Nanga Parbat und erz\u00e4hlt<br \/>\nmit den Biografien der Bergsteiger die Geschichte des Alpinismus der letzten<br \/>\n200 Jahre neu.<\/p>\n<p>Der Nanga Parbat, der \u00bbSchicksalsberg der Deutschen\u00ab: In einer gekonnten<br \/>\nMischung aus Bergreportage und Hintergrundschilderung, gest\u00fctzt auf<br \/>\nzeitgen\u00f6ssische Berichte, Briefe und Tageb\u00fccher, erweckt Ralf-Peter M\u00e4rtin ein<br \/>\npackendes Kapitel des Abenteuers Berg zum Leben und erz\u00e4hlt die Geschichte des<br \/>\nAlpinismus neu: t\u00f6dliche Dramen von Ehrgeiz und Eitelkeit ? und von<br \/>\n\u00fcbermenschlicher Kraft und Leistung zugleich. Vom ersten Versuch des<br \/>\nEngl\u00e4nders Mummery mit Tweedjacke und Hanfseil zum \u00bbalpinen Stalingrad\u00ab des<br \/>\nDritten Reichs, vom Triumph des Erstbesteigers Hermann Buhl 1953 zur Trag\u00f6die<br \/>\nder Messner-Br\u00fcder und dar\u00fcber hinaus.<br \/>\n(Taschenbuchausgabe)<\/p>","protected":false},"excerpt":{"rendered":"<p>Kein Achttausender ist so tief verstrickt in die deutsche und alpine Geschichte wie der 8125 hohe Nanga Parbat im westlichen Himalaya, der neunth\u00f6chste Berg der Welt. In einer gekonnten Mischung aus Bergreportage und Hintergrundschilderungen, gest\u00fctzt auf zeitgen\u00f6ssischen Berichte, Briefe und Tageb\u00fccher, erweckt Ralf-Peter M\u00e4rtin ein packendes Kapitel des Abenteuers Berg zum Leben. Er l\u00f6st die [&#8230;]\n","protected":false},"featured_media":32809,"template":"","meta":[],"product_brand":[],"product_cat":[21542],"product_tag":[],"class_list":{"0":"post-147189","1":"product","2":"type-product","3":"status-publish","4":"has-post-thumbnail","6":"product_cat-sachbuecher-dokumentationen","7":"pa_autor-martin","8":"pa_erscheinungsjahr-21550","9":"pa_region-deutschland","10":"pa_sprache-de","12":"first","13":"outofstock","14":"taxable","15":"shipping-taxable","16":"purchasable","17":"product-type-simple"},"_links":{"self":[{"href":"https:\/\/pizbube.ch\/en\/wp-json\/wp\/v2\/product\/147189","targetHints":{"allow":["GET"]}}],"collection":[{"href":"https:\/\/pizbube.ch\/en\/wp-json\/wp\/v2\/product"}],"about":[{"href":"https:\/\/pizbube.ch\/en\/wp-json\/wp\/v2\/types\/product"}],"wp:featuredmedia":[{"embeddable":true,"href":"https:\/\/pizbube.ch\/en\/wp-json\/wp\/v2\/media\/32809"}],"wp:attachment":[{"href":"https:\/\/pizbube.ch\/en\/wp-json\/wp\/v2\/media?parent=147189"}],"wp:term":[{"taxonomy":"product_brand","embeddable":true,"href":"https:\/\/pizbube.ch\/en\/wp-json\/wp\/v2\/product_brand?post=147189"},{"taxonomy":"product_cat","embeddable":true,"href":"https:\/\/pizbube.ch\/en\/wp-json\/wp\/v2\/product_cat?post=147189"},{"taxonomy":"product_tag","embeddable":true,"href":"https:\/\/pizbube.ch\/en\/wp-json\/wp\/v2\/product_tag?post=147189"}],"curies":[{"name":"wp","href":"https:\/\/api.w.org\/{rel}","templated":true}]}}