{"id":147190,"date":"2021-01-15T10:54:53","date_gmt":"2021-01-15T10:54:53","guid":{"rendered":"https:\/\/codengine3.ch\/?product=import-placeholder-for-200169"},"modified":"2021-01-15T10:54:58","modified_gmt":"2021-01-15T10:54:58","slug":"steile-welt-leben-im-onsernone","status":"publish","type":"product","link":"https:\/\/pizbube.ch\/en\/shop\/steile-welt-leben-im-onsernone\/","title":{"rendered":"Steile Welt &#8211; Leben im Onsernone"},"content":{"rendered":"<p>\nDas Onsernonetal:<br \/>\nTal der Frauen, Tal der Stille, Tal der Tr\u00e4ume. Dreihundert Kurven, zwei<br \/>\nL\u00e4den, das Postauto. Die steile Welt im Tessin bietet nicht viel an<br \/>\nAufstiegsm\u00f6glichkeiten, was die Einheimischen zur Abkehr zwingt. Rund f\u00fcnfzehn<br \/>\nMenschen berichten von Armut und Beschwerlichkeit, Aufschwung und Niedergang,<br \/>\nAuswanderung und Widerstand.<\/p>\n<p>Pers\u00f6nliche Eindr\u00fccke der Autorin leiten jedes Kapitel ein, bevor die Bewohner<br \/>\nausf\u00fchrlich aus ihrem Leben erz\u00e4hlen. Zum Ausdruck kommt die ungeheure<br \/>\nWillenskraft der Leute, welche ausgeharrt haben oder wieder hierher<br \/>\nzur\u00fcckgekehrt sind &#8211; zugleich erm\u00f6glichen die Schilderungen einen Einblick in<br \/>\nden kulturellen Reichtum dieser Region. Die Autorin setzt mit &#171;Steile Welt&#187;<br \/>\nein stimmungsvolles Zeichen, damit das Leben in diesem abgelegenen wie<br \/>\ngeschichtstr\u00e4chtigen Tessiner Tal weitergeht.<\/p>","protected":false},"excerpt":{"rendered":"<p>Das Onsernonetal: Tal der Frauen, Tal der Stille, Tal der Tr\u00e4ume. Dreihundert Kurven, zwei L\u00e4den, das Postauto. Die steile Welt im Tessin bietet nicht viel an Aufstiegsm\u00f6glichkeiten, was die Einheimischen zur Abkehr zwingt. Rund f\u00fcnfzehn Menschen berichten von Armut und Beschwerlichkeit, Aufschwung und Niedergang, Auswanderung und Widerstand. Pers\u00f6nliche Eindr\u00fccke der Autorin leiten jedes Kapitel ein, [&#8230;]\n","protected":false},"featured_media":26108,"template":"","meta":[],"product_brand":[],"product_cat":[21542],"product_tag":[],"class_list":{"0":"post-147190","1":"product","2":"type-product","3":"status-publish","4":"has-post-thumbnail","6":"product_cat-sachbuecher-dokumentationen","7":"pa_autor-stauffer","8":"pa_erscheinungsjahr-21621","9":"pa_region-schweiz","10":"pa_sprache-de","12":"first","13":"instock","14":"taxable","15":"shipping-taxable","16":"purchasable","17":"product-type-simple"},"_links":{"self":[{"href":"https:\/\/pizbube.ch\/en\/wp-json\/wp\/v2\/product\/147190","targetHints":{"allow":["GET"]}}],"collection":[{"href":"https:\/\/pizbube.ch\/en\/wp-json\/wp\/v2\/product"}],"about":[{"href":"https:\/\/pizbube.ch\/en\/wp-json\/wp\/v2\/types\/product"}],"wp:featuredmedia":[{"embeddable":true,"href":"https:\/\/pizbube.ch\/en\/wp-json\/wp\/v2\/media\/26108"}],"wp:attachment":[{"href":"https:\/\/pizbube.ch\/en\/wp-json\/wp\/v2\/media?parent=147190"}],"wp:term":[{"taxonomy":"product_brand","embeddable":true,"href":"https:\/\/pizbube.ch\/en\/wp-json\/wp\/v2\/product_brand?post=147190"},{"taxonomy":"product_cat","embeddable":true,"href":"https:\/\/pizbube.ch\/en\/wp-json\/wp\/v2\/product_cat?post=147190"},{"taxonomy":"product_tag","embeddable":true,"href":"https:\/\/pizbube.ch\/en\/wp-json\/wp\/v2\/product_tag?post=147190"}],"curies":[{"name":"wp","href":"https:\/\/api.w.org\/{rel}","templated":true}]}}