{"id":147192,"date":"2021-01-15T10:54:54","date_gmt":"2021-01-15T10:54:54","guid":{"rendered":"https:\/\/codengine3.ch\/?product=import-placeholder-for-203642"},"modified":"2021-01-15T14:25:13","modified_gmt":"2021-01-15T14:25:13","slug":"locarno-onsernone-centovalli-2","status":"publish","type":"product","link":"https:\/\/pizbube.ch\/en\/shop\/locarno-onsernone-centovalli-2\/","title":{"rendered":"Locarno Onsernone Centovalli"},"content":{"rendered":"<p>Die Buchreihe Berge, Farbe, Empfindungen unterbreitet einen f\u00fcnften Band, \u00fcber<br \/>\ndas Locarnese sowie die T\u00e4ler Onsernone und Centovalli. Es ist dies ein<br \/>\nfarbenpr\u00e4chtiges Fotobuch, ein Werk, dessen Aufnahmen beim Leser einmalige,<br \/>\nfantastische Gef\u00fchle ausl\u00f6sen. Glauco Cugini, begeisterter Alpinist und<br \/>\nKletterer, von Cavigliano, hat es verstanden mit seiner Kamera spezielle,<br \/>\nkontrastreiche Bilder festzuhalten: Ansichten einer besonderen und aus<br \/>\ngewissen Blickwinkeln noch wilden und unbekannten Gegend.<\/p>\n<p>Die ver\u00f6ffentlichen Fotos zeigen eine unverdorbene und spektakul\u00e4re Natur,<br \/>\naber auch menschliche Siedlungen in den T\u00e4lern, historische Stellen, Orte der<br \/>\nBetrachtung, verschneite Gipfel und glatte Kletterw\u00e4nde. Am Schluss des Buches<br \/>\nfinden sich zwei Tourenvorschl\u00e4ge zur Erkundung des Gebietes: das Trekking dei<br \/>\nlaghi und das Trekking dei bagni. Auf dem erstgenannten Trekking entdeckt der<br \/>\nBergwanderer in 5 Tagesetappen eine an Wasserspiegeln reiche Gegend, ein<br \/>\nGebiet, in dem das Gr\u00fcn der Natur mit dem tiefen Blau dieser Perlen der Berge<br \/>\nverschmelzt. Die zweitgenannte Bergwanderwoche, ebenfalls mit 5 Tagesetappen,<br \/>\nstellt leicht h\u00f6here Anforderungen.<\/p>","protected":false},"excerpt":{"rendered":"<p>Die Buchreihe Berge, Farbe, Empfindungen unterbreitet einen f\u00fcnften Band, \u00fcber das Locarnese sowie die T\u00e4ler Onsernone und Centovalli. Es ist dies ein farbenpr\u00e4chtiges Fotobuch, ein Werk, dessen Aufnahmen beim Leser einmalige, fantastische Gef\u00fchle ausl\u00f6sen. Glauco Cugini, begeisterter Alpinist und Kletterer, von Cavigliano, hat es verstanden mit seiner Kamera spezielle, kontrastreiche Bilder festzuhalten: Ansichten einer besonderen [&#8230;]\n","protected":false},"featured_media":31291,"template":"","meta":[],"product_brand":[],"product_cat":[21542],"product_tag":[],"class_list":{"0":"post-147192","1":"product","2":"type-product","3":"status-publish","4":"has-post-thumbnail","6":"product_cat-sachbuecher-dokumentationen","7":"pa_autor-cugini","8":"pa_erscheinungsjahr-21920","9":"pa_region-schweiz","10":"pa_sprache-de","12":"first","13":"instock","14":"taxable","15":"shipping-taxable","16":"purchasable","17":"product-type-simple"},"_links":{"self":[{"href":"https:\/\/pizbube.ch\/en\/wp-json\/wp\/v2\/product\/147192","targetHints":{"allow":["GET"]}}],"collection":[{"href":"https:\/\/pizbube.ch\/en\/wp-json\/wp\/v2\/product"}],"about":[{"href":"https:\/\/pizbube.ch\/en\/wp-json\/wp\/v2\/types\/product"}],"wp:featuredmedia":[{"embeddable":true,"href":"https:\/\/pizbube.ch\/en\/wp-json\/wp\/v2\/media\/31291"}],"wp:attachment":[{"href":"https:\/\/pizbube.ch\/en\/wp-json\/wp\/v2\/media?parent=147192"}],"wp:term":[{"taxonomy":"product_brand","embeddable":true,"href":"https:\/\/pizbube.ch\/en\/wp-json\/wp\/v2\/product_brand?post=147192"},{"taxonomy":"product_cat","embeddable":true,"href":"https:\/\/pizbube.ch\/en\/wp-json\/wp\/v2\/product_cat?post=147192"},{"taxonomy":"product_tag","embeddable":true,"href":"https:\/\/pizbube.ch\/en\/wp-json\/wp\/v2\/product_tag?post=147192"}],"curies":[{"name":"wp","href":"https:\/\/api.w.org\/{rel}","templated":true}]}}