{"id":147193,"date":"2021-01-15T10:54:54","date_gmt":"2021-01-15T10:54:54","guid":{"rendered":"https:\/\/codengine3.ch\/?product=import-placeholder-for-202876"},"modified":"2023-07-20T09:09:47","modified_gmt":"2023-07-20T07:09:47","slug":"nicht-anfang-und-nicht-ende","status":"publish","type":"product","link":"https:\/\/pizbube.ch\/en\/shop\/nicht-anfang-und-nicht-ende\/","title":{"rendered":"Nicht Anfang und nicht Ende."},"content":{"rendered":"<p>Roman einer R\u00fcckkehr<\/p>\n<p>Hunger, Armut und Allgegenw\u00e4rtigkeit des Todes treiben Gori um 1927 aus dem<br \/>\nkargen Alltag im Maggiatal ins ferne Kalifornien. Zur\u00fcck l\u00e4sst er seine erste<br \/>\nLiebe, Maddalena, seine Familie und Freunde.<\/p>\n<p>Zwanzig Jahre sp\u00e4ter kehrt Gori, geplagt von nicht endendem Heimweh, in seine<br \/>\nHeimat zur\u00fcck und findet nichts mehr, wie es war. Maddalena ist tot, die<br \/>\nMutter behindert und der Vater alt und gebrechlich geworden. Die in der Ferne<br \/>\nersehnte Heimat ist selbst fremd geworden.<\/p>\n<p>Plinio Martini, der 1979 verstorbene Tessiner Autor, schildert<br \/>\nwirklichkeitsnah und mit von unterdr\u00fccktem Zorn vibrierender Sprache das Leben<br \/>\nder armen Bauern aus dem Maggiatal.<\/p>\n<p>\u00dcbersetzt von Trude Fein; 240 Seiten, gebunden mit Schutzumschlag,<br \/>\nNeuauflage zum 100. Geburtstag am 4. August 2023<\/p>","protected":false},"excerpt":{"rendered":"<p>Roman einer R\u00fcckkehr Hunger, Armut und Allgegenw\u00e4rtigkeit des Todes treiben Gori um 1927 aus dem kargen Alltag im Maggiatal ins ferne Kalifornien. Zur\u00fcck l\u00e4sst er seine erste Liebe, Maddalena, seine Familie und Freunde. Zwanzig Jahre sp\u00e4ter kehrt Gori, geplagt von nicht endendem Heimweh, in seine Heimat zur\u00fcck und findet nichts mehr, wie es war. Maddalena [&#8230;]\n","protected":false},"featured_media":168657,"template":"","meta":[],"product_brand":[],"product_cat":[21629],"product_tag":[],"class_list":{"0":"post-147193","1":"product","2":"type-product","3":"status-publish","4":"has-post-thumbnail","6":"product_cat-belletristik","7":"pa_autor-martini","8":"pa_erscheinungsjahr-27129","9":"pa_region-schweiz","10":"pa_sprache-de","12":"first","13":"instock","14":"taxable","15":"shipping-taxable","16":"purchasable","17":"product-type-simple"},"_links":{"self":[{"href":"https:\/\/pizbube.ch\/en\/wp-json\/wp\/v2\/product\/147193","targetHints":{"allow":["GET"]}}],"collection":[{"href":"https:\/\/pizbube.ch\/en\/wp-json\/wp\/v2\/product"}],"about":[{"href":"https:\/\/pizbube.ch\/en\/wp-json\/wp\/v2\/types\/product"}],"wp:featuredmedia":[{"embeddable":true,"href":"https:\/\/pizbube.ch\/en\/wp-json\/wp\/v2\/media\/168657"}],"wp:attachment":[{"href":"https:\/\/pizbube.ch\/en\/wp-json\/wp\/v2\/media?parent=147193"}],"wp:term":[{"taxonomy":"product_brand","embeddable":true,"href":"https:\/\/pizbube.ch\/en\/wp-json\/wp\/v2\/product_brand?post=147193"},{"taxonomy":"product_cat","embeddable":true,"href":"https:\/\/pizbube.ch\/en\/wp-json\/wp\/v2\/product_cat?post=147193"},{"taxonomy":"product_tag","embeddable":true,"href":"https:\/\/pizbube.ch\/en\/wp-json\/wp\/v2\/product_tag?post=147193"}],"curies":[{"name":"wp","href":"https:\/\/api.w.org\/{rel}","templated":true}]}}