{"id":147194,"date":"2021-01-15T10:54:54","date_gmt":"2021-01-15T10:54:54","guid":{"rendered":"https:\/\/codengine3.ch\/?product=import-placeholder-for-202202"},"modified":"2025-12-30T10:21:50","modified_gmt":"2025-12-30T09:21:50","slug":"val-bavona","status":"publish","type":"product","link":"https:\/\/pizbube.ch\/en\/shop\/val-bavona\/","title":{"rendered":"Val Bavona"},"content":{"rendered":"<p>Magisches Tal, zauberhafte Berge.<\/p>\n<p>Fotostreifz\u00fcge durch das Val Bavona: Auf Entdeckung der Farben und Stimmungen, die unsere Berge pr\u00e4gen.<\/p>\n<p>Aldo Cattaneo hat \u00fcber 20 Jahre lang mit seiner Kamera das Val Bavona und seine Berge erwandert, erklettert und durchstreift. Seine fotografische Ausbeute ist einmalig in ihrer Art, nicht nur wegen der Eindr\u00fccklichkeit der Fotos, sondern auch weil sie auch die entlegensten \u00d6rtlichkeiten des Gebietes umfasst und damit ein eigentliches fotografisches Inventar des Tales bildet. Dieser Fotoband ist als W\u00fcrdigung des Schaffens des verstorbenen Autors gedacht. Eine Auswahl seiner wundervollen Farbaufnahmen verschafft dem Betrachter Einblick in ein an Geschichte und zauberhaften Landschaften reiches Tal.<\/p>\n<p>Bildband mit Texten von Ferrari, Martini und Cattaneo.<\/p>\n<p>128 Seiten,<br \/>\n24\u00d728 cm<\/p>","protected":false},"excerpt":{"rendered":"<p>Magisches Tal, zauberhafte Berge. Fotostreifz\u00fcge durch das Val Bavona: Auf Entdeckung der Farben und Stimmungen, die unsere Berge pr\u00e4gen. Aldo Cattaneo hat \u00fcber 20 Jahre lang mit seiner Kamera das Val Bavona und seine Berge erwandert, erklettert und durchstreift. Seine fotografische Ausbeute ist einmalig in ihrer Art, nicht nur wegen der Eindr\u00fccklichkeit der Fotos, sondern [&#8230;]\n","protected":false},"featured_media":169399,"template":"","meta":[],"product_brand":[],"product_cat":[21542],"product_tag":[],"class_list":{"0":"post-147194","1":"product","2":"type-product","3":"status-publish","4":"has-post-thumbnail","6":"product_cat-sachbuecher-dokumentationen","7":"pa_autor-cattaneo","8":"pa_erscheinungsjahr-21750","9":"pa_region-schweiz","10":"pa_sprache-de","12":"first","13":"instock","14":"taxable","15":"shipping-taxable","16":"purchasable","17":"product-type-simple"},"_links":{"self":[{"href":"https:\/\/pizbube.ch\/en\/wp-json\/wp\/v2\/product\/147194","targetHints":{"allow":["GET"]}}],"collection":[{"href":"https:\/\/pizbube.ch\/en\/wp-json\/wp\/v2\/product"}],"about":[{"href":"https:\/\/pizbube.ch\/en\/wp-json\/wp\/v2\/types\/product"}],"wp:featuredmedia":[{"embeddable":true,"href":"https:\/\/pizbube.ch\/en\/wp-json\/wp\/v2\/media\/169399"}],"wp:attachment":[{"href":"https:\/\/pizbube.ch\/en\/wp-json\/wp\/v2\/media?parent=147194"}],"wp:term":[{"taxonomy":"product_brand","embeddable":true,"href":"https:\/\/pizbube.ch\/en\/wp-json\/wp\/v2\/product_brand?post=147194"},{"taxonomy":"product_cat","embeddable":true,"href":"https:\/\/pizbube.ch\/en\/wp-json\/wp\/v2\/product_cat?post=147194"},{"taxonomy":"product_tag","embeddable":true,"href":"https:\/\/pizbube.ch\/en\/wp-json\/wp\/v2\/product_tag?post=147194"}],"curies":[{"name":"wp","href":"https:\/\/api.w.org\/{rel}","templated":true}]}}