{"id":147196,"date":"2021-01-15T10:54:54","date_gmt":"2021-01-15T10:54:54","guid":{"rendered":"https:\/\/codengine3.ch\/?product=import-placeholder-for-205318"},"modified":"2021-01-15T14:40:21","modified_gmt":"2021-01-15T14:40:21","slug":"auswanderungen","status":"publish","type":"product","link":"https:\/\/pizbube.ch\/en\/shop\/auswanderungen\/","title":{"rendered":"Auswanderungen"},"content":{"rendered":"<p>Wegleitung zum Verlassen der Schweiz  <\/p>\n<p>Auf den Spuren von Auswandernden aller Art geleitet uns das Autorenduo diesmal<br \/>\nkenntnisreich aus der Schweiz hinaus.  <\/p>\n<p>Wandert aus der Schweiz &#8211;<br \/>\nB\u00fcndner Kinder wanderten Fr\u00fchling f\u00fcr Fr\u00fchling auf den H\u00fctekindermarkt von<br \/>\nRavensburg, Tessiner Kaminfegerbuben im Herbst nach Mailand. Schweizer S\u00f6ldner<br \/>\nmarschierten f\u00fcr Geld und Ehre auf viele Schlachtfelder, Haslitaler f\u00fchrten<br \/>\nRinder und K\u00e4se auf die lombardischen M\u00e4rkte, Engadiner gr\u00fcndeten in halb<br \/>\nEuropa Zuckerb\u00e4ckereien. Die Schweiz &#8211; ein Land von Auswanderern.<br \/>\nAuf ihren Spuren haben Ursula Bauer und J\u00fcrg Frischknecht ein Dutzend<br \/>\n`Auswanderungen` zusammengestellt, Routen von zwei bis neun Tagen. Ihre<br \/>\nWegleitung l\u00e4dt dazu ein, die Schweiz zu verlassen: ins Elsass und ins<br \/>\nSchwabenland, nach Meran und Mailand, Como und Domodossola, Aosta und<br \/>\nChamonix.  <\/p>\n<p>Aus dem Inhalt:<br \/>\n&#8211; Mit Solothurner S\u00f6ldnern ins Elsass<br \/>\n&#8211; Mit B\u00fcndner Schwabenkindern auf den H\u00fctekindermarkt von Ravensburg<br \/>\n&#8211; Mit Engadiner Schmalzh\u00e4ndlern durch den Vinschgau nach Meran<br \/>\n&#8211; Zu Besuch bei den Untertanen im Veltlin<br \/>\n&#8211; Mit den schwarzen Br\u00fcdern aus dem Tessin nach Mailand<br \/>\n&#8211; Mit Haslitaler Rindern \u00fcber Grimsel und Gries in die Lombardei<br \/>\n&#8211; Mit Flugpionier Geo Chavez \u00fcber den Simplonpass nach Domodossola<br \/>\n&#8211; Mit Ehringer K\u00fchen zu den Batailles des reines im Aostatal<br \/>\n&#8211; Und schlie\u00dflich: mit allerlei Volk nach Chamonix  <\/p>","protected":false},"excerpt":{"rendered":"<p>Wegleitung zum Verlassen der Schweiz Auf den Spuren von Auswandernden aller Art geleitet uns das Autorenduo diesmal kenntnisreich aus der Schweiz hinaus. Wandert aus der Schweiz &#8211; B\u00fcndner Kinder wanderten Fr\u00fchling f\u00fcr Fr\u00fchling auf den H\u00fctekindermarkt von Ravensburg, Tessiner Kaminfegerbuben im Herbst nach Mailand. Schweizer S\u00f6ldner marschierten f\u00fcr Geld und Ehre auf viele Schlachtfelder, Haslitaler [&#8230;]\n","protected":false},"featured_media":33990,"template":"","meta":[],"product_brand":[],"product_cat":[21605],"product_tag":[],"class_list":{"0":"post-147196","1":"product","2":"type-product","3":"status-publish","4":"has-post-thumbnail","6":"product_cat-wanderfuehrer-trekking","7":"pa_autor-bauer-frischknecht","8":"pa_erscheinungsjahr-21591","9":"pa_region-schweiz","10":"pa_sprache-de","12":"first","13":"instock","14":"taxable","15":"shipping-taxable","16":"purchasable","17":"product-type-simple"},"_links":{"self":[{"href":"https:\/\/pizbube.ch\/en\/wp-json\/wp\/v2\/product\/147196","targetHints":{"allow":["GET"]}}],"collection":[{"href":"https:\/\/pizbube.ch\/en\/wp-json\/wp\/v2\/product"}],"about":[{"href":"https:\/\/pizbube.ch\/en\/wp-json\/wp\/v2\/types\/product"}],"wp:featuredmedia":[{"embeddable":true,"href":"https:\/\/pizbube.ch\/en\/wp-json\/wp\/v2\/media\/33990"}],"wp:attachment":[{"href":"https:\/\/pizbube.ch\/en\/wp-json\/wp\/v2\/media?parent=147196"}],"wp:term":[{"taxonomy":"product_brand","embeddable":true,"href":"https:\/\/pizbube.ch\/en\/wp-json\/wp\/v2\/product_brand?post=147196"},{"taxonomy":"product_cat","embeddable":true,"href":"https:\/\/pizbube.ch\/en\/wp-json\/wp\/v2\/product_cat?post=147196"},{"taxonomy":"product_tag","embeddable":true,"href":"https:\/\/pizbube.ch\/en\/wp-json\/wp\/v2\/product_tag?post=147196"}],"curies":[{"name":"wp","href":"https:\/\/api.w.org\/{rel}","templated":true}]}}