{"id":147197,"date":"2021-01-15T10:54:54","date_gmt":"2021-01-15T10:54:54","guid":{"rendered":"https:\/\/codengine3.ch\/?product=import-placeholder-for-200170"},"modified":"2024-07-27T14:46:28","modified_gmt":"2024-07-27T12:46:28","slug":"tektonikarena-sardona-150000","status":"publish","type":"product","link":"https:\/\/pizbube.ch\/en\/shop\/tektonikarena-sardona-150000\/","title":{"rendered":"Tektonikarena Sardona. 1:50`000"},"content":{"rendered":"<p>Unesco-Welterbe. Offizielle Karte der Schweizer Wanderwege mit geologischen<br \/>\nInformationen.<br \/>\nBlatt 5080T<\/p>\n<p>Spezialausgabe: Die Wander- und Geologiekarte 5080 T von Tektonikarena Sardona<br \/>\n(UNESCO-Welterbe) erg\u00e4nzt das Wanderwegnetz mit spannenden Angaben zu<br \/>\ngeologischen Besonderheiten.<\/p>\n<p>Die Karten enthalten die signalisierten Wanderrouten, Bergwanderrouten und die<br \/>\nAlpinwanderrouten sowie die Buslinien und die Haltestellen des \u00f6ffentlichen<br \/>\nVerkehrs. Die Zusammensetzungen pr\u00e4sentieren auf einem Blatt touristisch<br \/>\nattraktive Gebiete, welche sonst nur getrennt auf mehreren Einzelbl\u00e4ttern<br \/>\nerh\u00e4ltlich w\u00e4ren.<\/p>\n<p>Mit der Wander- und Geologiekarte UNESCO-Welterbe Tektonikarena Sardona<br \/>\nergreift swisstopo die Gelegenheit, das Wanderwegnetz mit spannenden Angaben<br \/>\nzu geologischen Besonderheiten zu erg\u00e4nzen. Auf der Karte sind Stopps<br \/>\neingezeichnet, die mit Nummer und Kategorie versehen wurden. Die gleichen<br \/>\nStopps sind weiter unten mit einem kurzen Text erl\u00e4utert. Die vorgeschlagenen<br \/>\nStopps sollen Sie einladen, sich mit der Geschichte der Gesteine und der<br \/>\nLandschaft bekannt zu machen und diese majest\u00e4tische Umgebung somit noch mehr<br \/>\nwertzusch\u00e4tzen.<\/p>\n<p>Das Gebiet der Wander- und Geologiekarte erlaubt einzigartige Einblicke in die<br \/>\ngeologische Entstehungsgeschichte der Alpen. Der Zusammenstoss von Afrika mit<br \/>\nEuropa hat die Alpen \u00fcber Jahrmillionen aufget\u00fcrmt. Gesteinsschichten wurden<br \/>\ndabei gefaltet, zerbrochen und \u00fcbereinander geschoben. Vielf\u00e4ltige Zeugnisse<br \/>\nund Spuren dieser gewaltigen Kr\u00e4fte sind im UNESCO-Welterbe Tektonikarena<br \/>\nSardona aussergew\u00f6hnlich gut sichtbar und lassen sich sogar anfassen.<\/p>\n<p>Die vorgeschlagenen Stopps werden vier Kategorien zugeordnet: _Gestein_ :<br \/>\nLernen Sie die Vielfalt der Gesteine entlang der Wanderwege kennen.<\/p>\n<p>_Struktur_ : Die heutige Gestalt der Landschaft, wie wir sie mit unseren Augen<br \/>\nsehen k\u00f6nnen, ist das Resultat langsamer Deformationsprozesse.<\/p>\n<p>_Oberfl\u00e4chenform_ : Die vielf\u00e4ltigen Gesteine und Strukturen, aber auch die<br \/>\nAktivit\u00e4t von B\u00e4chen und einstigen Gletschern f\u00fchren zu charakteristischen<br \/>\nFormen an der Oberfl\u00e4che.<\/p>\n<p>_GeoSt\u00e4tte_ : \u00dcber die GeoSt\u00e4tten gelangen Sie zu vielf\u00e4ltigen erlebnis- und<br \/>\nbildungstouristischen Angeboten.<\/p>","protected":false},"excerpt":{"rendered":"<p>Unesco-Welterbe. Offizielle Karte der Schweizer Wanderwege mit geologischen Informationen. Blatt 5080T Spezialausgabe: Die Wander- und Geologiekarte 5080 T von Tektonikarena Sardona (UNESCO-Welterbe) erg\u00e4nzt das Wanderwegnetz mit spannenden Angaben zu geologischen Besonderheiten. Die Karten enthalten die signalisierten Wanderrouten, Bergwanderrouten und die Alpinwanderrouten sowie die Buslinien und die Haltestellen des \u00f6ffentlichen Verkehrs. Die Zusammensetzungen pr\u00e4sentieren auf einem [&#8230;]\n","protected":false},"featured_media":26116,"template":"","meta":[],"product_brand":[],"product_cat":[21543],"product_tag":[],"class_list":{"0":"post-147197","1":"product","2":"type-product","3":"status-publish","4":"has-post-thumbnail","6":"product_cat-landkarten","7":"pa_autor-swisstopo","8":"pa_erscheinungsjahr-21568","9":"pa_region-schweiz","10":"pa_sprache-de","12":"first","13":"outofstock","14":"taxable","15":"shipping-taxable","16":"purchasable","17":"product-type-simple"},"_links":{"self":[{"href":"https:\/\/pizbube.ch\/en\/wp-json\/wp\/v2\/product\/147197","targetHints":{"allow":["GET"]}}],"collection":[{"href":"https:\/\/pizbube.ch\/en\/wp-json\/wp\/v2\/product"}],"about":[{"href":"https:\/\/pizbube.ch\/en\/wp-json\/wp\/v2\/types\/product"}],"wp:featuredmedia":[{"embeddable":true,"href":"https:\/\/pizbube.ch\/en\/wp-json\/wp\/v2\/media\/26116"}],"wp:attachment":[{"href":"https:\/\/pizbube.ch\/en\/wp-json\/wp\/v2\/media?parent=147197"}],"wp:term":[{"taxonomy":"product_brand","embeddable":true,"href":"https:\/\/pizbube.ch\/en\/wp-json\/wp\/v2\/product_brand?post=147197"},{"taxonomy":"product_cat","embeddable":true,"href":"https:\/\/pizbube.ch\/en\/wp-json\/wp\/v2\/product_cat?post=147197"},{"taxonomy":"product_tag","embeddable":true,"href":"https:\/\/pizbube.ch\/en\/wp-json\/wp\/v2\/product_tag?post=147197"}],"curies":[{"name":"wp","href":"https:\/\/api.w.org\/{rel}","templated":true}]}}