{"id":147198,"date":"2021-01-15T10:54:54","date_gmt":"2021-01-15T10:54:54","guid":{"rendered":"https:\/\/codengine3.ch\/?product=import-placeholder-for-207187"},"modified":"2021-01-15T14:55:57","modified_gmt":"2021-01-15T14:55:57","slug":"la-geologie-quelle-aventure","status":"publish","type":"product","link":"https:\/\/pizbube.ch\/en\/shop\/la-geologie-quelle-aventure\/","title":{"rendered":"La g\u00e9ologie quelle aventure!"},"content":{"rendered":"<p>Enqu\u00eate g\u00e9ologique dans le Val de Bagnes  <\/p>\n<p>Notre plan\u00e8te est vivante, ses paysages se modifient, sa g\u00e9ographie change.<br \/>\nCet ouvrage va vous amener \u00e0 d\u00e9couvrir le Val de Bagnes autrement! Il<br \/>\nconstitue une enqu\u00eate pour toute la famille sur la tr\u00e8s longue histoire des<br \/>\nroches et des paysages du Val de Bagnes.<br \/>\n98 pages, 2 cartes g\u00e9ologiques simplifi\u00e9es  <\/p>\n<p>Geologisches Buch \u00fcber das Val de Bagnes<br \/>\nDieses Werk wurde in Zusammenarbeit mit der Walliser Gemeinde entwickelt.<br \/>\nEntdecken Sie das Val de Bagnes auf die etwas andere Art!<br \/>\nEs ist eine Untersuchung zur sehr langen Geschichte der Felsen und den<br \/>\nLandschaften des Val de Bagnes f\u00fcr die ganze Familie.  <\/p>\n<p>98 Seiten, 2 vereinfachte geologische Karten<br \/>\nEs ist nur auf Franz\u00f6sisch erh\u00e4ltlich.  <\/p>","protected":false},"excerpt":{"rendered":"<p>Enqu\u00eate g\u00e9ologique dans le Val de Bagnes Notre plan\u00e8te est vivante, ses paysages se modifient, sa g\u00e9ographie change. Cet ouvrage va vous amener \u00e0 d\u00e9couvrir le Val de Bagnes autrement! Il constitue une enqu\u00eate pour toute la famille sur la tr\u00e8s longue histoire des roches et des paysages du Val de Bagnes. 98 pages, 2 [&#8230;]\n","protected":false},"featured_media":36822,"template":"","meta":[],"product_brand":[],"product_cat":[21542],"product_tag":[],"class_list":{"0":"post-147198","1":"product","2":"type-product","3":"status-publish","4":"has-post-thumbnail","6":"product_cat-sachbuecher-dokumentationen","7":"pa_autor-swisstopo-commune-de-bagnes","8":"pa_erscheinungsjahr-21621","9":"pa_region-fauna-flora-geologie-glaziologie","10":"pa_sprache-fr","12":"first","13":"instock","14":"taxable","15":"shipping-taxable","16":"purchasable","17":"product-type-simple"},"_links":{"self":[{"href":"https:\/\/pizbube.ch\/en\/wp-json\/wp\/v2\/product\/147198","targetHints":{"allow":["GET"]}}],"collection":[{"href":"https:\/\/pizbube.ch\/en\/wp-json\/wp\/v2\/product"}],"about":[{"href":"https:\/\/pizbube.ch\/en\/wp-json\/wp\/v2\/types\/product"}],"wp:featuredmedia":[{"embeddable":true,"href":"https:\/\/pizbube.ch\/en\/wp-json\/wp\/v2\/media\/36822"}],"wp:attachment":[{"href":"https:\/\/pizbube.ch\/en\/wp-json\/wp\/v2\/media?parent=147198"}],"wp:term":[{"taxonomy":"product_brand","embeddable":true,"href":"https:\/\/pizbube.ch\/en\/wp-json\/wp\/v2\/product_brand?post=147198"},{"taxonomy":"product_cat","embeddable":true,"href":"https:\/\/pizbube.ch\/en\/wp-json\/wp\/v2\/product_cat?post=147198"},{"taxonomy":"product_tag","embeddable":true,"href":"https:\/\/pizbube.ch\/en\/wp-json\/wp\/v2\/product_tag?post=147198"}],"curies":[{"name":"wp","href":"https:\/\/api.w.org\/{rel}","templated":true}]}}