{"id":147199,"date":"2021-01-15T10:54:54","date_gmt":"2021-01-15T10:54:54","guid":{"rendered":"https:\/\/codengine3.ch\/?product=import-placeholder-for-204789"},"modified":"2021-04-16T12:22:28","modified_gmt":"2021-04-16T10:22:28","slug":"geologie-schweiz-das-wissen-aus-dem-untergrund","status":"publish","type":"product","link":"https:\/\/pizbube.ch\/en\/shop\/geologie-schweiz-das-wissen-aus-dem-untergrund\/","title":{"rendered":"Geologie Schweiz &#8211; das Wissen aus dem Untergrund"},"content":{"rendered":"<p>Geology of Switzerland &#8211; Knowledge from Underground<br \/>\nG\u00e9ologie de la Suisse &#8211; la d\u00e9couverte du sous-sol<br \/>\nGeologia della Svizzera &#8211; la scoperta del sottosuolo<\/p>\n<p>Eine \u00dcbersicht geologierelevanter Daten in Buchform<br \/>\nDamit m\u00f6glichst alle geologierelevanten Daten der Schweiz zug\u00e4nglich sind und<br \/>\nsich ihr volkswirtschaftlicher Nutzen erh\u00f6ht, wurde eine \u00dcbersicht dieser<br \/>\nDaten in Buchform publiziert. Das Buch informiert Laien und<br \/>\nEntscheidungstr\u00e4ger \u00fcber die Bedeutung von Geologie und Untergrund im Alltag<br \/>\nund ist das Resultat der Zusammenarbeit mit verschiedenen \u00f6ffentlichen und<br \/>\nprivaten Partnern.<\/p>\n<p>Format A4-Quer, 132 Seiten, Sprachen: deutsch, franz\u00f6sisch, italienisch,<br \/>\nenglisch<\/p>","protected":false},"excerpt":{"rendered":"<p>Geology of Switzerland &#8211; Knowledge from Underground G\u00e9ologie de la Suisse &#8211; la d\u00e9couverte du sous-sol Geologia della Svizzera &#8211; la scoperta del sottosuolo Eine \u00dcbersicht geologierelevanter Daten in Buchform Damit m\u00f6glichst alle geologierelevanten Daten der Schweiz zug\u00e4nglich sind und sich ihr volkswirtschaftlicher Nutzen erh\u00f6ht, wurde eine \u00dcbersicht dieser Daten in Buchform publiziert. Das Buch [&#8230;]\n","protected":false},"featured_media":33292,"template":"","meta":[],"product_brand":[],"product_cat":[21542],"product_tag":[],"class_list":{"0":"post-147199","1":"product","2":"type-product","3":"status-publish","4":"has-post-thumbnail","6":"product_cat-sachbuecher-dokumentationen","7":"pa_autor-swisstopo","8":"pa_erscheinungsjahr-21568","9":"pa_region-fauna-flora-geologie-glaziologie","10":"pa_sprache-de-en-fr-it","12":"first","13":"onbackorder","14":"taxable","15":"shipping-taxable","16":"purchasable","17":"product-type-simple"},"_links":{"self":[{"href":"https:\/\/pizbube.ch\/en\/wp-json\/wp\/v2\/product\/147199","targetHints":{"allow":["GET"]}}],"collection":[{"href":"https:\/\/pizbube.ch\/en\/wp-json\/wp\/v2\/product"}],"about":[{"href":"https:\/\/pizbube.ch\/en\/wp-json\/wp\/v2\/types\/product"}],"wp:featuredmedia":[{"embeddable":true,"href":"https:\/\/pizbube.ch\/en\/wp-json\/wp\/v2\/media\/33292"}],"wp:attachment":[{"href":"https:\/\/pizbube.ch\/en\/wp-json\/wp\/v2\/media?parent=147199"}],"wp:term":[{"taxonomy":"product_brand","embeddable":true,"href":"https:\/\/pizbube.ch\/en\/wp-json\/wp\/v2\/product_brand?post=147199"},{"taxonomy":"product_cat","embeddable":true,"href":"https:\/\/pizbube.ch\/en\/wp-json\/wp\/v2\/product_cat?post=147199"},{"taxonomy":"product_tag","embeddable":true,"href":"https:\/\/pizbube.ch\/en\/wp-json\/wp\/v2\/product_tag?post=147199"}],"curies":[{"name":"wp","href":"https:\/\/api.w.org\/{rel}","templated":true}]}}