{"id":147200,"date":"2021-01-15T10:54:54","date_gmt":"2021-01-15T10:54:54","guid":{"rendered":"https:\/\/codengine3.ch\/?product=import-placeholder-for-206454"},"modified":"2021-01-15T14:49:02","modified_gmt":"2021-01-15T14:49:02","slug":"die-geologie-der-alpen-aus-der-luft","status":"publish","type":"product","link":"https:\/\/pizbube.ch\/en\/shop\/die-geologie-der-alpen-aus-der-luft\/","title":{"rendered":"Die Geologie der Alpen aus der Luft"},"content":{"rendered":"<p>Geologischer Luftbild-Atlas der Alpen  <\/p>\n<p>Dr. Kurt St\u00fcwe (Graz) ist Professor f\u00fcr Geologie an der Universit\u00e4t Graz und<br \/>\narbeitet an der Erkl\u00e4rung gebirgsbildender Prozesse mit Forschungsprojekten<br \/>\nauf der ganzen Welt. Kurt hat etwa 100 Publikationen zur Geologie der Alpen<br \/>\nver\u00f6ffentlicht und mehrere Lehrb\u00fccher verfasst. Kurt ist auch begeisterter<br \/>\nBergsteiger und hat Expeditionen zu den h\u00f6chsten Gipfeln aller Kontinente<br \/>\ngeleitet.  <\/p>\n<p>Der Fotograf: Ruedi Homberger (Arosa) ist einer der bekanntesten Schweizer<br \/>\nAlpinfotografen und der &#8218;Seniorchef&#8216; der Firma FOTO HOMBERGER in Arosa. Als<br \/>\nbegeisterter Bergsteiger hat er ein Leben lang Erfahrung in den Bergen der<br \/>\nWelt gesammelt. In den letzten zehn Jahren hat er die Liebe zur Fliegerei<br \/>\nentdeckt und schnell einen exzellenten Ruf im Bereich der Luftbildfotografie<br \/>\nerreicht.<br \/>\nDas Werk gliedert sich in die vier Teile Einleitung, Tektonische Bausteine der<br \/>\nAlpen, Tektonische Entwicklung und Geo-Highlights der Alpen. Am Schluss finden<br \/>\nsich ein Glossar, ein Index und eine \u00dcbersichtskarte der Fotos.<br \/>\n288 Seiten, ca. 420 farbige Abb. und Illustrationen, geb.  <\/p>","protected":false},"excerpt":{"rendered":"<p>Geologischer Luftbild-Atlas der Alpen Dr. Kurt St\u00fcwe (Graz) ist Professor f\u00fcr Geologie an der Universit\u00e4t Graz und arbeitet an der Erkl\u00e4rung gebirgsbildender Prozesse mit Forschungsprojekten auf der ganzen Welt. Kurt hat etwa 100 Publikationen zur Geologie der Alpen ver\u00f6ffentlicht und mehrere Lehrb\u00fccher verfasst. Kurt ist auch begeisterter Bergsteiger und hat Expeditionen zu den h\u00f6chsten Gipfeln [&#8230;]\n","protected":false},"featured_media":35499,"template":"","meta":[],"product_brand":[],"product_cat":[21542],"product_tag":[],"class_list":{"0":"post-147200","1":"product","2":"type-product","3":"status-publish","4":"has-post-thumbnail","6":"product_cat-sachbuecher-dokumentationen","7":"pa_autor-stuewe-homberger","8":"pa_erscheinungsjahr-21610","9":"pa_region-schweiz","10":"pa_sprache-de","12":"first","13":"instock","14":"taxable","15":"shipping-taxable","16":"purchasable","17":"product-type-simple"},"_links":{"self":[{"href":"https:\/\/pizbube.ch\/en\/wp-json\/wp\/v2\/product\/147200","targetHints":{"allow":["GET"]}}],"collection":[{"href":"https:\/\/pizbube.ch\/en\/wp-json\/wp\/v2\/product"}],"about":[{"href":"https:\/\/pizbube.ch\/en\/wp-json\/wp\/v2\/types\/product"}],"wp:featuredmedia":[{"embeddable":true,"href":"https:\/\/pizbube.ch\/en\/wp-json\/wp\/v2\/media\/35499"}],"wp:attachment":[{"href":"https:\/\/pizbube.ch\/en\/wp-json\/wp\/v2\/media?parent=147200"}],"wp:term":[{"taxonomy":"product_brand","embeddable":true,"href":"https:\/\/pizbube.ch\/en\/wp-json\/wp\/v2\/product_brand?post=147200"},{"taxonomy":"product_cat","embeddable":true,"href":"https:\/\/pizbube.ch\/en\/wp-json\/wp\/v2\/product_cat?post=147200"},{"taxonomy":"product_tag","embeddable":true,"href":"https:\/\/pizbube.ch\/en\/wp-json\/wp\/v2\/product_tag?post=147200"}],"curies":[{"name":"wp","href":"https:\/\/api.w.org\/{rel}","templated":true}]}}