{"id":147201,"date":"2021-01-15T10:54:54","date_gmt":"2021-01-15T10:54:54","guid":{"rendered":"https:\/\/codengine3.ch\/?product=import-placeholder-for-200282"},"modified":"2025-01-31T09:10:52","modified_gmt":"2025-01-31T08:10:52","slug":"ausflug-in-die-glarner-geologie","status":"publish","type":"product","link":"https:\/\/pizbube.ch\/en\/shop\/ausflug-in-die-glarner-geologie\/","title":{"rendered":"Ausflug in die Glarner Geologie"},"content":{"rendered":"<p>300 Millionen Jahre faszinierende Erdgeschichte<\/p>\n<p>Das Glarnerland ist der einzige Kanton der Schweiz, der eine l\u00fcckenlose<br \/>\nErdgeschichte aufzeigen kann. Von der Karbonzeit bis hin zur Gegenwart haben<br \/>\nalle Erdzeitalter ihre Spuren hinterlassen.Diesen Umstand macht sich der<br \/>\nGeologe Mark Feldmann in seiner neusten Publikation zunutze. Am Beispiel<br \/>\nseines Heimatkantons gelingt ihm so eine spannende Reise durch 300 Millionen<br \/>\nJahre Erdgeschichte. Noch nie zuvor wurde die Geologie der Glarner Alpen so<br \/>\nverst\u00e4ndlich und anschaulich mit Fotografien, Kartenmaterial und Grafiken<br \/>\ndargestellt. Eine Fundgrube \u2013 nicht nur f\u00fcr Geologen.<\/p>\n<p>Ein Gebrauchsbuch und kein Kunstband ist die neue Publikation des Geologen<br \/>\nMark Feldmann. Sinnvoll strukturiert bietet es einen \u00dcberblick \u00fcber die<br \/>\nErdgeschichtsalter von Karbon bis Quart\u00e4r und fragt nach den jeweiligen<br \/>\nGeschehnissen in der Welt und im Glarnerland. K\u00e4stchen mit Fakten laden zur<br \/>\nvertieften Auseinandersetzung mit dem Thema ein, sind zum allgemeinen<br \/>\nVerst\u00e4ndnis aber nicht zwingend.<\/p>\n<p>Feldmann weist zudem darauf hin, wo in Glarus das Gestein der entsprechenden<br \/>\nZeitalter sichtbar ist und wartet mit geologisch spannenden Wandertipps auf.<br \/>\nIllustriert wird das handliche Buch durch zahlreiche Fotografien und Karten,<br \/>\ndie mehrheitlich in einer neuartigen 3D-Technik erstellt wurden.<\/p>\n<p>Mark Feldmann, 1960 in Glarus geboren, hat seine Dissertation am Geologischen<br \/>\nInstitut der ETH Z\u00fcrich geschrieben. Seit 2002 ist er Gesch\u00e4ftsf\u00fchrer der<br \/>\nFirma geo-life, die Beratungen und Veranstaltungen zu den Gebieten Geologie<br \/>\nund Umweltfragen anbietet. Mark Feldmann ist Verfasser mehrerer<br \/>\nwissenschaftlicher Texte zum Thema Geologie des Glarnerlands.<\/p>","protected":false},"excerpt":{"rendered":"<p>300 Millionen Jahre faszinierende Erdgeschichte Das Glarnerland ist der einzige Kanton der Schweiz, der eine l\u00fcckenlose Erdgeschichte aufzeigen kann. Von der Karbonzeit bis hin zur Gegenwart haben alle Erdzeitalter ihre Spuren hinterlassen.Diesen Umstand macht sich der Geologe Mark Feldmann in seiner neusten Publikation zunutze. Am Beispiel seines Heimatkantons gelingt ihm so eine spannende Reise durch [&#8230;]\n","protected":false},"featured_media":178328,"template":"","meta":[],"product_brand":[],"product_cat":[21542],"product_tag":[],"class_list":{"0":"post-147201","1":"product","2":"type-product","3":"status-publish","4":"has-post-thumbnail","6":"product_cat-sachbuecher-dokumentationen","7":"pa_autor-feldmann","8":"pa_erscheinungsjahr-21571","9":"pa_region-fauna-flora-geologie-glaziologie","10":"pa_sprache-de","12":"first","13":"instock","14":"taxable","15":"shipping-taxable","16":"purchasable","17":"product-type-simple"},"_links":{"self":[{"href":"https:\/\/pizbube.ch\/en\/wp-json\/wp\/v2\/product\/147201","targetHints":{"allow":["GET"]}}],"collection":[{"href":"https:\/\/pizbube.ch\/en\/wp-json\/wp\/v2\/product"}],"about":[{"href":"https:\/\/pizbube.ch\/en\/wp-json\/wp\/v2\/types\/product"}],"wp:featuredmedia":[{"embeddable":true,"href":"https:\/\/pizbube.ch\/en\/wp-json\/wp\/v2\/media\/178328"}],"wp:attachment":[{"href":"https:\/\/pizbube.ch\/en\/wp-json\/wp\/v2\/media?parent=147201"}],"wp:term":[{"taxonomy":"product_brand","embeddable":true,"href":"https:\/\/pizbube.ch\/en\/wp-json\/wp\/v2\/product_brand?post=147201"},{"taxonomy":"product_cat","embeddable":true,"href":"https:\/\/pizbube.ch\/en\/wp-json\/wp\/v2\/product_cat?post=147201"},{"taxonomy":"product_tag","embeddable":true,"href":"https:\/\/pizbube.ch\/en\/wp-json\/wp\/v2\/product_tag?post=147201"}],"curies":[{"name":"wp","href":"https:\/\/api.w.org\/{rel}","templated":true}]}}