{"id":147203,"date":"2021-01-15T10:54:54","date_gmt":"2021-01-15T10:54:54","guid":{"rendered":"https:\/\/codengine3.ch\/?product=import-placeholder-for-208792"},"modified":"2026-02-06T09:38:14","modified_gmt":"2026-02-06T08:38:14","slug":"gesteine-der-schweiz-der-feldfuehrer","status":"publish","type":"product","link":"https:\/\/pizbube.ch\/en\/shop\/gesteine-der-schweiz-der-feldfuehrer\/","title":{"rendered":"Gesteine der Schweiz &#8211; Der Feldf\u00fchrer"},"content":{"rendered":"<p>Der umfassende Feldf\u00fchrer zu den Gesteinen der Schweiz.<\/p>\n<p>130 ausf\u00fchrliche, reich bebilderte Portr\u00e4ts der Gesteinsarten plus<br \/>\ndetaillierte Gesteinszonen-Karte.<br \/>\nSpannendes Hintergrundwissen zur Entstehung der Landschaften im \u00abLand der<br \/>\nBerge\u00bb.<\/p>\n<p>Die Schweiz ist ein Land der Berge und weist eine enorme Vielfalt an Gesteinen<br \/>\nauf. Fast alle erdenklichen Gesteinsarten sind vom Jura \u00fcber das Mittelland<br \/>\nbis in die Alpen zu finden.<\/p>\n<p>\u00abGesteine der Schweiz\u00bb pr\u00e4sentiert diesen geologischen Reichtum in rund 130<br \/>\nreich bebilderten Gesteinsportr\u00e4ts. Neben den Aspekten der Gesteine im<br \/>\nHandst\u00fcck werden ihre Erscheinungsformen in der Landschaft erl\u00e4utert, auf<br \/>\ntypische Strukturen und Erosionsformen sowie auf ihre Verwendung hingewiesen.<br \/>\nEine detaillierte Gesteinszonen-Karte bildet die Grundlage f\u00fcr die Einteilung<br \/>\nder Gesteinsportr\u00e4ts und erleichtert das Aufsp\u00fcren im Feld. Dazu wird in die<br \/>\nwichtigsten Grundlagen und spannendsten Aspekte rund um die Gesteine der<br \/>\nSchweiz eingef\u00fchrt.<\/p>\n<p>2., korrigierte Auflage 2022<br \/>\n448 Seiten, 660 Farbfotos, 25 Tabellen, 25 Grafiken\/Profile, 5 Karten<\/p>","protected":false},"excerpt":{"rendered":"<p>Der umfassende Feldf\u00fchrer zu den Gesteinen der Schweiz. 130 ausf\u00fchrliche, reich bebilderte Portr\u00e4ts der Gesteinsarten plus detaillierte Gesteinszonen-Karte. Spannendes Hintergrundwissen zur Entstehung der Landschaften im \u00abLand der Berge\u00bb. Die Schweiz ist ein Land der Berge und weist eine enorme Vielfalt an Gesteinen auf. Fast alle erdenklichen Gesteinsarten sind vom Jura \u00fcber das Mittelland bis in [&#8230;]\n","protected":false},"featured_media":183074,"template":"","meta":[],"product_brand":[],"product_cat":[21542],"product_tag":[],"class_list":{"0":"post-147203","1":"product","2":"type-product","3":"status-publish","4":"has-post-thumbnail","6":"product_cat-sachbuecher-dokumentationen","7":"pa_autor-meyer","8":"pa_erscheinungsjahr-27013","9":"pa_region-fauna-flora-geologie-glaziologie","10":"pa_sprache-de","12":"first","13":"instock","14":"taxable","15":"shipping-taxable","16":"purchasable","17":"product-type-simple"},"_links":{"self":[{"href":"https:\/\/pizbube.ch\/en\/wp-json\/wp\/v2\/product\/147203","targetHints":{"allow":["GET"]}}],"collection":[{"href":"https:\/\/pizbube.ch\/en\/wp-json\/wp\/v2\/product"}],"about":[{"href":"https:\/\/pizbube.ch\/en\/wp-json\/wp\/v2\/types\/product"}],"wp:featuredmedia":[{"embeddable":true,"href":"https:\/\/pizbube.ch\/en\/wp-json\/wp\/v2\/media\/183074"}],"wp:attachment":[{"href":"https:\/\/pizbube.ch\/en\/wp-json\/wp\/v2\/media?parent=147203"}],"wp:term":[{"taxonomy":"product_brand","embeddable":true,"href":"https:\/\/pizbube.ch\/en\/wp-json\/wp\/v2\/product_brand?post=147203"},{"taxonomy":"product_cat","embeddable":true,"href":"https:\/\/pizbube.ch\/en\/wp-json\/wp\/v2\/product_cat?post=147203"},{"taxonomy":"product_tag","embeddable":true,"href":"https:\/\/pizbube.ch\/en\/wp-json\/wp\/v2\/product_tag?post=147203"}],"curies":[{"name":"wp","href":"https:\/\/api.w.org\/{rel}","templated":true}]}}