{"id":147204,"date":"2021-01-15T10:54:54","date_gmt":"2021-01-15T10:54:54","guid":{"rendered":"https:\/\/codengine3.ch\/?product=import-placeholder-for-200171"},"modified":"2021-01-15T10:54:58","modified_gmt":"2021-01-15T10:54:58","slug":"bergmedizin-expeditionsmedizin-pocket","status":"publish","type":"product","link":"https:\/\/pizbube.ch\/en\/shop\/bergmedizin-expeditionsmedizin-pocket\/","title":{"rendered":"Bergmedizin Expeditionsmedizin pocket"},"content":{"rendered":"<p>F\u00fcr Laien verst\u00e4ndlich erkl\u00e4rt. Ein \u201eMuss\u201c f\u00fcr jede Bergtour!<\/p>\n<p>Akute H\u00f6henkrankheit: Vorbeugung, Symptome, Behandlung<br \/>\nSymptome in der H\u00f6he: Erkennen, Zuordnen, Therapieren<br \/>\nErste Hilfe: Klare Handlungsanweisungen<br \/>\nVerb\u00e4nde: Schritt f\u00fcr Schritt anlegen<br \/>\nPraktisch: Die wichtigsten Knoten, Skitour planen, Lawinenrettung,<br \/>\nHubschraubereinweisung<br \/>\nInternationale Expedition: Die wichtigsten Begriffe auf Deutsch, Englisch,<br \/>\nSpanisch, Chinesisch, Tibetisch und Nepali<br \/>\nZus\u00e4tzlich: Kinder in der H\u00f6he<\/p>\n<p>Outdoortauglich:<br \/>\nzus\u00e4tzlicher Lackauftrag sch\u00fctzt das Buch vor Spritzwasser<br \/>\nst\u00e4rkeres Papier erh\u00f6ht die Rei\u00dffestigkeit<br \/>\nabgerundete Ecken verhindern ein Abknicken im Rucksack<br \/>\npraktische Ringbindung erm\u00f6glicht einfaches Aufschlagen und Liegenbleiben<br \/>\nsowie freih\u00e4ndiges Arbeiten im Gel\u00e4nde<br \/>\nhandliches Taschenformat von nur 9,5 x 12,5 cm<\/p>","protected":false},"excerpt":{"rendered":"<p>F\u00fcr Laien verst\u00e4ndlich erkl\u00e4rt. Ein \u201eMuss\u201c f\u00fcr jede Bergtour! Akute H\u00f6henkrankheit: Vorbeugung, Symptome, Behandlung Symptome in der H\u00f6he: Erkennen, Zuordnen, Therapieren Erste Hilfe: Klare Handlungsanweisungen Verb\u00e4nde: Schritt f\u00fcr Schritt anlegen Praktisch: Die wichtigsten Knoten, Skitour planen, Lawinenrettung, Hubschraubereinweisung Internationale Expedition: Die wichtigsten Begriffe auf Deutsch, Englisch, Spanisch, Chinesisch, Tibetisch und Nepali Zus\u00e4tzlich: Kinder in der [&#8230;]\n","protected":false},"featured_media":26118,"template":"","meta":[],"product_brand":[],"product_cat":[21538],"product_tag":[],"class_list":{"0":"post-147204","1":"product","2":"type-product","3":"status-publish","4":"has-post-thumbnail","6":"product_cat-lehrbuecher","7":"pa_autor-feddersen","8":"pa_erscheinungsjahr-21597","9":"pa_region-medizin-recht","10":"pa_sprache-de","12":"first","13":"instock","14":"taxable","15":"shipping-taxable","16":"purchasable","17":"product-type-simple"},"_links":{"self":[{"href":"https:\/\/pizbube.ch\/en\/wp-json\/wp\/v2\/product\/147204","targetHints":{"allow":["GET"]}}],"collection":[{"href":"https:\/\/pizbube.ch\/en\/wp-json\/wp\/v2\/product"}],"about":[{"href":"https:\/\/pizbube.ch\/en\/wp-json\/wp\/v2\/types\/product"}],"wp:featuredmedia":[{"embeddable":true,"href":"https:\/\/pizbube.ch\/en\/wp-json\/wp\/v2\/media\/26118"}],"wp:attachment":[{"href":"https:\/\/pizbube.ch\/en\/wp-json\/wp\/v2\/media?parent=147204"}],"wp:term":[{"taxonomy":"product_brand","embeddable":true,"href":"https:\/\/pizbube.ch\/en\/wp-json\/wp\/v2\/product_brand?post=147204"},{"taxonomy":"product_cat","embeddable":true,"href":"https:\/\/pizbube.ch\/en\/wp-json\/wp\/v2\/product_cat?post=147204"},{"taxonomy":"product_tag","embeddable":true,"href":"https:\/\/pizbube.ch\/en\/wp-json\/wp\/v2\/product_tag?post=147204"}],"curies":[{"name":"wp","href":"https:\/\/api.w.org\/{rel}","templated":true}]}}