{"id":147205,"date":"2021-01-15T10:54:54","date_gmt":"2021-01-15T10:54:54","guid":{"rendered":"https:\/\/codengine3.ch\/?product=import-placeholder-for-208754"},"modified":"2021-01-15T17:57:29","modified_gmt":"2021-01-15T17:57:29","slug":"alpin-und-hoehenmedizin","status":"publish","type":"product","link":"https:\/\/pizbube.ch\/en\/shop\/alpin-und-hoehenmedizin\/","title":{"rendered":"Alpin- und H\u00f6henmedizin"},"content":{"rendered":"<p>Namhafte Alpinexperten aus dem deutschen Sprachraum (Schweiz, Deutschland,<br \/>\n\u00d6sterreich, S\u00fcdtirol) geben mit diesem Buch einen umfassenden \u00dcberblick \u00fcber<br \/>\ndie Sport- und Unfallmedizin im Gebirge sowie zur H\u00f6henmedizin. Unter anderem<br \/>\nbeleuchten sie Themen wie Training, Ern\u00e4hrung, Steigtaktik, Kinder, Schwangere<br \/>\nund chronisch Kranke am Berg. Die moderne Rettung aus Bergnot wird ebenso<br \/>\nbehandelt, wie der Aufstieg in die gro\u00dfen und extremen Hochgebirge bis hin zum<br \/>\nGipfel des Mount Everest.  <\/p>\n<p>Das Fachbuch wendet sich an Sportmediziner, Notfallmediziner, Ersthelfer und<br \/>\nandere \u00c4rzte und Interessierte &#8211; die eines gemeinsam haben: die Liebe zur Welt<br \/>\nder Berge.<\/p>\n<p>INHALT:<br \/>\nGeschichte und Entwicklung der modernen Berg- und alpinen Flugrettungsmedizin<br \/>\nsowie der Medizin der Grossen und Extremen H\u00f6hen.- I Alpine Sportmedizin.-<br \/>\nSpezifische Belastungsmuster des Alpinsports.- Trainingslehre und Steigtaktik<br \/>\nbeim Bergwandern und Bergsteigen.- Ern\u00e4hrung beim Bergwandern und<br \/>\nBergsteigen.- Grenzen der Leistungsf\u00e4higkeit in verschiedenen H\u00f6henlagen.-<br \/>\nBergwandern und Bergsteigen mit chronischen Krankheiten.- Orthop\u00e4dische<br \/>\nProbleme beim Bergsteigen.- Besonderheiten des Kinder- und<br \/>\nJugendbergsteigens.- Schwangerschaft, Antikonzeptiva und Bergsteigen.- Akute<br \/>\nund chronische Sch\u00e4den durch Sportklettern.- Therapeutisches Klettern.-<br \/>\nStrahlensch\u00e4den an der Haut im Hochgebirge.- Augensch\u00e4den im Hochgebirge.-<br \/>\nTerrestrische und kosmische Strahlung.- II Alpine Unfallmedizin.-<br \/>\nRisikomanagement und Unfallpr\u00e4vention im Alpinsport.- Angstzust\u00e4nde im<br \/>\nAlpinsport.- Alpine Traumatologie und Besonderheiten der \u00e4rztliche<br \/>\nErstversorgung am alpinen Unfallort.- Blitzunf\u00e4lle.- Akzidentelle<br \/>\nHypothermie.- Erfrierungen.- Lawinenmedizin.- Internistische Notf\u00e4lle im<br \/>\nGebirge, Erm\u00fcdung, Ersch\u00f6pfung.- Die lebensrettende Sofortbergung.-<br \/>\nTerrestrische Bergrettung.- Spezifische \u00e4rztliche Einsatztaktiken.- Canyoning-<br \/>\nund H\u00f6hlenunfall.- M\u00f6glichkeiten und Grenzen von notfallmedizinischen<br \/>\nMassnahmen bei terrestrischen Eins\u00e4tzen im alpinen Gel\u00e4nde.- M\u00f6glichkeiten und<br \/>\nGrenzen der alpinen Helikopterrettung.- Anforderungskriterien terrestrischer<br \/>\nBergrettungsarzt und alpiner Flugrettungsarzt.- Erste-Hilfe-Ausr\u00fcstung beim<br \/>\nBergsport \u2013 die Rucksackapotheke Berghold des Bergsteigers und des<br \/>\nbergsteigenden Arztes.- III H\u00f6henmedizin.- Physik der Mittleren, Grossen und<br \/>\nExtremen H\u00f6hen.- Physiologie der Mittleren, Grossen und Extremen H\u00f6hen.-<br \/>\nPulmonal-vaskul\u00e4re und sonstige Ver\u00e4nderungen unter Hypoxie.- Respiratorische<br \/>\nFarbstoffe unter Hypoxiebedingungen.- H\u00f6hensimulation: Technik und Bedeutung<br \/>\nf\u00fcr Medizin, Training und Forschung.- Intermittierende Hypoxie \u2013 H\u00f6hentraining<br \/>\nund Pr\u00e4akklimatisation.- Der Schlaf in der H\u00f6he.- Arterieller Blutdruck und<br \/>\nHypoxie.- H\u00f6hentrekking und H\u00f6henbergsteigen bei kardiologischen Erkrankungen:<br \/>\nHypertonie und Koronare Herzkrankheit.- H\u00f6hentrekking und H\u00f6henbergsteigen bei<br \/>\nkardiologischen Erkrankungen: Herzinsuffizienz.- Gesundheitstouristische<br \/>\nAspekte der Mittleren H\u00f6hen.- Die Praxis der H\u00f6hentaktik<br \/>\n(H\u00f6henakklimatisation).- Die akute H\u00f6henkrankheit.- Das H\u00f6henlungen\u00f6dem.- Das<br \/>\nH\u00f6henhirn\u00f6dem.- Die \u00e4rztliche Betreuung beim H\u00f6henbergsteigen &#8211; das<br \/>\nT\u00e4tigkeitsprofil des H\u00f6hentrekking- und Expeditionsarztes.- Die medizinische<br \/>\nAusr\u00fcstung beim H\u00f6hentrekking und beim Expeditionsbergsteigen.-<br \/>\nInfektionsrisken auf Bergreisen.<\/p>","protected":false},"excerpt":{"rendered":"<p>Namhafte Alpinexperten aus dem deutschen Sprachraum (Schweiz, Deutschland, \u00d6sterreich, S\u00fcdtirol) geben mit diesem Buch einen umfassenden \u00dcberblick \u00fcber die Sport- und Unfallmedizin im Gebirge sowie zur H\u00f6henmedizin. Unter anderem beleuchten sie Themen wie Training, Ern\u00e4hrung, Steigtaktik, Kinder, Schwangere und chronisch Kranke am Berg. Die moderne Rettung aus Bergnot wird ebenso behandelt, wie der Aufstieg in [&#8230;]\n","protected":false},"featured_media":41253,"template":"","meta":[],"product_brand":[],"product_cat":[21538],"product_tag":[],"class_list":{"0":"post-147205","1":"product","2":"type-product","3":"status-publish","4":"has-post-thumbnail","6":"product_cat-lehrbuecher","7":"pa_autor-berghold-et-alt","8":"pa_erscheinungsjahr-21597","9":"pa_region-medizin-recht","10":"pa_sprache-de","12":"first","13":"instock","14":"taxable","15":"shipping-taxable","16":"purchasable","17":"product-type-simple"},"_links":{"self":[{"href":"https:\/\/pizbube.ch\/en\/wp-json\/wp\/v2\/product\/147205","targetHints":{"allow":["GET"]}}],"collection":[{"href":"https:\/\/pizbube.ch\/en\/wp-json\/wp\/v2\/product"}],"about":[{"href":"https:\/\/pizbube.ch\/en\/wp-json\/wp\/v2\/types\/product"}],"wp:featuredmedia":[{"embeddable":true,"href":"https:\/\/pizbube.ch\/en\/wp-json\/wp\/v2\/media\/41253"}],"wp:attachment":[{"href":"https:\/\/pizbube.ch\/en\/wp-json\/wp\/v2\/media?parent=147205"}],"wp:term":[{"taxonomy":"product_brand","embeddable":true,"href":"https:\/\/pizbube.ch\/en\/wp-json\/wp\/v2\/product_brand?post=147205"},{"taxonomy":"product_cat","embeddable":true,"href":"https:\/\/pizbube.ch\/en\/wp-json\/wp\/v2\/product_cat?post=147205"},{"taxonomy":"product_tag","embeddable":true,"href":"https:\/\/pizbube.ch\/en\/wp-json\/wp\/v2\/product_tag?post=147205"}],"curies":[{"name":"wp","href":"https:\/\/api.w.org\/{rel}","templated":true}]}}