{"id":147206,"date":"2021-01-15T10:54:54","date_gmt":"2021-01-15T10:54:54","guid":{"rendered":"https:\/\/codengine3.ch\/?product=import-placeholder-for-201816"},"modified":"2021-01-15T12:04:50","modified_gmt":"2021-01-15T12:04:50","slug":"bergmedizin","status":"publish","type":"product","link":"https:\/\/pizbube.ch\/en\/shop\/bergmedizin\/","title":{"rendered":"Bergmedizin"},"content":{"rendered":"<p>H\u00f6henbedingte Erkrankungen und Gesundheitsgefahren bei Bergsteigern  <\/p>\n<p>Das Handbuch f\u00fcr die medizinische Betreuung von Bergsteigern und<br \/>\nTrekkingexpeditionen.  <\/p>\n<p>Der Hochgebirgs-Tourismus nimmt weiterhin zu; vor allem reisen auch unge\u00fcbte<br \/>\nBergsteiger heute in H\u00f6hen, die f\u00fcr sie gesundheitlich problematisch sind.<br \/>\nDeshalb legt dieses Handbuch der Bergmedizin f\u00fcr beratende \u00c4rzte zuhause und<br \/>\nExpeditions\u00e4rzte einen Schwerpunkt auf den h\u00f6henbedingten Erkrankungen (AMS,<br \/>\nHACE, HAPE). Aber auch die Auswirkungen von K\u00e4lte und UV-Strahlung,<br \/>\nSchneeblindheit, Reiseinfektionen und f\u00fcr Bergsteiger und Skifahrer typische<br \/>\nUnf\u00e4lle und Verletzungen werden behandelt. Besondere Kapitel gehen auf die<br \/>\nBed\u00fcrfnisse von Kindern, Schwangeren und chronisch Kranken in den Bergen ein.<br \/>\nDas Buch ist prim\u00e4r f\u00fcr \u00c4rzte geschrieben, aber ein ausf\u00fchrliches Glossar<br \/>\nmacht es f\u00fcr alle diejenigen nutzbar, die ohne Arzt im Gebirge ihre Gesundheit<br \/>\nund die ihrer Mitreisenden sicherstellen wollen.  <\/p>","protected":false},"excerpt":{"rendered":"<p>H\u00f6henbedingte Erkrankungen und Gesundheitsgefahren bei Bergsteigern Das Handbuch f\u00fcr die medizinische Betreuung von Bergsteigern und Trekkingexpeditionen. Der Hochgebirgs-Tourismus nimmt weiterhin zu; vor allem reisen auch unge\u00fcbte Bergsteiger heute in H\u00f6hen, die f\u00fcr sie gesundheitlich problematisch sind. Deshalb legt dieses Handbuch der Bergmedizin f\u00fcr beratende \u00c4rzte zuhause und Expeditions\u00e4rzte einen Schwerpunkt auf den h\u00f6henbedingten Erkrankungen (AMS, [&#8230;]\n","protected":false},"featured_media":29202,"template":"","meta":[],"product_brand":[],"product_cat":[21538],"product_tag":[],"class_list":{"0":"post-147206","1":"product","2":"type-product","3":"status-publish","4":"has-post-thumbnail","6":"product_cat-lehrbuecher","7":"pa_autor-pollard-murdoch","8":"pa_erscheinungsjahr-21842","9":"pa_region-medizin-recht","10":"pa_sprache-de","12":"first","13":"instock","14":"taxable","15":"shipping-taxable","16":"purchasable","17":"product-type-simple"},"_links":{"self":[{"href":"https:\/\/pizbube.ch\/en\/wp-json\/wp\/v2\/product\/147206","targetHints":{"allow":["GET"]}}],"collection":[{"href":"https:\/\/pizbube.ch\/en\/wp-json\/wp\/v2\/product"}],"about":[{"href":"https:\/\/pizbube.ch\/en\/wp-json\/wp\/v2\/types\/product"}],"wp:featuredmedia":[{"embeddable":true,"href":"https:\/\/pizbube.ch\/en\/wp-json\/wp\/v2\/media\/29202"}],"wp:attachment":[{"href":"https:\/\/pizbube.ch\/en\/wp-json\/wp\/v2\/media?parent=147206"}],"wp:term":[{"taxonomy":"product_brand","embeddable":true,"href":"https:\/\/pizbube.ch\/en\/wp-json\/wp\/v2\/product_brand?post=147206"},{"taxonomy":"product_cat","embeddable":true,"href":"https:\/\/pizbube.ch\/en\/wp-json\/wp\/v2\/product_cat?post=147206"},{"taxonomy":"product_tag","embeddable":true,"href":"https:\/\/pizbube.ch\/en\/wp-json\/wp\/v2\/product_tag?post=147206"}],"curies":[{"name":"wp","href":"https:\/\/api.w.org\/{rel}","templated":true}]}}