{"id":147208,"date":"2021-01-15T10:54:54","date_gmt":"2021-01-15T10:54:54","guid":{"rendered":"https:\/\/codengine3.ch\/?product=import-placeholder-for-208168"},"modified":"2021-01-15T17:50:58","modified_gmt":"2021-01-15T17:50:58","slug":"trekking-und-hoehenbergsteigen","status":"publish","type":"product","link":"https:\/\/pizbube.ch\/en\/shop\/trekking-und-hoehenbergsteigen\/","title":{"rendered":"Trekking und H\u00f6henbergsteigen"},"content":{"rendered":"<p>Ein medizinischer Ratgeber nicht nur f\u00fcr ExpeditionistInnen! F\u00fcr alle, die<br \/>\neine l\u00e4ngere Tour und\/oder eine Expedition in gro\u00dfe H\u00f6hen ins Auge fassen ist<br \/>\ndieses kleine Buch ein unerl\u00e4\u00dflicher Ratgeber. Auch wenn der Autor<br \/>\nnachgewiesenerma\u00dfen Mediziner ist, ist der Text erfrischend unpathetisch<br \/>\naufbereitet. Kurz, b\u00fcndig und sehr verst\u00e4ndlich wird fast schlagwortartig<br \/>\nalles abgehandelt, was gerade f\u00fcr Touren in Extremregionen unerl\u00e4\u00dflich ist.<br \/>\nMedizinische Fakten und Zusammenh\u00e4nge werden klar erkl\u00e4rt und auch auf oftmals<br \/>\n\u00fcbersehene psychologische Einfl\u00fcsse wird eindeutig hingewiesen. F\u00fcr Neulinge<br \/>\nauf dem Sektor Extremtouren ist dieses kleine Werk schon aus dem Grunde<br \/>\nwichtig, weil sie hier kurz alles Entscheidende finden &#8211; und sie so trotz der<br \/>\nvielleicht vorhandenen Euphorie wegen des neuen Projekts eindringlich auf<br \/>\nlebensbedrohende Gefahren hingewiesen werden. F\u00fcr &#8218;Profis&#8216; sind alleine schon<br \/>\ndie ausgezeichneten Register \u00fcber Medikamente, die scheinbar banalen, im<br \/>\nErnstfall aber lebensnotwendigen Checklisten oder die ausgew\u00e4hlte<br \/>\nBibliographie den Anschaffungspreis leicht wert.  <\/p>","protected":false},"excerpt":{"rendered":"<p>Ein medizinischer Ratgeber nicht nur f\u00fcr ExpeditionistInnen! F\u00fcr alle, die eine l\u00e4ngere Tour und\/oder eine Expedition in gro\u00dfe H\u00f6hen ins Auge fassen ist dieses kleine Buch ein unerl\u00e4\u00dflicher Ratgeber. Auch wenn der Autor nachgewiesenerma\u00dfen Mediziner ist, ist der Text erfrischend unpathetisch aufbereitet. Kurz, b\u00fcndig und sehr verst\u00e4ndlich wird fast schlagwortartig alles abgehandelt, was gerade f\u00fcr [&#8230;]\n","protected":false},"featured_media":39525,"template":"","meta":[],"product_brand":[],"product_cat":[21538],"product_tag":[],"class_list":{"0":"post-147208","1":"product","2":"type-product","3":"status-publish","4":"has-post-thumbnail","6":"product_cat-lehrbuecher","7":"pa_autor-hochholzer","8":"pa_erscheinungsjahr-22151","9":"pa_region-medizin-recht","10":"pa_sprache-de","12":"first","13":"instock","14":"taxable","15":"shipping-taxable","16":"purchasable","17":"product-type-simple"},"_links":{"self":[{"href":"https:\/\/pizbube.ch\/en\/wp-json\/wp\/v2\/product\/147208","targetHints":{"allow":["GET"]}}],"collection":[{"href":"https:\/\/pizbube.ch\/en\/wp-json\/wp\/v2\/product"}],"about":[{"href":"https:\/\/pizbube.ch\/en\/wp-json\/wp\/v2\/types\/product"}],"wp:featuredmedia":[{"embeddable":true,"href":"https:\/\/pizbube.ch\/en\/wp-json\/wp\/v2\/media\/39525"}],"wp:attachment":[{"href":"https:\/\/pizbube.ch\/en\/wp-json\/wp\/v2\/media?parent=147208"}],"wp:term":[{"taxonomy":"product_brand","embeddable":true,"href":"https:\/\/pizbube.ch\/en\/wp-json\/wp\/v2\/product_brand?post=147208"},{"taxonomy":"product_cat","embeddable":true,"href":"https:\/\/pizbube.ch\/en\/wp-json\/wp\/v2\/product_cat?post=147208"},{"taxonomy":"product_tag","embeddable":true,"href":"https:\/\/pizbube.ch\/en\/wp-json\/wp\/v2\/product_tag?post=147208"}],"curies":[{"name":"wp","href":"https:\/\/api.w.org\/{rel}","templated":true}]}}