{"id":147210,"date":"2021-01-15T10:54:54","date_gmt":"2021-01-15T10:54:54","guid":{"rendered":"https:\/\/codengine3.ch\/?product=import-placeholder-for-206398"},"modified":"2024-07-27T14:28:44","modified_gmt":"2024-07-27T12:28:44","slug":"trekking-expeditionsbergsteigen","status":"publish","type":"product","link":"https:\/\/pizbube.ch\/en\/shop\/trekking-expeditionsbergsteigen\/","title":{"rendered":"Trekking &amp; Expeditionsbergsteigen"},"content":{"rendered":"<p>Dieser medizinische Ratgeber soll den Leser in die Lage versetzen, sich optimal auf eine geplante Trekking- oder H\u00f6hentour vorzubereiten.<\/p>\n<p>H\u00f6henmedizin ist prinzipiell einfach: Wenn man sich in der H\u00f6he nicht wohl f\u00fchlt, steigt man nicht weiter auf. Doch ob Trekker oder Bergsteiger \u2013 immer mehr suchen die Einsamkeit in der Natur oder wollen hoch hinaus! Und scheitern oft aus Unwissenheit an H\u00f6henproblemen.<\/p>\n<p>Dieser medizinische Ratgeber soll den Leser in die Lage versetzen, sich optimal auf eine geplante Tour vorzubereiten. Dazu haben eine Reihe von Autoren, allesamt Bergsteiger, Bergf\u00fchrer oder \u00c4rzte, beigetragen. Neben den Kapiteln `Trekking`, `Akklimatisation` und `Extreme H\u00f6he` werden unter anderem auch `Training` oder `Polarmedizin` ausf\u00fchrlich beschrieben. Wertvolle Tipps, Abbildungen und Ausr\u00fcstungslisten lassen am Ende wenig Fragen offen.<\/p>\n<p>Der Inhalt:<br \/>\nPhysik-Physiologie; H\u00f6henst\u00f6rungen; Akklimatisation; Reisemedizin; Trekking;<br \/>\nExtreme H\u00f6he; Polarmedizin; Training\/Leistung; Ern\u00e4hrung\/Fl\u00fcssigkeitshaushalt;<br \/>\nAusr\u00fcstung; \u00c4rtzliche Betreuung- Medikamente<br \/>\nAnhang:<br \/>\nAusr\u00fcstungsliste; Reisemedizin Infektionsgebiete; Begriffserkl\u00e4rung; Wichtige<br \/>\nAdressen und www.; Literaturverzeichnis<\/p>","protected":false},"excerpt":{"rendered":"<ul>\n<li><strong><a href=\"https:\/\/pizbube.ch\/wp-content\/uploads\/attachments\/a_003\/25F00C4BD58464194D81A1B7291CA3F9.pdf\" target=\"_blank\" rel=\"noopener\">PDF: Trekking und Expeditionsbergsteigen Leseprobe<\/a><\/strong><\/li>\n<\/ul>","protected":false},"featured_media":174105,"template":"","meta":[],"product_brand":[],"product_cat":[21538],"product_tag":[],"class_list":{"0":"post-147210","1":"product","2":"type-product","3":"status-publish","4":"has-post-thumbnail","6":"product_cat-lehrbuecher","7":"pa_autor-hochholzer-burtscher","8":"pa_erscheinungsjahr-21610","9":"pa_region-medizin-recht","10":"pa_sprache-de","12":"first","13":"instock","14":"taxable","15":"shipping-taxable","16":"purchasable","17":"product-type-simple"},"_links":{"self":[{"href":"https:\/\/pizbube.ch\/en\/wp-json\/wp\/v2\/product\/147210","targetHints":{"allow":["GET"]}}],"collection":[{"href":"https:\/\/pizbube.ch\/en\/wp-json\/wp\/v2\/product"}],"about":[{"href":"https:\/\/pizbube.ch\/en\/wp-json\/wp\/v2\/types\/product"}],"wp:featuredmedia":[{"embeddable":true,"href":"https:\/\/pizbube.ch\/en\/wp-json\/wp\/v2\/media\/174105"}],"wp:attachment":[{"href":"https:\/\/pizbube.ch\/en\/wp-json\/wp\/v2\/media?parent=147210"}],"wp:term":[{"taxonomy":"product_brand","embeddable":true,"href":"https:\/\/pizbube.ch\/en\/wp-json\/wp\/v2\/product_brand?post=147210"},{"taxonomy":"product_cat","embeddable":true,"href":"https:\/\/pizbube.ch\/en\/wp-json\/wp\/v2\/product_cat?post=147210"},{"taxonomy":"product_tag","embeddable":true,"href":"https:\/\/pizbube.ch\/en\/wp-json\/wp\/v2\/product_tag?post=147210"}],"curies":[{"name":"wp","href":"https:\/\/api.w.org\/{rel}","templated":true}]}}