{"id":147211,"date":"2021-01-15T10:54:54","date_gmt":"2021-01-15T10:54:54","guid":{"rendered":"https:\/\/codengine3.ch\/?product=import-placeholder-for-208259"},"modified":"2021-01-15T17:52:02","modified_gmt":"2021-01-15T17:52:02","slug":"die-alpen-apotheke","status":"publish","type":"product","link":"https:\/\/pizbube.ch\/en\/shop\/die-alpen-apotheke\/","title":{"rendered":"Die Alpen-Apotheke"},"content":{"rendered":"<p>\nHausmittel zum Selbermachen  <\/p>\n<p>Altes Kr\u00e4uterwissen f\u00fcr viele Gesundheitsbeschwerden Bauerndoktoren aus dem<br \/>\nAlpenraum nutzten schon immer die Heilkr\u00e4fte der Natur und haben einen Schatz<br \/>\nan wertvollen Hausmitteln hinterlassen. Das alte Wissen, das vielerorts schon<br \/>\nin Vergessenheit geraten ist, hat der Apotheker Arnold Achm\u00fcller gesammelt,<br \/>\ngesichtet, gepr\u00fcft und um praktische Tipps erweitert. &#8211; Wickel, Salben und<br \/>\nTinkturen &#8211; Gegliedert nach Beschwerden &#8211; Aktuelles aus Forschung und<br \/>\nWissenschaft<\/p>\n<p>Gesundheits-Ratgeber und Heilbuch mit dem geheimen Wissen der Kr\u00e4uterdoktoren.<br \/>\nDie Bauerndoktoren der Alpen besa\u00dfen ein \u00fcberliefertes Kr\u00e4uterwissen, das<br \/>\nvielen Menschen half, Krankheiten zu behandeln. Ob bei Verdauungsproblemen,<br \/>\nAtemwegserkrankungen oder Gelenkbeschwerden: Die Bauerndoktoren hatten f\u00fcr<br \/>\nalles ein Mittel, nutzten die Heilkr\u00e4fte der Natur und haben einen Schatz an<br \/>\nwertvollen Hausmitteln aus Heil-Kr\u00e4utern hinterlassen.  <\/p>\n<p>Die Rezepte und Rezepturen f\u00fcr Wickel, Salben oder Tinkturen hat der Wiener<br \/>\nApotheker Arnold Achm\u00fcller seit Jahren gesammelt und wissenschaftlich gepr\u00fcft.<br \/>\nErweitert um neueste Forschung, praktische Tipps und hilfreiche Illustrationen<br \/>\nsowie gegliedert nach Gesundheitsbeschwerden entstand so dieses wertvolle<br \/>\nNachschlagewerk. Die Alpen-Apotheke macht uns heute das erprobte Kr\u00e4uterwissen<br \/>\nwieder zug\u00e4nglich.<\/p>\n<p>Arnold Achm\u00fcller wurde 1982 in Bruneck geboren und ist seit Abschluss seines<br \/>\nPharmaziestudiums als Apotheker in Wien t\u00e4tig. Parallel dazu besch\u00e4ftigt er<br \/>\nsich seit Jahren mit der alpinen Kr\u00e4uterkunde und mit alten Heilverfahren.<\/p>","protected":false},"excerpt":{"rendered":"<p>Hausmittel zum Selbermachen Altes Kr\u00e4uterwissen f\u00fcr viele Gesundheitsbeschwerden Bauerndoktoren aus dem Alpenraum nutzten schon immer die Heilkr\u00e4fte der Natur und haben einen Schatz an wertvollen Hausmitteln hinterlassen. Das alte Wissen, das vielerorts schon in Vergessenheit geraten ist, hat der Apotheker Arnold Achm\u00fcller gesammelt, gesichtet, gepr\u00fcft und um praktische Tipps erweitert. &#8211; Wickel, Salben und Tinkturen [&#8230;]\n","protected":false},"featured_media":39793,"template":"","meta":[],"product_brand":[],"product_cat":[21538],"product_tag":[],"class_list":{"0":"post-147211","1":"product","2":"type-product","3":"status-publish","4":"has-post-thumbnail","6":"product_cat-lehrbuecher","7":"pa_autor-achmueller","8":"pa_erscheinungsjahr-21574","9":"pa_region-medizin-recht","10":"pa_sprache-de","12":"first","13":"instock","14":"taxable","15":"shipping-taxable","16":"purchasable","17":"product-type-simple"},"_links":{"self":[{"href":"https:\/\/pizbube.ch\/en\/wp-json\/wp\/v2\/product\/147211","targetHints":{"allow":["GET"]}}],"collection":[{"href":"https:\/\/pizbube.ch\/en\/wp-json\/wp\/v2\/product"}],"about":[{"href":"https:\/\/pizbube.ch\/en\/wp-json\/wp\/v2\/types\/product"}],"wp:featuredmedia":[{"embeddable":true,"href":"https:\/\/pizbube.ch\/en\/wp-json\/wp\/v2\/media\/39793"}],"wp:attachment":[{"href":"https:\/\/pizbube.ch\/en\/wp-json\/wp\/v2\/media?parent=147211"}],"wp:term":[{"taxonomy":"product_brand","embeddable":true,"href":"https:\/\/pizbube.ch\/en\/wp-json\/wp\/v2\/product_brand?post=147211"},{"taxonomy":"product_cat","embeddable":true,"href":"https:\/\/pizbube.ch\/en\/wp-json\/wp\/v2\/product_cat?post=147211"},{"taxonomy":"product_tag","embeddable":true,"href":"https:\/\/pizbube.ch\/en\/wp-json\/wp\/v2\/product_tag?post=147211"}],"curies":[{"name":"wp","href":"https:\/\/api.w.org\/{rel}","templated":true}]}}