{"id":147213,"date":"2021-01-15T10:54:54","date_gmt":"2021-01-15T10:54:54","guid":{"rendered":"https:\/\/codengine3.ch\/?product=import-placeholder-for-206854"},"modified":"2021-01-15T14:52:40","modified_gmt":"2021-01-15T14:52:40","slug":"annapurna-treks","status":"publish","type":"product","link":"https:\/\/pizbube.ch\/en\/shop\/annapurna-treks\/","title":{"rendered":"Annapurna Treks"},"content":{"rendered":"<p>Annapurna-Runde \u2013 Annapurna Base Camp \u2013 Nar Phu \u2013 Tilicho Lake \u2013 Poon Hill  <\/p>\n<p>Der Himalaya, das Dach der Welt, zieht viele Bergsteiger und Wanderer magisch<br \/>\nan. Kein anderes Land wird so eng mit Trekking im Himalaya verbunden wie<br \/>\nNepal; das Annapurna-Gebiet z\u00e4hlt wohl zu den bekanntesten Trekkinggebieten<br \/>\nder Erde. Es sind die Gegens\u00e4tze, die diese Region so einzigartig machen:<br \/>\nschneebedeckte Eisriesen und gr\u00fcne Reisfelder, lebendige D\u00f6rfer mit bunten, im<br \/>\nWind flatternde Gebetsfahnen und weite, karge Hocht\u00e4ler.  <\/p>\n<p>Der Rother Wanderf\u00fchrer &#8218;Annapurna-Treks&#8216; enth\u00e4lt Treks f\u00fcr jeden Geschmack,<br \/>\nvon der einfachen, dreit\u00e4tigen Route auf den Poon Hill bis zu anspruchsvollen<br \/>\nTouren mit Expeditionscharakter, wie der Annapurna-Umrundung \u2013 der Trekking-<br \/>\nKlassiker schlechthin. Der Nar Phu Trek ist eine spannende, bisher eher<br \/>\nunerschlossene Tour vor, zu den nahe der tibetischen Grenze gelegenen<br \/>\nOrtschaften Nar und Phu. Au\u00dferdem werden der Annapurna Basecamp Trek und der<br \/>\nTilicho Lake Trek vorgestellt.<br \/>\nCharakteristisch f\u00fcr das Annapurna-Gebiet ist, dass die meisten Touren auf<br \/>\nunter 1000 Meter H\u00f6he starten und dann zum Teil P\u00e4sse mit mehr als 5000 Meter<br \/>\n\u00fcberwunden werden. Es werden also die unterschiedlichsten Vegetationsstufen<br \/>\ndurchwandert.  <\/p>\n<p>Aufbereitet sind die Tourenvorschl\u00e4ge in der bew\u00e4hrten Qualit\u00e4t der Rother<br \/>\nWanderf\u00fchrer. Exakte Routenbeschreibungen, Wanderk\u00e4rtchen, GPS-Tracks zum<br \/>\nDownload, H\u00f6henprofile, detaillierte Informationen zur Infrastruktur unterwegs<br \/>\nsowie pers\u00f6nliche Tipps erleichtern die Planung und Orientierung. Neben<br \/>\nausf\u00fchrlichen Hintergrundinformationen zu Land, Leuten und Kultur machen<br \/>\nzahlreiche Fotos Lust auf einen Trekkingurlaub in Nepal.  <\/p>\n<p>304 Seiten mit 206 Farbabbildungen, 41 H\u00f6henprofile, 35 Wanderk\u00e4rtchen im<br \/>\nMa\u00dfstab 1:100.000, zwei \u00dcbersichtskarten im Ma\u00dfstab 1:500.000 und 1:1.000.000<br \/>\n4. aktualisierte Auflage 2020  <\/p>","protected":false},"excerpt":{"rendered":"<ul>\n<li><a href=\"https:\/\/pizbube.ch\/wp-content\/uploads\/attachments\/a_031\/F2088304F3794540ADAF94D510358022.pdf\" target=\"_blank\" rel=\"noopener\">PDF: inhaltsverzeichnis_annapurna_trekking.pdf<\/a><\/li>\n<\/ul>","protected":false},"featured_media":40122,"template":"","meta":[],"product_brand":[],"product_cat":[21605],"product_tag":[],"class_list":{"0":"post-147213","1":"product","2":"type-product","3":"status-publish","4":"has-post-thumbnail","6":"product_cat-wanderfuehrer-trekking","7":"pa_autor-baur-arnold","8":"pa_erscheinungsjahr-21558","9":"pa_region-asien","10":"pa_sprache-de","12":"first","13":"instock","14":"taxable","15":"shipping-taxable","16":"purchasable","17":"product-type-simple"},"_links":{"self":[{"href":"https:\/\/pizbube.ch\/en\/wp-json\/wp\/v2\/product\/147213","targetHints":{"allow":["GET"]}}],"collection":[{"href":"https:\/\/pizbube.ch\/en\/wp-json\/wp\/v2\/product"}],"about":[{"href":"https:\/\/pizbube.ch\/en\/wp-json\/wp\/v2\/types\/product"}],"wp:featuredmedia":[{"embeddable":true,"href":"https:\/\/pizbube.ch\/en\/wp-json\/wp\/v2\/media\/40122"}],"wp:attachment":[{"href":"https:\/\/pizbube.ch\/en\/wp-json\/wp\/v2\/media?parent=147213"}],"wp:term":[{"taxonomy":"product_brand","embeddable":true,"href":"https:\/\/pizbube.ch\/en\/wp-json\/wp\/v2\/product_brand?post=147213"},{"taxonomy":"product_cat","embeddable":true,"href":"https:\/\/pizbube.ch\/en\/wp-json\/wp\/v2\/product_cat?post=147213"},{"taxonomy":"product_tag","embeddable":true,"href":"https:\/\/pizbube.ch\/en\/wp-json\/wp\/v2\/product_tag?post=147213"}],"curies":[{"name":"wp","href":"https:\/\/api.w.org\/{rel}","templated":true}]}}