{"id":147219,"date":"2021-01-15T10:54:54","date_gmt":"2021-01-15T10:54:54","guid":{"rendered":"https:\/\/codengine3.ch\/?product=import-placeholder-for-202391"},"modified":"2025-05-08T08:49:51","modified_gmt":"2025-05-08T06:49:51","slug":"nepal-annapurna","status":"publish","type":"product","link":"https:\/\/pizbube.ch\/en\/shop\/nepal-annapurna\/","title":{"rendered":"Nepal: Annapurna"},"content":{"rendered":"<p>Das Annapurna-Gebiet ist Nepals beliebtestes Trekkinggebiet. Der Wanderer wird<br \/>\nnicht nur durch die tiefste Schlucht der Welt, das Kali-Gandaki-Tal, gef\u00fchrt,<br \/>\nsondern erlebt auch einen Querschnitt grandioser landschaftlicher Vielfalt,<br \/>\nwenn er vom subtropischen Dschungelgebiet durch Reisterrassen und tropischen<br \/>\nH\u00f6henwald in die Trockenlandschaften der tibetischen Hochebene aufsteigt und<br \/>\nentlang der alten Salzhandelsstra\u00dfe bis hinauf zu den Schneefeldern des 5.380<br \/>\nm hohen Thorong-La-Passes gelangt. Dieser stellt das schwierigste Teilst\u00fcck<br \/>\nder Gesamtumrundung des Annapurna-Massivs dar. Die Wanderroute ist<br \/>\nhervorragend ausgebaut und verf\u00fcgt \u00fcber zahlreiche Unterkunftsm\u00f6glichkeiten in<br \/>\nbequemen Abst\u00e4nden. Die detaillierten Streckenbeschreibungen mit ausf\u00fchrlichen<br \/>\nErl\u00e4uterungen zum jeweiligen Panorama wie auch allerhand n\u00fctzliche Tipps<br \/>\nverhelfen zu einem einmaligen Wandererlebnis. Achtung: Der Tourenf\u00fchrer ist<br \/>\nkomplett \u00fcberarbeitet worden und stellt auch die neuen Alternativwege, die<br \/>\nsogenannten NATT-Trails (New Annapurna Trekking Trails) vor, die seit dem<br \/>\nStra\u00dfenbau entstanden sind und die neue Fahrpiste umgehen.<br \/>\n5. Auflage 2012, 144 Seiten, 12 Karten, 36 farbige Abbildungen, 8 farbige<br \/>\nH\u00f6henprofile<\/p>","protected":false},"excerpt":{"rendered":"<p>Das Annapurna-Gebiet ist Nepals beliebtestes Trekkinggebiet. Der Wanderer wird nicht nur durch die tiefste Schlucht der Welt, das Kali-Gandaki-Tal, gef\u00fchrt, sondern erlebt auch einen Querschnitt grandioser landschaftlicher Vielfalt, wenn er vom subtropischen Dschungelgebiet durch Reisterrassen und tropischen H\u00f6henwald in die Trockenlandschaften der tibetischen Hochebene aufsteigt und entlang der alten Salzhandelsstra\u00dfe bis hinauf zu den Schneefeldern [&#8230;]\n","protected":false},"featured_media":29777,"template":"","meta":[],"product_brand":[],"product_cat":[21605],"product_tag":[],"class_list":{"0":"post-147219","1":"product","2":"type-product","3":"status-publish","4":"has-post-thumbnail","6":"product_cat-wanderfuehrer-trekking","7":"pa_autor-kuerschner","8":"pa_erscheinungsjahr-21621","9":"pa_region-asien","10":"pa_sprache-de","12":"first","13":"outofstock","14":"taxable","15":"shipping-taxable","16":"purchasable","17":"product-type-simple"},"_links":{"self":[{"href":"https:\/\/pizbube.ch\/en\/wp-json\/wp\/v2\/product\/147219","targetHints":{"allow":["GET"]}}],"collection":[{"href":"https:\/\/pizbube.ch\/en\/wp-json\/wp\/v2\/product"}],"about":[{"href":"https:\/\/pizbube.ch\/en\/wp-json\/wp\/v2\/types\/product"}],"wp:featuredmedia":[{"embeddable":true,"href":"https:\/\/pizbube.ch\/en\/wp-json\/wp\/v2\/media\/29777"}],"wp:attachment":[{"href":"https:\/\/pizbube.ch\/en\/wp-json\/wp\/v2\/media?parent=147219"}],"wp:term":[{"taxonomy":"product_brand","embeddable":true,"href":"https:\/\/pizbube.ch\/en\/wp-json\/wp\/v2\/product_brand?post=147219"},{"taxonomy":"product_cat","embeddable":true,"href":"https:\/\/pizbube.ch\/en\/wp-json\/wp\/v2\/product_cat?post=147219"},{"taxonomy":"product_tag","embeddable":true,"href":"https:\/\/pizbube.ch\/en\/wp-json\/wp\/v2\/product_tag?post=147219"}],"curies":[{"name":"wp","href":"https:\/\/api.w.org\/{rel}","templated":true}]}}