{"id":147220,"date":"2021-01-15T10:54:55","date_gmt":"2021-01-15T10:54:55","guid":{"rendered":"https:\/\/codengine3.ch\/?product=import-placeholder-for-204975"},"modified":"2021-01-15T14:37:44","modified_gmt":"2021-01-15T14:37:44","slug":"objectif-trek-le-tour-des-annapurnas-the-annapurna-tour-dvd","status":"publish","type":"product","link":"https:\/\/pizbube.ch\/en\/shop\/objectif-trek-le-tour-des-annapurnas-the-annapurna-tour-dvd\/","title":{"rendered":"Objectif Trek: Le tour des Annapurnas \/ The Annapurna Tour DVD"},"content":{"rendered":"<p>Chlorofilm vous pr\u00e9sente son 4\u00e8me DVD topo-vid\u00e9o, &#8218;Le Tour des Annapurnas&#8216;.<br \/>\nCe dernier num\u00e9ro vous est propos\u00e9 sous la collection OBJECTIF TREK,<br \/>\nsp\u00e9cialis\u00e9e dans les treks \u00e0 l&#8217;\u00e9tranger.  <\/p>\n<p>&#8218;Le Tour des Annapurnas&#8216; inaugure une s\u00e9rie de destinations qui vous feront<br \/>\nr\u00eaver.  <\/p>\n<p>R\u00e9alis\u00e9 avec le m\u00eame esprit qu&#8217;OBJECTIF RANDO, OBJECTIF TREK vous pr\u00e9sente<br \/>\ndans le d\u00e9tail toutes les \u00e9tapes de votre Tour, et vous plonge pendant plus de<br \/>\n2 heures au coeur de l&#8217;Himalaya.  <\/p>\n<p>NAMAST\u00c9, bienvenue sur l&#8217;un des treks des plus mythiques au monde : Le tour<br \/>\ndes Annapurnas.  <\/p>\n<p>Ce trek est un concentr\u00e9 de montagnes au coeur de l&#8217;Himalaya : Manaslu,<br \/>\nDhaulagiri, Annapurna&#8230; De la for\u00eat subtropicale (750 m) \u00e0 la haute montagne<br \/>\n(Thorong La, 5416 m), les 250 km du circuit vous feront d\u00e9couvrir une mosa\u00efque<br \/>\nde peuples et de paysages.  <\/p>\n<p>Objectif Trek vous pr\u00e9sente le film du Tour des Annapurnas d\u00e9coup\u00e9 en 16<br \/>\n\u00e9tapes, avec de nombreux sujets g\u00e9ographiques et culturels qui vous<br \/>\npermettront de pr\u00e9parer au mieux votre trek au N\u00e9pal.  <\/p>\n<p>En bonus : un film de 15 mn sur Katmandou et sa vall\u00e9e, un film sur les<br \/>\npr\u00e9paratifs, un livret avec une carte des Annapurnas et Katmandou, plus un<br \/>\nlexique.  <\/p>","protected":false},"excerpt":{"rendered":"<p>Chlorofilm vous pr\u00e9sente son 4\u00e8me DVD topo-vid\u00e9o, &#8218;Le Tour des Annapurnas&#8216;. Ce dernier num\u00e9ro vous est propos\u00e9 sous la collection OBJECTIF TREK, sp\u00e9cialis\u00e9e dans les treks \u00e0 l&#8217;\u00e9tranger. &#8218;Le Tour des Annapurnas&#8216; inaugure une s\u00e9rie de destinations qui vous feront r\u00eaver. R\u00e9alis\u00e9 avec le m\u00eame esprit qu&#8217;OBJECTIF RANDO, OBJECTIF TREK vous pr\u00e9sente dans le d\u00e9tail [&#8230;]\n","protected":false},"featured_media":33540,"template":"","meta":[],"product_brand":[],"product_cat":[21628],"product_tag":[],"class_list":{"0":"post-147220","1":"product","2":"type-product","3":"status-publish","4":"has-post-thumbnail","6":"product_cat-video-dvd-multimedia","7":"pa_autor-beauvais-varambon","8":"pa_erscheinungsjahr-21763","9":"pa_region-asien","10":"pa_sprache-e","11":"pa_sprache-f","13":"first","14":"instock","15":"taxable","16":"shipping-taxable","17":"purchasable","18":"product-type-simple"},"_links":{"self":[{"href":"https:\/\/pizbube.ch\/en\/wp-json\/wp\/v2\/product\/147220","targetHints":{"allow":["GET"]}}],"collection":[{"href":"https:\/\/pizbube.ch\/en\/wp-json\/wp\/v2\/product"}],"about":[{"href":"https:\/\/pizbube.ch\/en\/wp-json\/wp\/v2\/types\/product"}],"wp:featuredmedia":[{"embeddable":true,"href":"https:\/\/pizbube.ch\/en\/wp-json\/wp\/v2\/media\/33540"}],"wp:attachment":[{"href":"https:\/\/pizbube.ch\/en\/wp-json\/wp\/v2\/media?parent=147220"}],"wp:term":[{"taxonomy":"product_brand","embeddable":true,"href":"https:\/\/pizbube.ch\/en\/wp-json\/wp\/v2\/product_brand?post=147220"},{"taxonomy":"product_cat","embeddable":true,"href":"https:\/\/pizbube.ch\/en\/wp-json\/wp\/v2\/product_cat?post=147220"},{"taxonomy":"product_tag","embeddable":true,"href":"https:\/\/pizbube.ch\/en\/wp-json\/wp\/v2\/product_tag?post=147220"}],"curies":[{"name":"wp","href":"https:\/\/api.w.org\/{rel}","templated":true}]}}