{"id":147223,"date":"2021-01-15T10:54:55","date_gmt":"2021-01-15T10:54:55","guid":{"rendered":"https:\/\/codengine3.ch\/?product=import-placeholder-for-200173"},"modified":"2025-11-13T11:38:10","modified_gmt":"2025-11-13T10:38:10","slug":"illegal-am-everest","status":"publish","type":"product","link":"https:\/\/pizbube.ch\/en\/shop\/illegal-am-everest\/","title":{"rendered":"Illegal am Everest"},"content":{"rendered":"<p>Mein steiniger Weg auf der Suche nach dem Gl\u00fcck<\/p>\n<p>Hans-Peter Duttle kommt 1938 in Beirut zur Welt. Der Ausbruch des Zweiten<br \/>\nWeltkriegs und die Geburt seines Bruders Rudi werfen einen langen Schatten auf<br \/>\nsein zuk\u00fcnftiges Leben. Um der Realit\u00e4t zu entkommen, fl\u00fcchtet sich der<br \/>\nSchweizer Diplomatensohn erst in die Welt der M\u00e4rchen und verschlingt sp\u00e4ter<br \/>\ndie Berichte ber\u00fchmter Abenteurer und Entdecker.<\/p>\n<p>Nach der Matura und einem abgebrochenen Studium in der Schweiz bietet sich ihm<br \/>\ndie Gelegenheit, dem \u00bboberfl\u00e4chlichen Leben des Westens\u00ab zu entfliehen:<br \/>\nZusammen mit drei Amerikanern begibt sich der junge Mann 1962 auf eine<br \/>\nillegale Besteigung des Mount Everest im verbotenen Tibet &#8211; f\u00fcr ihn ist es ein<br \/>\nAufbruch mit spirituellem Charakter. Die Expedition scheitert unter<br \/>\ndramatischen Umst\u00e4nden. Wieder daheim, findet sich Hans-Peter Duttle in seinem<br \/>\nLeben abermals nicht zurecht, und er wandert in den hohen Norden Kanadas aus.<br \/>\nIn einfachsten Verh\u00e4ltnissen lebend, verbringt er drei erf\u00fcllte, gl\u00fcckliche<br \/>\nJahre bei den Inuit.<\/p>\n<p>Die 68er-Unruhen erlebt er in Europa &#8211; er bildet in dieser Zeit als Offizier<br \/>\nder Schweizer Armee in Andermatt Gebirgsinfanteristen aus. 1970 rei\u00dft ihn<br \/>\nseine eigene Abscheu vor der Konsumgesellschaft jedoch wieder weg. Hals \u00fcber<br \/>\nKopf heiratet er; auf dem peruanischen Altiplano kommt die erste, in der<br \/>\nArktis die zweite Tochter zur Welt. Zur\u00fcck in der Schweiz, droht das<br \/>\nb\u00fcrgerliche Leben von neuem. Erst im Alter findet der ewig Suchende seinen<br \/>\nFrieden &#8211; in G\u00fcmligen bei Bern.<\/p>\n<p>\u00bbUndenkbar! Unm\u00f6glich! &#8211; Das h\u00e4tte sich Hans-Peter Duttle vor seiner Abreise<br \/>\nzum Himalaja garantiert anh\u00f6ren m\u00fcssen. H\u00e4tte er damals, 1962, von seinen<br \/>\nPl\u00e4nen erz\u00e4hlt. Hat er aber nicht. Er brach ganz leise auf, um mit drei<br \/>\nanderen Alpinisten heimlich den Everest via Tibet zu besteigen. Illegal,<br \/>\nschlecht ausger\u00fcstet, ohne H\u00f6hentr\u00e4ger, Satellitenfunk, Arzt. Nicht einmal<br \/>\neine h\u00f6hentaugliche Sonnencreme hatten die vier dabei. Es war &#8211; wie Hans-Peter<br \/>\nDuttle heute sagt &#8211; ein Himmelfahrtskommando. Einem Achttausender auf diese<br \/>\nWeise beikommen zu wollen, war damals ein absolutes Novum. Heute nennt man es<br \/>\nAlpinstil; in seiner extremsten Form auch Speedbergsteigen.\u00ab<\/p>\n<p>240 (inkl. Bildteil);<br \/>\nFlexibler Einband<\/p>","protected":false},"excerpt":{"rendered":"<p>Mein steiniger Weg auf der Suche nach dem Gl\u00fcck Hans-Peter Duttle kommt 1938 in Beirut zur Welt. Der Ausbruch des Zweiten Weltkriegs und die Geburt seines Bruders Rudi werfen einen langen Schatten auf sein zuk\u00fcnftiges Leben. Um der Realit\u00e4t zu entkommen, fl\u00fcchtet sich der Schweizer Diplomatensohn erst in die Welt der M\u00e4rchen und verschlingt sp\u00e4ter [&#8230;]\n","protected":false},"featured_media":182120,"template":"","meta":[],"product_brand":[],"product_cat":[21542],"product_tag":[],"class_list":{"0":"post-147223","1":"product","2":"type-product","3":"status-publish","4":"has-post-thumbnail","6":"product_cat-sachbuecher-dokumentationen","7":"pa_autor-duttle-winteler","8":"pa_erscheinungsjahr-21546","9":"pa_region-schweiz","10":"pa_sprache-de","12":"first","13":"instock","14":"taxable","15":"shipping-taxable","16":"purchasable","17":"product-type-simple"},"_links":{"self":[{"href":"https:\/\/pizbube.ch\/en\/wp-json\/wp\/v2\/product\/147223","targetHints":{"allow":["GET"]}}],"collection":[{"href":"https:\/\/pizbube.ch\/en\/wp-json\/wp\/v2\/product"}],"about":[{"href":"https:\/\/pizbube.ch\/en\/wp-json\/wp\/v2\/types\/product"}],"wp:featuredmedia":[{"embeddable":true,"href":"https:\/\/pizbube.ch\/en\/wp-json\/wp\/v2\/media\/182120"}],"wp:attachment":[{"href":"https:\/\/pizbube.ch\/en\/wp-json\/wp\/v2\/media?parent=147223"}],"wp:term":[{"taxonomy":"product_brand","embeddable":true,"href":"https:\/\/pizbube.ch\/en\/wp-json\/wp\/v2\/product_brand?post=147223"},{"taxonomy":"product_cat","embeddable":true,"href":"https:\/\/pizbube.ch\/en\/wp-json\/wp\/v2\/product_cat?post=147223"},{"taxonomy":"product_tag","embeddable":true,"href":"https:\/\/pizbube.ch\/en\/wp-json\/wp\/v2\/product_tag?post=147223"}],"curies":[{"name":"wp","href":"https:\/\/api.w.org\/{rel}","templated":true}]}}