{"id":147225,"date":"2021-01-15T10:54:55","date_gmt":"2021-01-15T10:54:55","guid":{"rendered":"https:\/\/codengine3.ch\/?product=import-placeholder-for-208731"},"modified":"2021-01-15T17:57:14","modified_gmt":"2021-01-15T17:57:14","slug":"briefe-vom-everest","status":"publish","type":"product","link":"https:\/\/pizbube.ch\/en\/shop\/briefe-vom-everest\/","title":{"rendered":"Briefe vom Everest"},"content":{"rendered":"<p>Bisher unver\u00f6ffentlicht: ein einzigartiges Dokument;<br \/>\nTagebuch der Erstbesteigung 1953. Herausgegeben von Huw Lewis-Jones. Aus dem<br \/>\nEnglischen von Ursula Bischoff  <\/p>\n<p>Auf dem Weg zum Gipfel<br \/>\n29. Mai 1953: Edmund Hillary und Tenzing Norgay bezwingen den h\u00f6chsten Berg<br \/>\nder Welt, den Mount Everest. Ihren erfolgreichen Gipfelsturm verdanken sie<br \/>\nnicht zuletzt der aufopferungsvollen Vorarbeit ihrer Expeditionskameraden &#8211;<br \/>\ndarunter George Lowe. Fast t\u00e4glich schrieb der neuseel\u00e4ndische Bergsteiger-<br \/>\nPionier an seine Freunde und Verwandten. Seine Berichte katapultieren den<br \/>\nLeser zur\u00fcck in diese Zeit und nehmen ihn Schritt f\u00fcr Schritt mit hinauf auf<br \/>\nden majest\u00e4tischen Achttausender. Lebendig, ehrlich und packend: ein<br \/>\neinzigartige Dokument des Bergsports und der unglaubliche Insiderbericht der<br \/>\nwohl ruhmreichsten Leistung in der Geschichtedes Bergsteigens.  <\/p>\n<p>13 Bergsteiger, 350 Sherpas, 8\u00bd Tonnen Ausr\u00fcstung &#8211; im Fr\u00fchjahr 1953 startete<br \/>\ndie neunte europ\u00e4ische Expedition einen Versuch, den Mount Everest zu<br \/>\nbesteigen. Ihr erfolgreicher Gipfelsturm sollte in die Annalen der Geschichte<br \/>\neingehen. Von zentraler Bedeutung f\u00fcr den Erfolg war dabei der 29-j\u00e4hrige<br \/>\nNeuseel\u00e4nder George Lowe. Von vielen als der \u00bbvergessene Mann am Everest\u00ab<br \/>\nbezeichnet, spielte er w\u00e4hrend der Expedition eine entscheidende Rolle. Er war<br \/>\nimmer bereit, sich in Notsituationen einzubringen und Probleme w\u00e4hrend der<br \/>\nanspruchsvollsten Etappen der Route voller Elan in Angriff zu nehmen.<\/p>\n<p>W\u00e4hrend der gesamten Expedition schrieb Lowe Briefe an seine Familie und<br \/>\nFreunde. In den tagebuchartigen Eintragungen schildert er erheiternde und<br \/>\nverst\u00f6rende, leichtlebige und schicksalhafte Situationen, er berichtet mit<br \/>\nerfrischender Klarheit von Experimenten zur k\u00fcnstlichen Sauerstoff zufuhr, von<br \/>\ndurchwachten Sturmn\u00e4chten in eisiger H\u00f6he, von Motivationseinbr\u00fcchen oder auch<br \/>\nder Frage, wann endlich der n\u00e4chste Postl\u00e4ufer auftauchen wird.<\/p>\n<p>Diese Briefe sind ein einzigartiges Zeitdokument: In ihnen schwingt die<br \/>\nBegeisterung f\u00fcr das Unternehmen Mount Everest mit und die Freude, Teil eines<br \/>\nder gr\u00f6\u00dften Menschheitsabenteuer seiner Zeit gewesen zu sein.<\/p>\n<p>Vorwort von Jan Morris und Nachwort von Peter Hillary  <\/p>","protected":false},"excerpt":{"rendered":"<p>Bisher unver\u00f6ffentlicht: ein einzigartiges Dokument; Tagebuch der Erstbesteigung 1953. Herausgegeben von Huw Lewis-Jones. Aus dem Englischen von Ursula Bischoff Auf dem Weg zum Gipfel 29. Mai 1953: Edmund Hillary und Tenzing Norgay bezwingen den h\u00f6chsten Berg der Welt, den Mount Everest. Ihren erfolgreichen Gipfelsturm verdanken sie nicht zuletzt der aufopferungsvollen Vorarbeit ihrer Expeditionskameraden &#8211; darunter [&#8230;]\n","protected":false},"featured_media":41211,"template":"","meta":[],"product_brand":[],"product_cat":[21542],"product_tag":[],"class_list":{"0":"post-147225","1":"product","2":"type-product","3":"status-publish","4":"has-post-thumbnail","6":"product_cat-sachbuecher-dokumentationen","7":"pa_autor-lowe","8":"pa_erscheinungsjahr-21621","9":"pa_region-asien","10":"pa_sprache-de","12":"first","13":"outofstock","14":"taxable","15":"shipping-taxable","16":"purchasable","17":"product-type-simple"},"_links":{"self":[{"href":"https:\/\/pizbube.ch\/en\/wp-json\/wp\/v2\/product\/147225","targetHints":{"allow":["GET"]}}],"collection":[{"href":"https:\/\/pizbube.ch\/en\/wp-json\/wp\/v2\/product"}],"about":[{"href":"https:\/\/pizbube.ch\/en\/wp-json\/wp\/v2\/types\/product"}],"wp:featuredmedia":[{"embeddable":true,"href":"https:\/\/pizbube.ch\/en\/wp-json\/wp\/v2\/media\/41211"}],"wp:attachment":[{"href":"https:\/\/pizbube.ch\/en\/wp-json\/wp\/v2\/media?parent=147225"}],"wp:term":[{"taxonomy":"product_brand","embeddable":true,"href":"https:\/\/pizbube.ch\/en\/wp-json\/wp\/v2\/product_brand?post=147225"},{"taxonomy":"product_cat","embeddable":true,"href":"https:\/\/pizbube.ch\/en\/wp-json\/wp\/v2\/product_cat?post=147225"},{"taxonomy":"product_tag","embeddable":true,"href":"https:\/\/pizbube.ch\/en\/wp-json\/wp\/v2\/product_tag?post=147225"}],"curies":[{"name":"wp","href":"https:\/\/api.w.org\/{rel}","templated":true}]}}