{"id":147226,"date":"2021-01-15T10:54:55","date_gmt":"2021-01-15T10:54:55","guid":{"rendered":"https:\/\/codengine3.ch\/?product=import-placeholder-for-207376"},"modified":"2021-01-15T16:02:37","modified_gmt":"2021-01-15T16:02:37","slug":"im-himalaya-ist-vieles-anders","status":"publish","type":"product","link":"https:\/\/pizbube.ch\/en\/shop\/im-himalaya-ist-vieles-anders\/","title":{"rendered":"Im Himalaya ist vieles anders"},"content":{"rendered":"<p>Im Himalaya ist alles gr\u00f6\u00dfer, weiter und sch\u00f6ner als anderswo auf der Welt.<br \/>\nHier sind die h\u00f6chsten Berge zu Hause. Mount Everest und K2 sind die H\u00fcter<br \/>\ndieses m\u00e4chtigen Gebirgszuges \u2013 neben den weltbekannten und umk\u00e4mpften 14<br \/>\nAchttausendern reihen sich etliche Siebentausender ein.<br \/>\nPit Schubert hat sich auf die Reise gemacht, um neben der faszinierenden<br \/>\nBergwelt auch Land &#038; Leuten zu begegnen und in deren Lebensweisen und Kulturen<br \/>\neinzutauchen. In seinem neuen Buch versammelt er Kuriosit\u00e4ten und Anekdoten,<br \/>\nauch der Vergleich \u00bbBergsteigen fr\u00fcher und heute\u00ab kommt nicht zu kurz. Mit<br \/>\nseiner Themenvielfalt ist Pit Schubert ein unterhaltsames und informatives<br \/>\nLese- und Bilderbuch gelungen.<\/p>\n<p>1. Auflage 2013<br \/>\n224 Seiten mit 650 Farbabbildungen , Format 22 x 28 cm, gebunden mit<br \/>\nSchutzumschlag<\/p>","protected":false},"excerpt":{"rendered":"<ul>\n<li><a href=\"https:\/\/pizbube.ch\/wp-content\/uploads\/attachments\/a_024\/864C0A9CA642E0984F1E7D2C10D7CF36.pdf\" target=\"_blank\" rel=\"noopener\">PDF: Im Himalaya ist vieles anders &#8211; Leseprobe<\/a><\/li>\n<\/ul>","protected":false},"featured_media":37278,"template":"","meta":[],"product_brand":[],"product_cat":[21542],"product_tag":[],"class_list":{"0":"post-147226","1":"product","2":"type-product","3":"status-publish","4":"has-post-thumbnail","6":"product_cat-sachbuecher-dokumentationen","7":"pa_autor-schubert","8":"pa_erscheinungsjahr-21568","9":"pa_region-asien","10":"pa_sprache-de","12":"first","13":"instock","14":"taxable","15":"shipping-taxable","16":"purchasable","17":"product-type-simple"},"_links":{"self":[{"href":"https:\/\/pizbube.ch\/en\/wp-json\/wp\/v2\/product\/147226","targetHints":{"allow":["GET"]}}],"collection":[{"href":"https:\/\/pizbube.ch\/en\/wp-json\/wp\/v2\/product"}],"about":[{"href":"https:\/\/pizbube.ch\/en\/wp-json\/wp\/v2\/types\/product"}],"wp:featuredmedia":[{"embeddable":true,"href":"https:\/\/pizbube.ch\/en\/wp-json\/wp\/v2\/media\/37278"}],"wp:attachment":[{"href":"https:\/\/pizbube.ch\/en\/wp-json\/wp\/v2\/media?parent=147226"}],"wp:term":[{"taxonomy":"product_brand","embeddable":true,"href":"https:\/\/pizbube.ch\/en\/wp-json\/wp\/v2\/product_brand?post=147226"},{"taxonomy":"product_cat","embeddable":true,"href":"https:\/\/pizbube.ch\/en\/wp-json\/wp\/v2\/product_cat?post=147226"},{"taxonomy":"product_tag","embeddable":true,"href":"https:\/\/pizbube.ch\/en\/wp-json\/wp\/v2\/product_tag?post=147226"}],"curies":[{"name":"wp","href":"https:\/\/api.w.org\/{rel}","templated":true}]}}