{"id":147229,"date":"2021-01-15T10:54:55","date_gmt":"2021-01-15T10:54:55","guid":{"rendered":"https:\/\/codengine3.ch\/?product=import-placeholder-for-201763"},"modified":"2021-01-15T12:04:24","modified_gmt":"2021-01-15T12:04:24","slug":"flucht-nach-oben","status":"publish","type":"product","link":"https:\/\/pizbube.ch\/en\/shop\/flucht-nach-oben\/","title":{"rendered":"Flucht nach oben"},"content":{"rendered":"<p>\nRoman \u00fcber die &#8218;Flucht nach oben&#8216; in die Abgeschiedenheit eines Bergkurortes.  <\/p>\n<p>Ein literarischer Fund: Der lange verschollene Roman von Annemarie<br \/>\nSchwarzenbach jetzt im Taschenbuch: &#8218;Vergebliche Liebe und \u00e4ngstliches<br \/>\nSichentziehen, Fremdheit und N\u00e4he. All das in karge, n\u00fcchterne Satze gefasst,<br \/>\naufs \u00e4usserste verdichtet, lebendig und anschaulich: erstaunlich ausgereift<br \/>\nf\u00fcr eine 25j\u00e4hrige Autorin.&#8216;  <\/p>\n<p>Der im Mai 1933 abgeschlossene Roman \u00bbFlucht nach oben\u00ab ist \u00bbbest\u00fcrzend jung<br \/>\nund individualistisch, ganz unschweizerisch mond\u00e4n im Gehabe und<br \/>\nkosmopolitisch im Milieu\u00ab (Carl Seelig). Auch seine Protagonisten geh\u00f6ren zu<br \/>\nden \u00bbAbseitsstehenden\u00ab, die immer und \u00fcberall fremd sind. Zum Beispiel<br \/>\nFrancis: Von einem l\u00e4ngeren \u00dcberseeaufenthalt nach Europa zur\u00fcckgekehrt,<br \/>\nfindet sich der 30j\u00e4hrige zu Hause nicht mehr zurecht. Ohne eigentlichen<br \/>\nBeruf, ohne politische und seelische Heimat, ohne Hoffnung auf eine erf\u00fcllte<br \/>\nLiebe fl\u00fcchtet er nach \u00bboben\u00ab, in die Abgeschiedenheit eines \u00f6sterreichischen<br \/>\nBergkurortes.<\/p>","protected":false},"excerpt":{"rendered":"<p>Roman \u00fcber die &#8218;Flucht nach oben&#8216; in die Abgeschiedenheit eines Bergkurortes. Ein literarischer Fund: Der lange verschollene Roman von Annemarie Schwarzenbach jetzt im Taschenbuch: &#8218;Vergebliche Liebe und \u00e4ngstliches Sichentziehen, Fremdheit und N\u00e4he. All das in karge, n\u00fcchterne Satze gefasst, aufs \u00e4usserste verdichtet, lebendig und anschaulich: erstaunlich ausgereift f\u00fcr eine 25j\u00e4hrige Autorin.&#8216; Der im Mai 1933 [&#8230;]\n","protected":false},"featured_media":29150,"template":"","meta":[],"product_brand":[],"product_cat":[21629],"product_tag":[],"class_list":{"0":"post-147229","1":"product","2":"type-product","3":"status-publish","4":"has-post-thumbnail","6":"product_cat-belletristik","7":"pa_autor-schwarzenbach","8":"pa_erscheinungsjahr-21776","9":"pa_region-schweiz","10":"pa_sprache-de","12":"first","13":"instock","14":"taxable","15":"shipping-taxable","16":"purchasable","17":"product-type-simple"},"_links":{"self":[{"href":"https:\/\/pizbube.ch\/en\/wp-json\/wp\/v2\/product\/147229","targetHints":{"allow":["GET"]}}],"collection":[{"href":"https:\/\/pizbube.ch\/en\/wp-json\/wp\/v2\/product"}],"about":[{"href":"https:\/\/pizbube.ch\/en\/wp-json\/wp\/v2\/types\/product"}],"wp:featuredmedia":[{"embeddable":true,"href":"https:\/\/pizbube.ch\/en\/wp-json\/wp\/v2\/media\/29150"}],"wp:attachment":[{"href":"https:\/\/pizbube.ch\/en\/wp-json\/wp\/v2\/media?parent=147229"}],"wp:term":[{"taxonomy":"product_brand","embeddable":true,"href":"https:\/\/pizbube.ch\/en\/wp-json\/wp\/v2\/product_brand?post=147229"},{"taxonomy":"product_cat","embeddable":true,"href":"https:\/\/pizbube.ch\/en\/wp-json\/wp\/v2\/product_cat?post=147229"},{"taxonomy":"product_tag","embeddable":true,"href":"https:\/\/pizbube.ch\/en\/wp-json\/wp\/v2\/product_tag?post=147229"}],"curies":[{"name":"wp","href":"https:\/\/api.w.org\/{rel}","templated":true}]}}