{"id":147231,"date":"2021-01-15T10:54:55","date_gmt":"2021-01-15T10:54:55","guid":{"rendered":"https:\/\/codengine3.ch\/?product=import-placeholder-for-200174"},"modified":"2021-01-15T10:54:59","modified_gmt":"2021-01-15T10:54:59","slug":"autour-du-thabor-150000","status":"publish","type":"product","link":"https:\/\/pizbube.ch\/en\/shop\/autour-du-thabor-150000\/","title":{"rendered":"Autour du Thabor 1:50&#8217;000"},"content":{"rendered":"<p>Feuille16;<\/p>\n<p>Bardonecchia, N\u00e9vache, Le Mon\u00eatier-les-Bains, Orelle, Valmenier, Valloire en<br \/>\nModane-Valfr\u00e9jus<\/p>\n<p>Carte au 1\/50000e sur fond de l&#8217;IGN couvrant dans son int\u00e9gralit\u00e9 le massif du<br \/>\nThabor (acc\u00e8s par Maurienne, Brian\u00e7onnais et Italie (Bardonnechia)) ainsi<br \/>\nqu&#8217;un secteur italien \u00e0 l&#8217;est de Bardonnecchia permettant de proposer plus<br \/>\nd&#8217;itin\u00e9raires de randonn\u00e9es et s&#8217;inscrivant dans un p\u00e9rim\u00e8tre logique autour<br \/>\ndu Thabor. Enrichissements par les trac\u00e9s des itin\u00e9raires de randonn\u00e9e<br \/>\nitin\u00e9rante et de leurs variantes. Informations diverses sur les h\u00e9bergements<br \/>\npour organiser sa randonn\u00e9e sur plusieurs jours.<\/p>","protected":false},"excerpt":{"rendered":"<p>Feuille16; Bardonecchia, N\u00e9vache, Le Mon\u00eatier-les-Bains, Orelle, Valmenier, Valloire en Modane-Valfr\u00e9jus Carte au 1\/50000e sur fond de l&#8217;IGN couvrant dans son int\u00e9gralit\u00e9 le massif du Thabor (acc\u00e8s par Maurienne, Brian\u00e7onnais et Italie (Bardonnechia)) ainsi qu&#8217;un secteur italien \u00e0 l&#8217;est de Bardonnecchia permettant de proposer plus d&#8217;itin\u00e9raires de randonn\u00e9es et s&#8217;inscrivant dans un p\u00e9rim\u00e8tre logique autour du [&#8230;]\n","protected":false},"featured_media":26129,"template":"","meta":[],"product_brand":[],"product_cat":[21543],"product_tag":[],"class_list":{"0":"post-147231","1":"product","2":"type-product","3":"status-publish","4":"has-post-thumbnail","6":"product_cat-landkarten","7":"pa_autor-didier-richard","8":"pa_erscheinungsjahr-21550","9":"pa_region-frankreich","10":"pa_sprache-de","12":"first","13":"instock","14":"taxable","15":"shipping-taxable","16":"purchasable","17":"product-type-simple"},"_links":{"self":[{"href":"https:\/\/pizbube.ch\/en\/wp-json\/wp\/v2\/product\/147231","targetHints":{"allow":["GET"]}}],"collection":[{"href":"https:\/\/pizbube.ch\/en\/wp-json\/wp\/v2\/product"}],"about":[{"href":"https:\/\/pizbube.ch\/en\/wp-json\/wp\/v2\/types\/product"}],"wp:featuredmedia":[{"embeddable":true,"href":"https:\/\/pizbube.ch\/en\/wp-json\/wp\/v2\/media\/26129"}],"wp:attachment":[{"href":"https:\/\/pizbube.ch\/en\/wp-json\/wp\/v2\/media?parent=147231"}],"wp:term":[{"taxonomy":"product_brand","embeddable":true,"href":"https:\/\/pizbube.ch\/en\/wp-json\/wp\/v2\/product_brand?post=147231"},{"taxonomy":"product_cat","embeddable":true,"href":"https:\/\/pizbube.ch\/en\/wp-json\/wp\/v2\/product_cat?post=147231"},{"taxonomy":"product_tag","embeddable":true,"href":"https:\/\/pizbube.ch\/en\/wp-json\/wp\/v2\/product_tag?post=147231"}],"curies":[{"name":"wp","href":"https:\/\/api.w.org\/{rel}","templated":true}]}}