{"id":147232,"date":"2021-01-15T10:54:55","date_gmt":"2021-01-15T10:54:55","guid":{"rendered":"https:\/\/codengine3.ch\/?product=import-placeholder-for-204162"},"modified":"2021-01-15T14:30:28","modified_gmt":"2021-01-15T14:30:28","slug":"la-grande-traversee-des-alpes-et-le-tour-de-lubaye","status":"publish","type":"product","link":"https:\/\/pizbube.ch\/en\/shop\/la-grande-traversee-des-alpes-et-le-tour-de-lubaye\/","title":{"rendered":"LA GRANDE TRAVERSEE DES ALPES et le Tour de l&#8217;Ubaye"},"content":{"rendered":"<p>9 jours de Modane \u00e0 Larche par le GR5, autant pour le tour de l&#8217;Ubaye.<br \/>\nDepuis Modane et la vall\u00e9e de la Maurienne, l&#8217;itin\u00e9raire descend vers le mont<br \/>\nThabor et la ligne de partage des eaux entre Alpes du Nord et Alpes du Sud.<br \/>\nApparaissent Brian\u00e7on et ses fortifications. Construite sur la voie de passage<br \/>\nentre Durance et P\u00f4, la ville est encore impr\u00e9gn\u00e9e de l&#8217;influence italienne.<br \/>\nOn entre ensuite dans le Queyras, dont les vall\u00e9es spacieuses et cr\u00eates de<br \/>\nschiste forment le paradis des randonneurs. Le sentier coupe des prairies<br \/>\ns\u00e8ches entour\u00e9es de for\u00eats de m\u00e9l\u00e8zes. Les fermes y ont conserv\u00e9 leurs toits<br \/>\nde bardeaux d\u00e9lav\u00e9s par le soleil et la neige. Sur le chemin de Larche, vient<br \/>\nl&#8217;Ubaye, au relief tourment\u00e9 par l&#8217;\u00e9rosion. Sur les versants bien expos\u00e9s, le<br \/>\nclimat a d\u00e9j\u00e0 des nuances m\u00e9diterran\u00e9ennes, et la faune prot\u00e9g\u00e9e du Mercantour<br \/>\ns&#8217;y \u00e9panouit en toute qui\u00e9tude.<\/p>","protected":false},"excerpt":{"rendered":"<p>9 jours de Modane \u00e0 Larche par le GR5, autant pour le tour de l&#8217;Ubaye. Depuis Modane et la vall\u00e9e de la Maurienne, l&#8217;itin\u00e9raire descend vers le mont Thabor et la ligne de partage des eaux entre Alpes du Nord et Alpes du Sud. Apparaissent Brian\u00e7on et ses fortifications. Construite sur la voie de passage [&#8230;]\n","protected":false},"featured_media":31937,"template":"","meta":[],"product_brand":[],"product_cat":[21605],"product_tag":[],"class_list":{"0":"post-147232","1":"product","2":"type-product","3":"status-publish","4":"has-post-thumbnail","6":"product_cat-wanderfuehrer-trekking","7":"pa_autor-ffrp","8":"pa_erscheinungsjahr-21776","9":"pa_region-frankreich","10":"pa_sprache-fr","12":"first","13":"instock","14":"taxable","15":"shipping-taxable","16":"purchasable","17":"product-type-simple"},"_links":{"self":[{"href":"https:\/\/pizbube.ch\/en\/wp-json\/wp\/v2\/product\/147232","targetHints":{"allow":["GET"]}}],"collection":[{"href":"https:\/\/pizbube.ch\/en\/wp-json\/wp\/v2\/product"}],"about":[{"href":"https:\/\/pizbube.ch\/en\/wp-json\/wp\/v2\/types\/product"}],"wp:featuredmedia":[{"embeddable":true,"href":"https:\/\/pizbube.ch\/en\/wp-json\/wp\/v2\/media\/31937"}],"wp:attachment":[{"href":"https:\/\/pizbube.ch\/en\/wp-json\/wp\/v2\/media?parent=147232"}],"wp:term":[{"taxonomy":"product_brand","embeddable":true,"href":"https:\/\/pizbube.ch\/en\/wp-json\/wp\/v2\/product_brand?post=147232"},{"taxonomy":"product_cat","embeddable":true,"href":"https:\/\/pizbube.ch\/en\/wp-json\/wp\/v2\/product_cat?post=147232"},{"taxonomy":"product_tag","embeddable":true,"href":"https:\/\/pizbube.ch\/en\/wp-json\/wp\/v2\/product_tag?post=147232"}],"curies":[{"name":"wp","href":"https:\/\/api.w.org\/{rel}","templated":true}]}}