{"id":147233,"date":"2021-01-15T10:54:55","date_gmt":"2021-01-15T10:54:55","guid":{"rendered":"https:\/\/codengine3.ch\/?product=import-placeholder-for-204861"},"modified":"2021-01-15T14:36:50","modified_gmt":"2021-01-15T14:36:50","slug":"vanoise-beaufortain-1-60-000","status":"publish","type":"product","link":"https:\/\/pizbube.ch\/en\/shop\/vanoise-beaufortain-1-60-000\/","title":{"rendered":"Vanoise Beaufortain 1: 60 000"},"content":{"rendered":"<p>Libris 04 Vanoise &#8211; Beaufortain  <\/p>\n<p>Libris\/ Didier Richard &#8211; Karten sind sehr zuverl\u00e4ssig, genau und detailgetreu<br \/>\n(IGN- Basis)und enthalten Angaben zu \u00dcbernachtungs- und Einkehrm\u00f6glichkeiten.<\/p>\n<p>Die Wanderrouten sind farblich gekennzeichnet, und durch die Bildsymbole<br \/>\nwissen Sie sofort, wo die Sehensw\u00fcrdigkeiten liegen.<br \/>\nLegende in Franz\u00f6sisch, Englisch, Deutsch und Italienisch.  <\/p>","protected":false},"excerpt":{"rendered":"<p>Libris 04 Vanoise &#8211; Beaufortain Libris\/ Didier Richard &#8211; Karten sind sehr zuverl\u00e4ssig, genau und detailgetreu (IGN- Basis)und enthalten Angaben zu \u00dcbernachtungs- und Einkehrm\u00f6glichkeiten. Die Wanderrouten sind farblich gekennzeichnet, und durch die Bildsymbole wissen Sie sofort, wo die Sehensw\u00fcrdigkeiten liegen. Legende in Franz\u00f6sisch, Englisch, Deutsch und Italienisch.<\/p>","protected":false},"featured_media":33399,"template":"","meta":[],"product_brand":[],"product_cat":[21543],"product_tag":[],"class_list":{"0":"post-147233","1":"product","2":"type-product","3":"status-publish","4":"has-post-thumbnail","6":"product_cat-landkarten","7":"pa_autor-libris-didier-richard","8":"pa_erscheinungsjahr-21571","9":"pa_region-frankreich","10":"pa_sprache-d","11":"pa_sprache-e","12":"pa_sprache-f","13":"pa_sprache-i","15":"first","16":"instock","17":"taxable","18":"shipping-taxable","19":"purchasable","20":"product-type-simple"},"_links":{"self":[{"href":"https:\/\/pizbube.ch\/en\/wp-json\/wp\/v2\/product\/147233","targetHints":{"allow":["GET"]}}],"collection":[{"href":"https:\/\/pizbube.ch\/en\/wp-json\/wp\/v2\/product"}],"about":[{"href":"https:\/\/pizbube.ch\/en\/wp-json\/wp\/v2\/types\/product"}],"wp:featuredmedia":[{"embeddable":true,"href":"https:\/\/pizbube.ch\/en\/wp-json\/wp\/v2\/media\/33399"}],"wp:attachment":[{"href":"https:\/\/pizbube.ch\/en\/wp-json\/wp\/v2\/media?parent=147233"}],"wp:term":[{"taxonomy":"product_brand","embeddable":true,"href":"https:\/\/pizbube.ch\/en\/wp-json\/wp\/v2\/product_brand?post=147233"},{"taxonomy":"product_cat","embeddable":true,"href":"https:\/\/pizbube.ch\/en\/wp-json\/wp\/v2\/product_cat?post=147233"},{"taxonomy":"product_tag","embeddable":true,"href":"https:\/\/pizbube.ch\/en\/wp-json\/wp\/v2\/product_tag?post=147233"}],"curies":[{"name":"wp","href":"https:\/\/api.w.org\/{rel}","templated":true}]}}