{"id":147234,"date":"2021-01-15T10:54:55","date_gmt":"2021-01-15T10:54:55","guid":{"rendered":"https:\/\/codengine3.ch\/?product=import-placeholder-for-205269"},"modified":"2021-01-15T14:39:57","modified_gmt":"2021-01-15T14:39:57","slug":"chartreuse-bauges-belledonne-maurienne-1-60-000","status":"publish","type":"product","link":"https:\/\/pizbube.ch\/en\/shop\/chartreuse-bauges-belledonne-maurienne-1-60-000\/","title":{"rendered":"Chartreuse &#8211; Bauges &#8211; Belledonne &#8211; Maurienne 1: 60 000"},"content":{"rendered":"<p>Blatt 03 Chartreuse &#8211; Bauges &#8211; Belledonne &#8211; Maurienne  <\/p>\n<p>Libris \/ Didier Richard &#8211; Karten sind sehr zuverl\u00e4ssig, genau und detailgetreu<br \/>\n(IGN- Basis)und enthalten Angaben zu \u00dcbernachtungs- und Einkehrm\u00f6glichkeiten.<br \/>\nDie Wanderrouten sind farblich gekennzeichnet, und durch die Bildsymbole<br \/>\nwissen Sie sofort, wo die Sehensw\u00fcrdigkeiten liegen.<br \/>\nMit Satellitenbild auf R\u00fcckseite.Legende in Franz\u00f6sisch, Englisch, Deutsch und<br \/>\nItalienisch.<\/p>","protected":false},"excerpt":{"rendered":"<p>Blatt 03 Chartreuse &#8211; Bauges &#8211; Belledonne &#8211; Maurienne Libris \/ Didier Richard &#8211; Karten sind sehr zuverl\u00e4ssig, genau und detailgetreu (IGN- Basis)und enthalten Angaben zu \u00dcbernachtungs- und Einkehrm\u00f6glichkeiten. Die Wanderrouten sind farblich gekennzeichnet, und durch die Bildsymbole wissen Sie sofort, wo die Sehensw\u00fcrdigkeiten liegen. Mit Satellitenbild auf R\u00fcckseite.Legende in Franz\u00f6sisch, Englisch, Deutsch und Italienisch.<\/p>","protected":false},"featured_media":36981,"template":"","meta":[],"product_brand":[],"product_cat":[21543],"product_tag":[],"class_list":{"0":"post-147234","1":"product","2":"type-product","3":"status-publish","4":"has-post-thumbnail","6":"product_cat-landkarten","7":"pa_autor-didier-richard","8":"pa_erscheinungsjahr-21568","9":"pa_region-frankreich","10":"pa_sprache-d","11":"pa_sprache-e","12":"pa_sprache-f","13":"pa_sprache-i","15":"first","16":"instock","17":"taxable","18":"shipping-taxable","19":"purchasable","20":"product-type-simple"},"_links":{"self":[{"href":"https:\/\/pizbube.ch\/en\/wp-json\/wp\/v2\/product\/147234","targetHints":{"allow":["GET"]}}],"collection":[{"href":"https:\/\/pizbube.ch\/en\/wp-json\/wp\/v2\/product"}],"about":[{"href":"https:\/\/pizbube.ch\/en\/wp-json\/wp\/v2\/types\/product"}],"wp:featuredmedia":[{"embeddable":true,"href":"https:\/\/pizbube.ch\/en\/wp-json\/wp\/v2\/media\/36981"}],"wp:attachment":[{"href":"https:\/\/pizbube.ch\/en\/wp-json\/wp\/v2\/media?parent=147234"}],"wp:term":[{"taxonomy":"product_brand","embeddable":true,"href":"https:\/\/pizbube.ch\/en\/wp-json\/wp\/v2\/product_brand?post=147234"},{"taxonomy":"product_cat","embeddable":true,"href":"https:\/\/pizbube.ch\/en\/wp-json\/wp\/v2\/product_cat?post=147234"},{"taxonomy":"product_tag","embeddable":true,"href":"https:\/\/pizbube.ch\/en\/wp-json\/wp\/v2\/product_tag?post=147234"}],"curies":[{"name":"wp","href":"https:\/\/api.w.org\/{rel}","templated":true}]}}