{"id":147235,"date":"2021-01-15T10:54:55","date_gmt":"2021-01-15T10:54:55","guid":{"rendered":"https:\/\/codengine3.ch\/?product=import-placeholder-for-200175"},"modified":"2022-07-20T14:13:21","modified_gmt":"2022-07-20T12:13:21","slug":"aletsch-der-groesste-gletscher-der-schweiz","status":"publish","type":"product","link":"https:\/\/pizbube.ch\/en\/shop\/aletsch-der-groesste-gletscher-der-schweiz\/","title":{"rendered":"Aletsch &#8211; Der gr\u00f6sste Gletscher der Schweiz"},"content":{"rendered":"<p>Wer kennt ihn nicht, den gr\u00f6ssten Eisstrom der Alpen, der mit seinen ein-<br \/>\ndr\u00fccklichen Dimensionen Touristen ebenso beeindruckt wie Bergsteiger und<br \/>\nForscher, Entdecker, Fotografen und Literaten. Seit jeher zieht der<br \/>\nAletschgletscher Menschen in seinen Bann \u2013 und hat bis heute nichts von seiner<br \/>\nFaszination eingeb\u00fcsst.<\/p>\n<p>Der Aletschgletscher fasziniert jeden. Seine \u00fcberw\u00e4ltigenden Dimensionen von<br \/>\n23 Kilometer L\u00e4nge lassen niemanden unber\u00fchrt und wer ihn einmal gesehen hat,<br \/>\nden eisigen \u201eFluss\u201c, der sich rund um Jungfrau, M\u00f6nch und Aletschhorn bis<br \/>\nhinunter ins Oberwallis legt, der wird diesen Anblick sicher nie vergessen.<\/p>\n<p>Schon fr\u00fch pr\u00e4gte er die ans\u00e4ssige Bev\u00f6lkerung, bereitete ihr Freuden und<br \/>\nM\u00fchsal, versorgte sie mit \u00fcberlebenswichtigem Wasser und bescherte ihr<br \/>\nfurchtbare Ungl\u00fccke.<\/p>\n<p>Er lockte Wissenschaftler vom Kartographen bis zum Glaziologen an und<br \/>\nnat\u00fcrlich die Alpinisten. Sp\u00e4ter auch Touristen und Klimaforscher. Kaum<br \/>\nerstaunlich also, dass der Aletschgletscher mit seiner Umgebung 2001 ins<br \/>\nUNESCO-Welterbe aufgenommen wurde \u2013 als erste Naturlandschaft des gesamten<br \/>\nAlpenraums.<\/p>\n<p>Marco Volken pr\u00e4sentiert Geschichten und Geschichte rund um das gro\u00dfe Eis,<br \/>\n\u00fcber seine kulturelle und wirtschaftliche Bedeutung, von seiner Entdeckung und<br \/>\nErschliessung, vom Tourismus und der Bergsteigerei. Die atemberaubenden<br \/>\nAufnahmen lassen anklingen, wie grandios und zugleich schutzbed\u00fcrftig dieses<br \/>\nNaturwunder ist. Ein Coffee Table Book und ein Band voller spannender Fakten<br \/>\nund Geschichten \u2013 nicht nur f\u00fcr Bergsteiger, Naturliebhaber,<br \/>\nKlimainteressierte<\/p>","protected":false},"excerpt":{"rendered":"<p>Wer kennt ihn nicht, den gr\u00f6ssten Eisstrom der Alpen, der mit seinen ein- dr\u00fccklichen Dimensionen Touristen ebenso beeindruckt wie Bergsteiger und Forscher, Entdecker, Fotografen und Literaten. Seit jeher zieht der Aletschgletscher Menschen in seinen Bann \u2013 und hat bis heute nichts von seiner Faszination eingeb\u00fcsst. Der Aletschgletscher fasziniert jeden. Seine \u00fcberw\u00e4ltigenden Dimensionen von 23 Kilometer [&#8230;]\n","protected":false},"featured_media":162817,"template":"","meta":[],"product_brand":[],"product_cat":[21542],"product_tag":[],"class_list":{"0":"post-147235","1":"product","2":"type-product","3":"status-publish","4":"has-post-thumbnail","6":"product_cat-sachbuecher-dokumentationen","7":"pa_autor-volken","8":"pa_erscheinungsjahr-21571","9":"pa_region-schweiz","10":"pa_sprache-de","12":"first","13":"instock","14":"taxable","15":"shipping-taxable","16":"purchasable","17":"product-type-simple"},"_links":{"self":[{"href":"https:\/\/pizbube.ch\/en\/wp-json\/wp\/v2\/product\/147235","targetHints":{"allow":["GET"]}}],"collection":[{"href":"https:\/\/pizbube.ch\/en\/wp-json\/wp\/v2\/product"}],"about":[{"href":"https:\/\/pizbube.ch\/en\/wp-json\/wp\/v2\/types\/product"}],"wp:featuredmedia":[{"embeddable":true,"href":"https:\/\/pizbube.ch\/en\/wp-json\/wp\/v2\/media\/162817"}],"wp:attachment":[{"href":"https:\/\/pizbube.ch\/en\/wp-json\/wp\/v2\/media?parent=147235"}],"wp:term":[{"taxonomy":"product_brand","embeddable":true,"href":"https:\/\/pizbube.ch\/en\/wp-json\/wp\/v2\/product_brand?post=147235"},{"taxonomy":"product_cat","embeddable":true,"href":"https:\/\/pizbube.ch\/en\/wp-json\/wp\/v2\/product_cat?post=147235"},{"taxonomy":"product_tag","embeddable":true,"href":"https:\/\/pizbube.ch\/en\/wp-json\/wp\/v2\/product_tag?post=147235"}],"curies":[{"name":"wp","href":"https:\/\/api.w.org\/{rel}","templated":true}]}}