{"id":147237,"date":"2021-01-15T10:54:55","date_gmt":"2021-01-15T10:54:55","guid":{"rendered":"https:\/\/codengine3.ch\/?product=import-placeholder-for-204068"},"modified":"2021-01-15T14:29:26","modified_gmt":"2021-01-15T14:29:26","slug":"jungfrau-aletsch-bietschhorn","status":"publish","type":"product","link":"https:\/\/pizbube.ch\/en\/shop\/jungfrau-aletsch-bietschhorn\/","title":{"rendered":"Jungfrau &#8211; Aletsch &#8211; Bietschhorn"},"content":{"rendered":"<p>\n35 Wanderungen im und ums UNESCO Weltnaturerbe. 35 Wanderungen f\u00fchren von der<br \/>\nWalliser und der Berner Seite ins Gebiet des Naturerbes und in dessen<br \/>\nUmgebung. Ohne Seil und Pickel, daf\u00fcr mit Aussicht auf hohe Gipfel und<br \/>\nschroffe Gletscher ist das Bergwandern hier ein besonderes Erlebnis.<\/p>\n<p>Ein bunter Strau\u00df an Hintergrundinformationen bereichert das Unterwegssein. Wo<br \/>\ndas Edelwei\u00df bl\u00fcht und auch der Shareholder Value, wo \u00fcberdies die<br \/>\nBergkameradschaft noch heilig ist und auch die Gemeindeautonomie, da l\u00e4sst<br \/>\nsich vorz\u00fcglich durch Geschichte und Geschichten wandern.<\/p>\n<p>Erg\u00e4nzt wird das Wanderangebot durch umfangreiche Informationen zu Anreise,<br \/>\nLogierm\u00f6glichkeiten und Sehensw\u00fcrdigkeiten.<br \/>\n280 S., durchg. vierfarb., zahlr. Fotos, Routenskizzen, Serviceteil<\/p>","protected":false},"excerpt":{"rendered":"<p>35 Wanderungen im und ums UNESCO Weltnaturerbe. 35 Wanderungen f\u00fchren von der Walliser und der Berner Seite ins Gebiet des Naturerbes und in dessen Umgebung. Ohne Seil und Pickel, daf\u00fcr mit Aussicht auf hohe Gipfel und schroffe Gletscher ist das Bergwandern hier ein besonderes Erlebnis. Ein bunter Strau\u00df an Hintergrundinformationen bereichert das Unterwegssein. Wo das [&#8230;]\n","protected":false},"featured_media":31814,"template":"","meta":[],"product_brand":[],"product_cat":[21605],"product_tag":[],"class_list":{"0":"post-147237","1":"product","2":"type-product","3":"status-publish","4":"has-post-thumbnail","6":"product_cat-wanderfuehrer-trekking","7":"pa_autor-bachmann","8":"pa_erscheinungsjahr-21763","9":"pa_region-schweiz","10":"pa_sprache-de","12":"first","13":"outofstock","14":"taxable","15":"shipping-taxable","16":"purchasable","17":"product-type-simple"},"_links":{"self":[{"href":"https:\/\/pizbube.ch\/en\/wp-json\/wp\/v2\/product\/147237","targetHints":{"allow":["GET"]}}],"collection":[{"href":"https:\/\/pizbube.ch\/en\/wp-json\/wp\/v2\/product"}],"about":[{"href":"https:\/\/pizbube.ch\/en\/wp-json\/wp\/v2\/types\/product"}],"wp:featuredmedia":[{"embeddable":true,"href":"https:\/\/pizbube.ch\/en\/wp-json\/wp\/v2\/media\/31814"}],"wp:attachment":[{"href":"https:\/\/pizbube.ch\/en\/wp-json\/wp\/v2\/media?parent=147237"}],"wp:term":[{"taxonomy":"product_brand","embeddable":true,"href":"https:\/\/pizbube.ch\/en\/wp-json\/wp\/v2\/product_brand?post=147237"},{"taxonomy":"product_cat","embeddable":true,"href":"https:\/\/pizbube.ch\/en\/wp-json\/wp\/v2\/product_cat?post=147237"},{"taxonomy":"product_tag","embeddable":true,"href":"https:\/\/pizbube.ch\/en\/wp-json\/wp\/v2\/product_tag?post=147237"}],"curies":[{"name":"wp","href":"https:\/\/api.w.org\/{rel}","templated":true}]}}