{"id":147239,"date":"2021-01-15T10:54:55","date_gmt":"2021-01-15T10:54:55","guid":{"rendered":"https:\/\/codengine3.ch\/?product=import-placeholder-for-200688"},"modified":"2025-10-04T15:35:06","modified_gmt":"2025-10-04T13:35:06","slug":"skitouren-berner-alpen-ost-hohgant-bis-aletschhorn","status":"publish","type":"product","link":"https:\/\/pizbube.ch\/en\/shop\/skitouren-berner-alpen-ost-hohgant-bis-aletschhorn\/","title":{"rendered":"Skitouren Berner Alpen Ost &#8211; Hohgant bis Aletschhorn"},"content":{"rendered":"<p>Eiger, M\u00f6nch und weisse Gipfel<\/p>\n<p>Die Region zwischen Kander- und Haslital und von der Emme im Norden bis zur<br \/>\nRotten im S\u00fcden bietet schier unz\u00e4hlige M\u00f6glichkeiten f\u00fcr attraktive Skitouren<br \/>\njeglicher Couleur. Touren mit Thunersee-Blick f\u00fcr Tage mit viel Neuschnee zum<br \/>\nGeniessen, aber auch ernsthafte hochalpine Unternehmungen mitten im UNESCO-<br \/>\nWeltnaturerbe \u00abSchweizer Alpen Jungfrau\u2013Aletsch\u00bb.<\/p>\n<p>Der vollst\u00e4ndig \u00fcberarbeitete SAC-Skitourenf\u00fchrer \u00abBerner Alpen Ost\u00bb mit rund<br \/>\n150 aktuellen Routenbildern beschreibt s\u00e4mtliche klassischen, viele bekannte<br \/>\nund einige neue Routen. Alle sind naturvertr\u00e4glich, die meisten \u00d6V-tauglich<br \/>\nund immer abgestimmt auf die aktuellen Skitourenkarten von swisstopo.<\/p>\n<p>488 Seiten, 9 \u00dcbersichtskarten, 128 Routenfotos, 4. vollst\u00e4ndig \u00fcberarbeitete<br \/>\nAuflage<\/p>","protected":false},"excerpt":{"rendered":"<p>Eiger, M\u00f6nch und weisse Gipfel Die Region zwischen Kander- und Haslital und von der Emme im Norden bis zur Rotten im S\u00fcden bietet schier unz\u00e4hlige M\u00f6glichkeiten f\u00fcr attraktive Skitouren jeglicher Couleur. Touren mit Thunersee-Blick f\u00fcr Tage mit viel Neuschnee zum Geniessen, aber auch ernsthafte hochalpine Unternehmungen mitten im UNESCO- Weltnaturerbe \u00abSchweizer Alpen Jungfrau\u2013Aletsch\u00bb. Der vollst\u00e4ndig [&#8230;]\n","protected":false},"featured_media":27611,"template":"","meta":[],"product_brand":[],"product_cat":[21540],"product_tag":[27623],"class_list":{"0":"post-147239","1":"product","2":"type-product","3":"status-publish","4":"has-post-thumbnail","6":"product_cat-fuehrerliteratur-alpin-winter","7":"product_tag-berner-oberland","8":"pa_autor-maier","9":"pa_erscheinungsjahr-21571","10":"pa_region-schweiz","11":"pa_sprache-de","13":"first","14":"onbackorder","15":"taxable","16":"shipping-taxable","17":"purchasable","18":"product-type-simple"},"_links":{"self":[{"href":"https:\/\/pizbube.ch\/en\/wp-json\/wp\/v2\/product\/147239","targetHints":{"allow":["GET"]}}],"collection":[{"href":"https:\/\/pizbube.ch\/en\/wp-json\/wp\/v2\/product"}],"about":[{"href":"https:\/\/pizbube.ch\/en\/wp-json\/wp\/v2\/types\/product"}],"wp:featuredmedia":[{"embeddable":true,"href":"https:\/\/pizbube.ch\/en\/wp-json\/wp\/v2\/media\/27611"}],"wp:attachment":[{"href":"https:\/\/pizbube.ch\/en\/wp-json\/wp\/v2\/media?parent=147239"}],"wp:term":[{"taxonomy":"product_brand","embeddable":true,"href":"https:\/\/pizbube.ch\/en\/wp-json\/wp\/v2\/product_brand?post=147239"},{"taxonomy":"product_cat","embeddable":true,"href":"https:\/\/pizbube.ch\/en\/wp-json\/wp\/v2\/product_cat?post=147239"},{"taxonomy":"product_tag","embeddable":true,"href":"https:\/\/pizbube.ch\/en\/wp-json\/wp\/v2\/product_tag?post=147239"}],"curies":[{"name":"wp","href":"https:\/\/api.w.org\/{rel}","templated":true}]}}