{"id":147242,"date":"2021-01-15T10:54:55","date_gmt":"2021-01-15T10:54:55","guid":{"rendered":"https:\/\/codengine3.ch\/?product=import-placeholder-for-206984"},"modified":"2022-05-05T12:38:02","modified_gmt":"2022-05-05T10:38:02","slug":"snowalp-in-trentino-alto-adige-snowalp-in-der-region-trentino-suedtirol","status":"publish","type":"product","link":"https:\/\/pizbube.ch\/en\/shop\/snowalp-in-trentino-alto-adige-snowalp-in-der-region-trentino-suedtirol\/","title":{"rendered":"SNOWALP IN TRENTINO ALTO ADIGE \/ SNOWALP IN DER REGION TRENTINO-S\u00dcDTIROL"},"content":{"rendered":"<p>60 alpine Snowboard- und Skitouren in den Brenta Dolomiten, Ortler Cevedale;<br \/>\nAdamello Presanella; Val Venosta; Monti Sarentini; Dolomiti Occidentali<\/p>\n<p>Nebst zahlreichen Tipps zu Aufstieg und Abfahrt sowie zur Vorbereitung und<br \/>\nsicheren Realisierung einer Ski- oder Snowboardtour, sollen auch Gedankeng\u00e4nge<br \/>\nzu wichtigen Aspekten dieser Aktivit\u00e4t nicht fehlen.<\/p>\n<p>60 vom Autor sorgf\u00e4ltig ausgew\u00e4hlte Unternehmungen vervollst\u00e4ndigen das Werk und machen aus ihm ein<br \/>\n&#8218;Must have&#8216;: einerseits f\u00fcr all jene, die sich der Disziplin ann\u00e4hern wollen<br \/>\nund das Bed\u00fcrfnis versp\u00fcren, das Gebirge mit den Schneeschuhen an den F\u00fc\u00dfen<br \/>\nund dem Board auf dem R\u00fccken zu erkundschaften, andererseits aber auch f\u00fcr<br \/>\nerfahrene Skitourengeher, die auf der Suche nach neuen Touren und Abenteuern<br \/>\nsind.<\/p>\n<p>60 Itinerari di Snowboard e Scialpinismo<\/p>\n<p>Con questo manuale\/guida, il primo in Italia a trattare dal punto di vista<br \/>\ntecnico e teorico questo argomento in modo approfondito, l\u2019autore vuole fare<br \/>\nchiarezza su questa disciplina invernale che proietta il mondo dello snowboard<br \/>\nall\u2019interno di una dimensione alpinistica.<br \/>\nAccanto ai numerosi consigli su come affrontare al meglio salite e discese e<br \/>\nsu come preparere e percorrere un itinerario snowboard-alpinistico in<br \/>\nsicurezza, non mancano diverse riflessioni sugli aspetti pi\u00f9 importanti di<br \/>\nquesta attivit\u00e0.<br \/>\nI 60 itinerari accuratamente scelti dall\u2019autore, completano questo lavoro e<br \/>\nrendono questa guida un vero e proprio &#8218;must have&#8216; per tutti coloro che<br \/>\nvogliono cominciare ad esplorare le montagne con le ciaspole ai piedi e la<br \/>\ntavola in spalle, e per tutti gli sci-alpinisti in cerca di nuove gite e nuove<br \/>\navventure.<\/p>","protected":false},"excerpt":{"rendered":"<ul>\n<li><a href=\"https:\/\/pizbube.ch\/wp-content\/uploads\/attachments\/a_006\/43FA4C6BCAD9E066EF3D9DB326E70C88.pdf\" target=\"_blank\" rel=\"noopener\">PDF: Snowalp \u00dcbersicht \/ Inhaltsverzeichnis<\/a><\/li>\n<\/ul>","protected":false},"featured_media":161839,"template":"","meta":[],"product_brand":[],"product_cat":[21540],"product_tag":[],"class_list":{"0":"post-147242","1":"product","2":"type-product","3":"status-publish","4":"has-post-thumbnail","6":"product_cat-fuehrerliteratur-alpin-winter","7":"pa_autor-colombetti","8":"pa_erscheinungsjahr-21610","9":"pa_region-italien","10":"pa_sprache-d","11":"pa_sprache-i","13":"first","14":"instock","15":"taxable","16":"shipping-taxable","17":"purchasable","18":"product-type-simple"},"_links":{"self":[{"href":"https:\/\/pizbube.ch\/en\/wp-json\/wp\/v2\/product\/147242","targetHints":{"allow":["GET"]}}],"collection":[{"href":"https:\/\/pizbube.ch\/en\/wp-json\/wp\/v2\/product"}],"about":[{"href":"https:\/\/pizbube.ch\/en\/wp-json\/wp\/v2\/types\/product"}],"wp:featuredmedia":[{"embeddable":true,"href":"https:\/\/pizbube.ch\/en\/wp-json\/wp\/v2\/media\/161839"}],"wp:attachment":[{"href":"https:\/\/pizbube.ch\/en\/wp-json\/wp\/v2\/media?parent=147242"}],"wp:term":[{"taxonomy":"product_brand","embeddable":true,"href":"https:\/\/pizbube.ch\/en\/wp-json\/wp\/v2\/product_brand?post=147242"},{"taxonomy":"product_cat","embeddable":true,"href":"https:\/\/pizbube.ch\/en\/wp-json\/wp\/v2\/product_cat?post=147242"},{"taxonomy":"product_tag","embeddable":true,"href":"https:\/\/pizbube.ch\/en\/wp-json\/wp\/v2\/product_tag?post=147242"}],"curies":[{"name":"wp","href":"https:\/\/api.w.org\/{rel}","templated":true}]}}