{"id":147247,"date":"2021-01-15T10:54:56","date_gmt":"2021-01-15T10:54:56","guid":{"rendered":"https:\/\/codengine3.ch\/?product=import-placeholder-for-205198"},"modified":"2021-01-15T14:39:26","modified_gmt":"2021-01-15T14:39:26","slug":"sci-alpinismo-nelle-dolomiti-di-brenta","status":"publish","type":"product","link":"https:\/\/pizbube.ch\/en\/shop\/sci-alpinismo-nelle-dolomiti-di-brenta\/","title":{"rendered":"Sci-alpinismo nelle Dolomiti di Brenta"},"content":{"rendered":"<p>22 itinerari e traversate descritti, con l&#8217;ausilio di foto e cartine.  <\/p>\n<p>Val Gelada, Cima Roma, Cima Roma; Lago di Tovel, Dal Passo del Grost\u00e8 a<br \/>\nSpormaggiore o Andalo attraverso il Passo della Gaiarda, Coma Grost\u00e8 dal<br \/>\nversante Nord;  <\/p>\n<p>Traversata Passo del Grost\u00e8 -Tuckett &#8211; Vallesinella, Cima Brenta, Dal rifugio<br \/>\nXII Apostoli a San Lorenzo di Banale attraverso La Bocca d&#8217;Ambiez;  <\/p>\n<p>Dal rifugio Tosa al rifugio Agostini attraverso la Forcolotta di Noghera; Da<br \/>\nPinzolo a Stenico attraverso la Val d&#8217;Algone (&#8230;)  <\/p>","protected":false},"excerpt":{"rendered":"<p>22 itinerari e traversate descritti, con l&#8217;ausilio di foto e cartine. Val Gelada, Cima Roma, Cima Roma; Lago di Tovel, Dal Passo del Grost\u00e8 a Spormaggiore o Andalo attraverso il Passo della Gaiarda, Coma Grost\u00e8 dal versante Nord; Traversata Passo del Grost\u00e8 -Tuckett &#8211; Vallesinella, Cima Brenta, Dal rifugio XII Apostoli a San Lorenzo di [&#8230;]\n","protected":false},"featured_media":33832,"template":"","meta":[],"product_brand":[],"product_cat":[21540],"product_tag":[],"class_list":{"0":"post-147247","1":"product","2":"type-product","3":"status-publish","4":"has-post-thumbnail","6":"product_cat-fuehrerliteratur-alpin-winter","7":"pa_autor-andreolli-casiraghi","8":"pa_erscheinungsjahr-24979","9":"pa_region-italien","10":"pa_sprache-it","12":"first","13":"instock","14":"taxable","15":"shipping-taxable","16":"purchasable","17":"product-type-simple"},"_links":{"self":[{"href":"https:\/\/pizbube.ch\/en\/wp-json\/wp\/v2\/product\/147247","targetHints":{"allow":["GET"]}}],"collection":[{"href":"https:\/\/pizbube.ch\/en\/wp-json\/wp\/v2\/product"}],"about":[{"href":"https:\/\/pizbube.ch\/en\/wp-json\/wp\/v2\/types\/product"}],"wp:featuredmedia":[{"embeddable":true,"href":"https:\/\/pizbube.ch\/en\/wp-json\/wp\/v2\/media\/33832"}],"wp:attachment":[{"href":"https:\/\/pizbube.ch\/en\/wp-json\/wp\/v2\/media?parent=147247"}],"wp:term":[{"taxonomy":"product_brand","embeddable":true,"href":"https:\/\/pizbube.ch\/en\/wp-json\/wp\/v2\/product_brand?post=147247"},{"taxonomy":"product_cat","embeddable":true,"href":"https:\/\/pizbube.ch\/en\/wp-json\/wp\/v2\/product_cat?post=147247"},{"taxonomy":"product_tag","embeddable":true,"href":"https:\/\/pizbube.ch\/en\/wp-json\/wp\/v2\/product_tag?post=147247"}],"curies":[{"name":"wp","href":"https:\/\/api.w.org\/{rel}","templated":true}]}}