{"id":147248,"date":"2021-01-15T10:54:56","date_gmt":"2021-01-15T10:54:56","guid":{"rendered":"https:\/\/codengine3.ch\/?product=import-placeholder-for-200177"},"modified":"2023-05-02T09:55:08","modified_gmt":"2023-05-02T07:55:08","slug":"klettersteige-suedtirol-dolomiten-gardasee","status":"publish","type":"product","link":"https:\/\/pizbube.ch\/en\/shop\/klettersteige-suedtirol-dolomiten-gardasee\/","title":{"rendered":"Klettersteige S\u00fcdtirol &#8211; Dolomiten &#8211; Gardasee"},"content":{"rendered":"<p>In diesem Sammelband werden die sch\u00f6nsten 58 Klettertouren in S\u00fcdtirol,<br \/>\nDolomiten und Gardasee vorgestellt. Es werden Routen f\u00fcr Einsteiger<br \/>\naufgezeigt, aber auch anspruchsvolle Klettersteige, die ausschlie\u00dflich den<br \/>\nExperten auf diesem Gebiet vorbehalten sind. Alle angef\u00fchrten Routen wurden in<br \/>\nf\u00fcnf Schwierigkeitsgrade unterteilt. Die Klettersteige sind versehen mit<br \/>\neingezeichneten Routen auf Luftbildern und topografischen Skizzen, sowie<br \/>\nausf\u00fchrlichen Darstellungen der technischen Details, allgemeinen<br \/>\nRouteninformationen, und den Charakteristiken des Klettersteige.<\/p>","protected":false},"excerpt":{"rendered":"<p>In diesem Sammelband werden die sch\u00f6nsten 58 Klettertouren in S\u00fcdtirol, Dolomiten und Gardasee vorgestellt. Es werden Routen f\u00fcr Einsteiger aufgezeigt, aber auch anspruchsvolle Klettersteige, die ausschlie\u00dflich den Experten auf diesem Gebiet vorbehalten sind. Alle angef\u00fchrten Routen wurden in f\u00fcnf Schwierigkeitsgrade unterteilt. Die Klettersteige sind versehen mit eingezeichneten Routen auf Luftbildern und topografischen Skizzen, sowie ausf\u00fchrlichen [&#8230;]\n","protected":false},"featured_media":26139,"template":"","meta":[],"product_brand":[],"product_cat":[21544],"product_tag":[],"class_list":{"0":"post-147248","1":"product","2":"type-product","3":"status-publish","4":"has-post-thumbnail","6":"product_cat-fuehrerliteratur-alpin-sommer","7":"pa_autor-ladurner","8":"pa_erscheinungsjahr-21568","9":"pa_region-italien","10":"pa_sprache-de","12":"first","13":"outofstock","14":"taxable","15":"shipping-taxable","16":"purchasable","17":"product-type-simple"},"_links":{"self":[{"href":"https:\/\/pizbube.ch\/en\/wp-json\/wp\/v2\/product\/147248","targetHints":{"allow":["GET"]}}],"collection":[{"href":"https:\/\/pizbube.ch\/en\/wp-json\/wp\/v2\/product"}],"about":[{"href":"https:\/\/pizbube.ch\/en\/wp-json\/wp\/v2\/types\/product"}],"wp:featuredmedia":[{"embeddable":true,"href":"https:\/\/pizbube.ch\/en\/wp-json\/wp\/v2\/media\/26139"}],"wp:attachment":[{"href":"https:\/\/pizbube.ch\/en\/wp-json\/wp\/v2\/media?parent=147248"}],"wp:term":[{"taxonomy":"product_brand","embeddable":true,"href":"https:\/\/pizbube.ch\/en\/wp-json\/wp\/v2\/product_brand?post=147248"},{"taxonomy":"product_cat","embeddable":true,"href":"https:\/\/pizbube.ch\/en\/wp-json\/wp\/v2\/product_cat?post=147248"},{"taxonomy":"product_tag","embeddable":true,"href":"https:\/\/pizbube.ch\/en\/wp-json\/wp\/v2\/product_tag?post=147248"}],"curies":[{"name":"wp","href":"https:\/\/api.w.org\/{rel}","templated":true}]}}