{"id":147249,"date":"2021-01-15T10:54:56","date_gmt":"2021-01-15T10:54:56","guid":{"rendered":"https:\/\/codengine3.ch\/?product=import-placeholder-for-202241"},"modified":"2024-02-01T09:56:57","modified_gmt":"2024-02-01T08:56:57","slug":"dolomiten-brenta-gardasee-80-klettersteige","status":"publish","type":"product","link":"https:\/\/pizbube.ch\/en\/shop\/dolomiten-brenta-gardasee-80-klettersteige\/","title":{"rendered":"Dolomiten Brenta Gardasee &#8211; 80 Klettersteige"},"content":{"rendered":"<p>Klettersteige Dolomiten &#8211; Brenta &#8211; Gardasee<\/p>\n<p>80 ausgew\u00e4hlte Klettersteigtouren zwischen Sexten und Riva<\/p>\n<p>Die Dolomiten sind das klassische und wohl auch beliebteste Klettersteig-Eldorado \u00fcberhaupt. Zusammen mit der Brenta und noch ein St\u00fcck s\u00fcdlicher mit den Gardaseebergen erschlie\u00dft sich Klettersteigfans eine unglaubliche F\u00fclle an Steigen unterschiedlichen Schwierigkeitsgrades inmitten einer gro\u00dfartigen Landschaft.<\/p>\n<p>Diese drei Gebiete werden im Rother Klettersteigf\u00fchrer \u00bbDolomiten \u2013 Brenta \u2013 Gardasee\u00ab in 80 abwechslungsreichen Routen vorgestellt: In den Dolomiten besitzt Klettersteiggehen fast immer einen alpinen Anstrich. Reinrassige Eisenwege stehen hier gleich dutzendweise zur Auswahl, hinzu kommen zahlreiche abschnittsweise gesicherte Steige, woraus eine un\u00fcbertroffene \u00bbRoutendichte\u00ab resultiert. Passionierte Ferratisti werden sich hier wie im Schlaraffenland f\u00fchlen. Auch die Brenta mit ihrem legend\u00e4ren Bocchetteweg und die Gardaseeberge mit ihren sportlich ausgerichteten Steigen bieten viele spannende M\u00f6glichkeiten.<\/p>\n<p>Mark Zahel, seit vielen Jahren in den Dolomiten unterwegs und Autor zahlreicher Wander- und Klettersteigf\u00fchrer, hat aus der F\u00fclle von M\u00f6glichkeiten 80 Klettersteige f\u00fcr jedes K\u00f6nnen ausgew\u00e4hlt \u2013 von leichten bis sehr schwierigen Steigen wird jeder in diesem Rother Klettersteigf\u00fchrer das Passende finden. Jeder Tourenvorschlag ist pr\u00e4zise beschrieben und gro\u00dfz\u00fcgig illustriert. Die Schwierigkeitsbewertung wurde nach der weithin akzeptierten \u00bbBuchstabenskala\u00ab (A bis E) vorgenommen.<\/p>\n<p>9. aktualis. Auflage 2023<br \/>\n248 Seiten mit 179 Farbabbildungen<br \/>\n55 Wanderk\u00e4rtchen im Ma\u00dfstab 1:25.000, 1:50.000 und 1:75.000, zwei \u00dcbersichtskarten im Ma\u00dfstab 1:500.000<br \/>\nFormat 11,5 x 16,5 cm<br \/>\nkartoniert mit Polytex-Laminierung<\/p>","protected":false},"excerpt":{"rendered":"<p>Klettersteige Dolomiten &#8211; Brenta &#8211; Gardasee 80 ausgew\u00e4hlte Klettersteigtouren zwischen Sexten und Riva Die Dolomiten sind das klassische und wohl auch beliebteste Klettersteig-Eldorado \u00fcberhaupt. Zusammen mit der Brenta und noch ein St\u00fcck s\u00fcdlicher mit den Gardaseebergen erschlie\u00dft sich Klettersteigfans eine unglaubliche F\u00fclle an Steigen unterschiedlichen Schwierigkeitsgrades inmitten einer gro\u00dfartigen Landschaft. Diese drei Gebiete werden im [&#8230;]\n","protected":false},"featured_media":157938,"template":"","meta":[],"product_brand":[],"product_cat":[21544],"product_tag":[],"class_list":{"0":"post-147249","1":"product","2":"type-product","3":"status-publish","4":"has-post-thumbnail","6":"product_cat-fuehrerliteratur-alpin-sommer","7":"pa_autor-zahel","8":"pa_erscheinungsjahr-21558","9":"pa_region-italien","10":"pa_sprache-de","12":"first","13":"instock","14":"taxable","15":"shipping-taxable","16":"purchasable","17":"product-type-simple"},"_links":{"self":[{"href":"https:\/\/pizbube.ch\/en\/wp-json\/wp\/v2\/product\/147249","targetHints":{"allow":["GET"]}}],"collection":[{"href":"https:\/\/pizbube.ch\/en\/wp-json\/wp\/v2\/product"}],"about":[{"href":"https:\/\/pizbube.ch\/en\/wp-json\/wp\/v2\/types\/product"}],"wp:featuredmedia":[{"embeddable":true,"href":"https:\/\/pizbube.ch\/en\/wp-json\/wp\/v2\/media\/157938"}],"wp:attachment":[{"href":"https:\/\/pizbube.ch\/en\/wp-json\/wp\/v2\/media?parent=147249"}],"wp:term":[{"taxonomy":"product_brand","embeddable":true,"href":"https:\/\/pizbube.ch\/en\/wp-json\/wp\/v2\/product_brand?post=147249"},{"taxonomy":"product_cat","embeddable":true,"href":"https:\/\/pizbube.ch\/en\/wp-json\/wp\/v2\/product_cat?post=147249"},{"taxonomy":"product_tag","embeddable":true,"href":"https:\/\/pizbube.ch\/en\/wp-json\/wp\/v2\/product_tag?post=147249"}],"curies":[{"name":"wp","href":"https:\/\/api.w.org\/{rel}","templated":true}]}}