{"id":147250,"date":"2021-01-15T10:54:56","date_gmt":"2021-01-15T10:54:56","guid":{"rendered":"https:\/\/codengine3.ch\/?product=import-placeholder-for-205739"},"modified":"2025-08-08T17:54:43","modified_gmt":"2025-08-08T15:54:43","slug":"klettersteigfuehrer-dolomiten-suedtirol-gardasee","status":"publish","type":"product","link":"https:\/\/pizbube.ch\/en\/shop\/klettersteigfuehrer-dolomiten-suedtirol-gardasee\/","title":{"rendered":"Klettersteigf\u00fchrer Dolomiten &#8211; S\u00fcdtirol &#8211; Gardasee"},"content":{"rendered":"<p>Alle lohnenden Klettersteige in den Dolomiten, in S\u00fcdtirol, am Gardasee, in<br \/>\nder Brenta und in den Vizentiner Alpen &#8211; mit DVD-ROM<\/p>\n<p>In der f\u00fcnften Auflage des innovativen orangen Klettersteigbestsellers werden die sch\u00f6nsten Klettersteige in den Dolomiten, S\u00fcdtirol, den Gardaseebergen, der Brenta und den Vizentiner Alpen vorgestellt.<\/p>\n<p>Das Buch beinhaltet eine umfangreiche Zusammenstellung alpiner Ferratas auf die 3000er in den Dolomiten und auf die hohen Gipfeln der Brenta einerseits, anderseits werden auch die neuen Sport- und Abenteuer-Klettersteige genau beschrieben. Abgerundet wird das Werk mit den tollen Klettersteigen im Vinschgau und in den wetterbeg\u00fcnstigten Gardaseebergen, wo um den Idrosee viele interessante Klettersteige dazugekommen sind.<\/p>\n<p>Das Buch beinhaltet eine umfangreiche Zusammenstellung alpiner Ferratas auf<br \/>\ndie 3000er in den Dolomiten und auf die hohen Gipfeln der Brenta einerseits,<br \/>\nanderseits werden auch die neuen Sport- und Abenteuer-Klettersteige genau<br \/>\nbeschrieben. Abgerundet wird das Werk mit den tollen Klettersteigen im<br \/>\nVinschgau und in den wetterbeg\u00fcnstigten Gardaseebergen, wo um den Idrosee<br \/>\nviele interessante Klettersteige dazugekommen sind.<\/p>\n<p>Der Touren-App Zugang erm\u00f6glicht den Zugriff auf die Toureninfos, die Topos<br \/>\nund die GPS-Daten der Touren.Besonderer Wert wurde auf aussagekr\u00e4ftige Skizzen<br \/>\n(Topos) gelegt, in denen neben der exakten Bewertung der einzelnen<br \/>\nSteigabschnitte auch auf m\u00f6gliche Gefahrenstellen (z.B. Schneerinnen,<br \/>\nSteinschlagzonen) hingewiesen wird. Zus\u00e4tzlich zu den Toposkizzen gibt es bei<br \/>\nden Steigen Fotos der W\u00e4nde mit dem genauen Routenverlauf und einige gute<br \/>\nAction-Fotos &#8211; insgesamt ca. 1300 Farbfotos. Die Informationen wurden in enger<br \/>\nZusammenarbeit mit Gebietskennern und H\u00fcttenwirten recherchiert. Das Buch wird<br \/>\nvom Verband der S\u00fcdtiroler Berg- und Skif\u00fchrer empfohlen.<\/p>\n<p>Neben den klassischen Dolomiten-Klettersteigen wurden auch leichtere und familienfreundliche Steiganlagen aufgenommen. Ein F\u00fchrer also sowohl f\u00fcr den Genuss-Klettersteiggeher der gerne eine etwas anspruchsvollere Wanderung mit versicherten Abschnitten macht, sowie f\u00fcr den ambitionierten Klettersteiggeher, der wissen will, wo die steilsten Stahlseilmeter am s\u00fcdlichen Alpenrand zu finden sind.<\/p>\n<p><em>There are also short English abstracts with the most important information about the fixed rope routes in the book. The Topos and GPX-Tracks are in the App.<br \/>\nDie Touren haben auch englische Kurzbeschreibungen.<\/em><\/p>\n<p>540 Seiten, Format 15,4 x 22 cm kompl. vierf\u00e4rbig auf speziellem Kunstdruckpapier gedruckt, stabile Fadenheftung, mit Steig-Topos, Zu- u. Abstiegskarten,\u00a0 und ca. 1000 Farbfotos! Inkl. Touren-App Zugang!<br \/>\nwith English version<\/p>\n<p>5. Auflage 2022<\/p>","protected":false},"excerpt":{"rendered":"<ul>\n<li><strong><a href=\"https:\/\/youtu.be\/sw5Qw1Wc5Nk\" target=\"_blank\" rel=\"noopener\">Video: Klettersteige Dolomiten &#8211; S\u00fcdtirol &#8211; Gardasee<\/a><\/strong><\/li>\n<\/ul>","protected":false},"featured_media":163101,"template":"","meta":[],"product_brand":[],"product_cat":[21544],"product_tag":[],"class_list":{"0":"post-147250","1":"product","2":"type-product","3":"status-publish","4":"has-post-thumbnail","6":"product_cat-fuehrerliteratur-alpin-sommer","7":"pa_autor-jentzsch-rabl-jentzsch-wissekal","8":"pa_erscheinungsjahr-27013","9":"pa_region-italien","10":"pa_sprache-de-en","12":"first","13":"instock","14":"taxable","15":"shipping-taxable","16":"purchasable","17":"product-type-simple"},"_links":{"self":[{"href":"https:\/\/pizbube.ch\/en\/wp-json\/wp\/v2\/product\/147250","targetHints":{"allow":["GET"]}}],"collection":[{"href":"https:\/\/pizbube.ch\/en\/wp-json\/wp\/v2\/product"}],"about":[{"href":"https:\/\/pizbube.ch\/en\/wp-json\/wp\/v2\/types\/product"}],"wp:featuredmedia":[{"embeddable":true,"href":"https:\/\/pizbube.ch\/en\/wp-json\/wp\/v2\/media\/163101"}],"wp:attachment":[{"href":"https:\/\/pizbube.ch\/en\/wp-json\/wp\/v2\/media?parent=147250"}],"wp:term":[{"taxonomy":"product_brand","embeddable":true,"href":"https:\/\/pizbube.ch\/en\/wp-json\/wp\/v2\/product_brand?post=147250"},{"taxonomy":"product_cat","embeddable":true,"href":"https:\/\/pizbube.ch\/en\/wp-json\/wp\/v2\/product_cat?post=147250"},{"taxonomy":"product_tag","embeddable":true,"href":"https:\/\/pizbube.ch\/en\/wp-json\/wp\/v2\/product_tag?post=147250"}],"curies":[{"name":"wp","href":"https:\/\/api.w.org\/{rel}","templated":true}]}}