{"id":147251,"date":"2021-01-15T10:54:56","date_gmt":"2021-01-15T10:54:56","guid":{"rendered":"https:\/\/codengine3.ch\/?product=import-placeholder-for-207157"},"modified":"2021-01-15T14:55:39","modified_gmt":"2021-01-15T14:55:39","slug":"klettersteige-2-suedalpen","status":"publish","type":"product","link":"https:\/\/pizbube.ch\/en\/shop\/klettersteige-2-suedalpen\/","title":{"rendered":"Klettersteige 2 &#8211; S\u00fcdalpen"},"content":{"rendered":"<p>Alle Klettersteige der S\u00fcdalpen  <\/p>\n<p>Das neue Standardwerk: Alle 589 Vie Ferrate der S\u00fcdalpen in einem Band!<br \/>\nKlettersteigpapst Eugen E. H\u00fcsler stellt jeden Steig zwischen den julischen<br \/>\nAlpen Sloweniens, den Dolomiten und der franz\u00f6sischen Mont-Blanc-Gruppe vor<br \/>\nmit Angaben zum Ausgangspunkt, Hinweisen zu Schwierigkeit und Gehzeit, mit<br \/>\nTourenkarten und wichtigen Infos zu Sicherheit und Ausr\u00fcstung. Topaktuell,<br \/>\nexzellent bebildert, unverzichtbar f\u00fcr alle Klettersteigfans.  <\/p>","protected":false},"excerpt":{"rendered":"<p>Alle Klettersteige der S\u00fcdalpen Das neue Standardwerk: Alle 589 Vie Ferrate der S\u00fcdalpen in einem Band! Klettersteigpapst Eugen E. H\u00fcsler stellt jeden Steig zwischen den julischen Alpen Sloweniens, den Dolomiten und der franz\u00f6sischen Mont-Blanc-Gruppe vor mit Angaben zum Ausgangspunkt, Hinweisen zu Schwierigkeit und Gehzeit, mit Tourenkarten und wichtigen Infos zu Sicherheit und Ausr\u00fcstung. Topaktuell, exzellent [&#8230;]\n","protected":false},"featured_media":36779,"template":"","meta":[],"product_brand":[],"product_cat":[21544],"product_tag":[],"class_list":{"0":"post-147251","1":"product","2":"type-product","3":"status-publish","4":"has-post-thumbnail","6":"product_cat-fuehrerliteratur-alpin-sommer","7":"pa_autor-huesler","8":"pa_erscheinungsjahr-21621","9":"pa_region-italien","10":"pa_sprache-de","12":"first","13":"outofstock","14":"taxable","15":"shipping-taxable","16":"purchasable","17":"product-type-simple"},"_links":{"self":[{"href":"https:\/\/pizbube.ch\/en\/wp-json\/wp\/v2\/product\/147251","targetHints":{"allow":["GET"]}}],"collection":[{"href":"https:\/\/pizbube.ch\/en\/wp-json\/wp\/v2\/product"}],"about":[{"href":"https:\/\/pizbube.ch\/en\/wp-json\/wp\/v2\/types\/product"}],"wp:featuredmedia":[{"embeddable":true,"href":"https:\/\/pizbube.ch\/en\/wp-json\/wp\/v2\/media\/36779"}],"wp:attachment":[{"href":"https:\/\/pizbube.ch\/en\/wp-json\/wp\/v2\/media?parent=147251"}],"wp:term":[{"taxonomy":"product_brand","embeddable":true,"href":"https:\/\/pizbube.ch\/en\/wp-json\/wp\/v2\/product_brand?post=147251"},{"taxonomy":"product_cat","embeddable":true,"href":"https:\/\/pizbube.ch\/en\/wp-json\/wp\/v2\/product_cat?post=147251"},{"taxonomy":"product_tag","embeddable":true,"href":"https:\/\/pizbube.ch\/en\/wp-json\/wp\/v2\/product_tag?post=147251"}],"curies":[{"name":"wp","href":"https:\/\/api.w.org\/{rel}","templated":true}]}}