{"id":147252,"date":"2021-01-15T10:54:56","date_gmt":"2021-01-15T10:54:56","guid":{"rendered":"https:\/\/codengine3.ch\/?product=import-placeholder-for-207593"},"modified":"2021-07-06T09:53:00","modified_gmt":"2021-07-06T07:53:00","slug":"klettersteige-in-den-dolomiten-band-2","status":"publish","type":"product","link":"https:\/\/pizbube.ch\/en\/shop\/klettersteige-in-den-dolomiten-band-2\/","title":{"rendered":"Klettersteige in den Dolomiten, Band 2"},"content":{"rendered":"<p>Puez-Geisler, Sella-Langkofel, Rosengarten-Latemar, Pala, Civetta, Schiara<\/p>\n<p>Luftbildaufnahmen mit eingezeichneten Routen.<br \/>\nAlle Touren mit genauen technischen Details.<br \/>\nViele Zusatzinformationen f\u00fcr eine sichere Klettertour.<\/p>\n<p>Vor allem die Dolomiten bieten f\u00fcr Klettersteige ein umfangreiches Spektrum an abwechslungsreichen Routen f\u00fcr Alpinisten. Dieser Gebietsf\u00fchrer in den nord\u00f6stlichen und zentralen Dolomiten beschreibt Klettersteige unterschiedlichster Art: mit Stahlseilen, Eisenklammern und Leitern wird der Kletterer in eine Zauberwelt entf\u00fchrt, die so manch anderem verwehrt bleibt. Zahlreiche Luftbildaufnahmen veranschaulichen in beeindruckender Weise die Kletterrouten. Alle Touren sind mit technischen Details, Charakteristiken sowie zahlreichen Zusatzinformationen versehen.<\/p>","protected":false},"excerpt":{"rendered":"<p>Puez-Geisler, Sella-Langkofel, Rosengarten-Latemar, Pala, Civetta, Schiara Luftbildaufnahmen mit eingezeichneten Routen. Alle Touren mit genauen technischen Details. Viele Zusatzinformationen f\u00fcr eine sichere Klettertour. Vor allem die Dolomiten bieten f\u00fcr Klettersteige ein umfangreiches Spektrum an abwechslungsreichen Routen f\u00fcr Alpinisten. Dieser Gebietsf\u00fchrer in den nord\u00f6stlichen und zentralen Dolomiten beschreibt Klettersteige unterschiedlichster Art: mit Stahlseilen, Eisenklammern und Leitern wird [&#8230;]\n","protected":false},"featured_media":37913,"template":"","meta":[],"product_brand":[],"product_cat":[21544],"product_tag":[],"class_list":{"0":"post-147252","1":"product","2":"type-product","3":"status-publish","4":"has-post-thumbnail","6":"product_cat-fuehrerliteratur-alpin-sommer","7":"pa_autor-ladurner-zelger","8":"pa_erscheinungsjahr-21597","9":"pa_region-italien","10":"pa_sprache-de","12":"first","13":"outofstock","14":"taxable","15":"shipping-taxable","16":"purchasable","17":"product-type-simple"},"_links":{"self":[{"href":"https:\/\/pizbube.ch\/en\/wp-json\/wp\/v2\/product\/147252","targetHints":{"allow":["GET"]}}],"collection":[{"href":"https:\/\/pizbube.ch\/en\/wp-json\/wp\/v2\/product"}],"about":[{"href":"https:\/\/pizbube.ch\/en\/wp-json\/wp\/v2\/types\/product"}],"wp:featuredmedia":[{"embeddable":true,"href":"https:\/\/pizbube.ch\/en\/wp-json\/wp\/v2\/media\/37913"}],"wp:attachment":[{"href":"https:\/\/pizbube.ch\/en\/wp-json\/wp\/v2\/media?parent=147252"}],"wp:term":[{"taxonomy":"product_brand","embeddable":true,"href":"https:\/\/pizbube.ch\/en\/wp-json\/wp\/v2\/product_brand?post=147252"},{"taxonomy":"product_cat","embeddable":true,"href":"https:\/\/pizbube.ch\/en\/wp-json\/wp\/v2\/product_cat?post=147252"},{"taxonomy":"product_tag","embeddable":true,"href":"https:\/\/pizbube.ch\/en\/wp-json\/wp\/v2\/product_tag?post=147252"}],"curies":[{"name":"wp","href":"https:\/\/api.w.org\/{rel}","templated":true}]}}