{"id":147253,"date":"2021-01-15T10:54:56","date_gmt":"2021-01-15T10:54:56","guid":{"rendered":"https:\/\/codengine3.ch\/?product=import-placeholder-for-208257"},"modified":"2021-07-06T10:00:53","modified_gmt":"2021-07-06T08:00:53","slug":"klettersteige-in-den-dolomiten-band-1","status":"publish","type":"product","link":"https:\/\/pizbube.ch\/en\/shop\/klettersteige-in-den-dolomiten-band-1\/","title":{"rendered":"Klettersteige in den Dolomiten, Band 1"},"content":{"rendered":"<p>50 Routen in den nord\u00f6stlichen und zentralen Dolomiten<\/p>\n<p>Vor allem die Dolomiten bieten f\u00fcr Klettersteige ein umfangreiches Spektrum an<br \/>\nabwechslungsreichen Routen f\u00fcr Alpinisten. Dieser Gebietsf\u00fchrer in den<br \/>\nnord\u00f6stlichen und zentralen Dolomiten beschreibt Klettersteige<br \/>\nunterschiedlichster Art: mit Stahlseilen, Eisenklammern und Leitern wird der<br \/>\nKletterer in eine Zauberwelt entf\u00fchrt, die so manch anderem verwehrt bleibt.<\/p>\n<p>Zahlreiche Luftbildaufnahmen veranschaulichen in beeindruckender Weise die<br \/>\nKletterrouten. Alle Touren sind mit technischen Details, Charakteristiken<br \/>\nsowie zahlreichen Zusatzinformationen versehen<\/p>","protected":false},"excerpt":{"rendered":"<p>50 Routen in den nord\u00f6stlichen und zentralen Dolomiten Vor allem die Dolomiten bieten f\u00fcr Klettersteige ein umfangreiches Spektrum an abwechslungsreichen Routen f\u00fcr Alpinisten. Dieser Gebietsf\u00fchrer in den nord\u00f6stlichen und zentralen Dolomiten beschreibt Klettersteige unterschiedlichster Art: mit Stahlseilen, Eisenklammern und Leitern wird der Kletterer in eine Zauberwelt entf\u00fchrt, die so manch anderem verwehrt bleibt. Zahlreiche Luftbildaufnahmen [&#8230;]\n","protected":false},"featured_media":39790,"template":"","meta":[],"product_brand":[],"product_cat":[21544],"product_tag":[],"class_list":{"0":"post-147253","1":"product","2":"type-product","3":"status-publish","4":"has-post-thumbnail","6":"product_cat-fuehrerliteratur-alpin-sommer","7":"pa_autor-ladurner","8":"pa_erscheinungsjahr-21621","9":"pa_region-italien","10":"pa_sprache-de","12":"first","13":"instock","14":"taxable","15":"shipping-taxable","16":"purchasable","17":"product-type-simple"},"_links":{"self":[{"href":"https:\/\/pizbube.ch\/en\/wp-json\/wp\/v2\/product\/147253","targetHints":{"allow":["GET"]}}],"collection":[{"href":"https:\/\/pizbube.ch\/en\/wp-json\/wp\/v2\/product"}],"about":[{"href":"https:\/\/pizbube.ch\/en\/wp-json\/wp\/v2\/types\/product"}],"wp:featuredmedia":[{"embeddable":true,"href":"https:\/\/pizbube.ch\/en\/wp-json\/wp\/v2\/media\/39790"}],"wp:attachment":[{"href":"https:\/\/pizbube.ch\/en\/wp-json\/wp\/v2\/media?parent=147253"}],"wp:term":[{"taxonomy":"product_brand","embeddable":true,"href":"https:\/\/pizbube.ch\/en\/wp-json\/wp\/v2\/product_brand?post=147253"},{"taxonomy":"product_cat","embeddable":true,"href":"https:\/\/pizbube.ch\/en\/wp-json\/wp\/v2\/product_cat?post=147253"},{"taxonomy":"product_tag","embeddable":true,"href":"https:\/\/pizbube.ch\/en\/wp-json\/wp\/v2\/product_tag?post=147253"}],"curies":[{"name":"wp","href":"https:\/\/api.w.org\/{rel}","templated":true}]}}