{"id":147254,"date":"2021-01-15T10:54:56","date_gmt":"2021-01-15T10:54:56","guid":{"rendered":"https:\/\/codengine3.ch\/?product=import-placeholder-for-200178"},"modified":"2026-01-29T14:19:11","modified_gmt":"2026-01-29T13:19:11","slug":"tromsdalstinden-salasoaivi-125000","status":"publish","type":"product","link":"https:\/\/pizbube.ch\/en\/shop\/tromsdalstinden-salasoaivi-125000\/","title":{"rendered":"Tromsdalstinden \/ Salasoaivi 1:25`000"},"content":{"rendered":"<p>Turkart 2605<\/p>\n<p>Tromsdalstinden (Salasoaivi), herausgegeben vom norwegischen Verlag Ugland IT,<br \/>\ndeckt das Fjellgebiet unmittelbar \u00f6stlich von Troms\u00f8 ab.<br \/>\nTopographische Karten Norwegen, Statens Kartverk Hauptkartenserie 1:50.000 und<br \/>\nN50 Kartdata, vergr\u00f6\u00dfert auf 1:25.000<\/p>\n<p>These are popular maps of the major tourtist areas of Norway at various<br \/>\nscales.<br \/>\nThey include footpaths, ski routes, bicycle routes as well as tourist cabins,<br \/>\nplaces of interest including golfing, fishing and climbing. The maps also<br \/>\ninclude contours, lakes and rivers etc. Some of the maps are classified as<br \/>\nSummer maps or winter maps, or they may be divided into east and west<br \/>\nversions.<\/p>\n<p>Blattschnitt siehe untenstehendes Bild (fetter roter Rahmen)!<\/p>","protected":false},"excerpt":{"rendered":"<p>Turkart 2605 Tromsdalstinden (Salasoaivi), herausgegeben vom norwegischen Verlag Ugland IT, deckt das Fjellgebiet unmittelbar \u00f6stlich von Troms\u00f8 ab. Topographische Karten Norwegen, Statens Kartverk Hauptkartenserie 1:50.000 und N50 Kartdata, vergr\u00f6\u00dfert auf 1:25.000 These are popular maps of the major tourtist areas of Norway at various scales. They include footpaths, ski routes, bicycle routes as well as [&#8230;]\n","protected":false},"featured_media":26149,"template":"","meta":[],"product_brand":[],"product_cat":[21543],"product_tag":[],"class_list":{"0":"post-147254","1":"product","2":"type-product","3":"status-publish","4":"has-post-thumbnail","6":"product_cat-landkarten","7":"pa_autor-ugland","8":"pa_erscheinungsjahr-21776","9":"pa_region-skandinavien-norwegen-schweden-finnland","10":"pa_sprache-norweg-en","12":"first","13":"outofstock","14":"taxable","15":"shipping-taxable","16":"purchasable","17":"product-type-simple"},"_links":{"self":[{"href":"https:\/\/pizbube.ch\/en\/wp-json\/wp\/v2\/product\/147254","targetHints":{"allow":["GET"]}}],"collection":[{"href":"https:\/\/pizbube.ch\/en\/wp-json\/wp\/v2\/product"}],"about":[{"href":"https:\/\/pizbube.ch\/en\/wp-json\/wp\/v2\/types\/product"}],"wp:featuredmedia":[{"embeddable":true,"href":"https:\/\/pizbube.ch\/en\/wp-json\/wp\/v2\/media\/26149"}],"wp:attachment":[{"href":"https:\/\/pizbube.ch\/en\/wp-json\/wp\/v2\/media?parent=147254"}],"wp:term":[{"taxonomy":"product_brand","embeddable":true,"href":"https:\/\/pizbube.ch\/en\/wp-json\/wp\/v2\/product_brand?post=147254"},{"taxonomy":"product_cat","embeddable":true,"href":"https:\/\/pizbube.ch\/en\/wp-json\/wp\/v2\/product_cat?post=147254"},{"taxonomy":"product_tag","embeddable":true,"href":"https:\/\/pizbube.ch\/en\/wp-json\/wp\/v2\/product_tag?post=147254"}],"curies":[{"name":"wp","href":"https:\/\/api.w.org\/{rel}","templated":true}]}}