{"id":147255,"date":"2021-01-15T10:54:56","date_gmt":"2021-01-15T10:54:56","guid":{"rendered":"https:\/\/codengine3.ch\/?product=import-placeholder-for-207207"},"modified":"2026-03-27T17:29:27","modified_gmt":"2026-03-27T16:29:27","slug":"ski-touring-in-troms","status":"publish","type":"product","link":"https:\/\/pizbube.ch\/en\/shop\/ski-touring-in-troms\/","title":{"rendered":"SKI TOURING IN TROMS"},"content":{"rendered":"<p>116 Arctic Summits. A backcountry ski guide to some of the finest coastal<br \/>\nmountains of Northern Norway<\/p>\n<p>A guide to the summits in:<br \/>\nMALANGEN, KVAL\u00d8YA, RINGVASS\u00d8YA, MAINLAND TROMS\u00d8, BALSFJORDEN, TAMOKDALEN, THE<br \/>\nLYNGEN ALPS, THE K\u00c5FJORD ALPS, UL\u00d8YA, K\u00c5GEN AND SENJA.<\/p>\n<p>Espen Nordahl\u2019s Ski Touring In Troms was first published in 2010, and it has<br \/>\nserved as a guide for thousands of people searching for experiences in the<br \/>\nLyngen Alps, in the Troms\u00f8 area and other coastal mountains in Northern<br \/>\nNorway. The new edition consists of several new routes, updated route<br \/>\ndescriptions, new images and better maps. The island of Senja has also been<br \/>\nincluded as a ski touring destination.<\/p>\n<p>The book gives detailed descriptions of ascents and descents, for the beginner<br \/>\nas well as for the expert. All the trips include aerial photos with routes<br \/>\nindicated. Each chapter ends with an overview map (1:250 000) as well as<br \/>\nindividual maps for the summits (1:50 000).<\/p>\n<p>The book also includes more than 140 pictures. There is a chapter on avalanche<br \/>\nsafety written by avalanche expert Kjetil Brattlien, as well as a chapter on<br \/>\nski history written by mountain guide Ake Hedlund.<\/p>\n<p>Espen Nordahl (1960) moved to Troms\u00f8 in 1982 and has been one of the city\u2019s<br \/>\nthe most active ski touring enthusiasts ever since.<\/p>","protected":false},"excerpt":{"rendered":"<p>116 Arctic Summits. A backcountry ski guide to some of the finest coastal mountains of Northern Norway A guide to the summits in: MALANGEN, KVAL\u00d8YA, RINGVASS\u00d8YA, MAINLAND TROMS\u00d8, BALSFJORDEN, TAMOKDALEN, THE LYNGEN ALPS, THE K\u00c5FJORD ALPS, UL\u00d8YA, K\u00c5GEN AND SENJA. Espen Nordahl\u2019s Ski Touring In Troms was first published in 2010, and it has served [&#8230;]\n","protected":false},"featured_media":161459,"template":"","meta":[],"product_brand":[],"product_cat":[21540],"product_tag":[27244,27247],"class_list":{"0":"post-147255","1":"product","2":"type-product","3":"status-publish","4":"has-post-thumbnail","6":"product_cat-fuehrerliteratur-alpin-winter","7":"product_tag-skitouring-in-troms","8":"product_tag-skitouring-in-tromsoe","9":"pa_autor-nordahl","10":"pa_erscheinungsjahr-25440","11":"pa_region-skandinavien-norwegen-schweden-finnland","12":"pa_sprache-en","14":"first","15":"onbackorder","16":"taxable","17":"shipping-taxable","18":"purchasable","19":"product-type-simple"},"_links":{"self":[{"href":"https:\/\/pizbube.ch\/en\/wp-json\/wp\/v2\/product\/147255","targetHints":{"allow":["GET"]}}],"collection":[{"href":"https:\/\/pizbube.ch\/en\/wp-json\/wp\/v2\/product"}],"about":[{"href":"https:\/\/pizbube.ch\/en\/wp-json\/wp\/v2\/types\/product"}],"wp:featuredmedia":[{"embeddable":true,"href":"https:\/\/pizbube.ch\/en\/wp-json\/wp\/v2\/media\/161459"}],"wp:attachment":[{"href":"https:\/\/pizbube.ch\/en\/wp-json\/wp\/v2\/media?parent=147255"}],"wp:term":[{"taxonomy":"product_brand","embeddable":true,"href":"https:\/\/pizbube.ch\/en\/wp-json\/wp\/v2\/product_brand?post=147255"},{"taxonomy":"product_cat","embeddable":true,"href":"https:\/\/pizbube.ch\/en\/wp-json\/wp\/v2\/product_cat?post=147255"},{"taxonomy":"product_tag","embeddable":true,"href":"https:\/\/pizbube.ch\/en\/wp-json\/wp\/v2\/product_tag?post=147255"}],"curies":[{"name":"wp","href":"https:\/\/api.w.org\/{rel}","templated":true}]}}