{"id":147256,"date":"2021-01-15T10:54:56","date_gmt":"2021-01-15T10:54:56","guid":{"rendered":"https:\/\/codengine3.ch\/?product=import-placeholder-for-207876"},"modified":"2024-03-20T15:26:03","modified_gmt":"2024-03-20T14:26:03","slug":"tromso-150000","status":"publish","type":"product","link":"https:\/\/pizbube.ch\/en\/shop\/tromso-150000\/","title":{"rendered":"Troms\u00f8 1:50`000"},"content":{"rendered":"<p>Norge-Serien Blatt 10152<\/p>\n<p>Topographische Karte mit Stra\u00dfen, Wegen, Orten, Wohnpl\u00e4tzen, Gew\u00e4ssern,<br \/>\nLandschaftsnamen, Grenzen, Landschaftsformen, H\u00f6henlinien etc.; touristische<br \/>\nInformationen im farbigen Aufdruck: Wanderwege, Winterrouten,<br \/>\nSchneemobilrouten, Campingpl\u00e4tze, H\u00fctten, Angelpl\u00e4tze, Serviceeinrichtungen<br \/>\nu.a.;<br \/>\nUTM-Gitter eingedruckt, Legende: norwegisch, englisch<\/p>\n<p>These are popular maps of the major tourtist areas of Norway at various<br \/>\nscales. They include footpaths, ski routes, bicycle routes as well as tourist<br \/>\ncabins, places of interest including golfing, fishing and climbing. The maps<br \/>\nalso include contours, lakes and rivers etc.<\/p>","protected":false},"excerpt":{"rendered":"<p>Norge-Serien Blatt 10152 Topographische Karte mit Stra\u00dfen, Wegen, Orten, Wohnpl\u00e4tzen, Gew\u00e4ssern, Landschaftsnamen, Grenzen, Landschaftsformen, H\u00f6henlinien etc.; touristische Informationen im farbigen Aufdruck: Wanderwege, Winterrouten, Schneemobilrouten, Campingpl\u00e4tze, H\u00fctten, Angelpl\u00e4tze, Serviceeinrichtungen u.a.; UTM-Gitter eingedruckt, Legende: norwegisch, englisch These are popular maps of the major tourtist areas of Norway at various scales. They include footpaths, ski routes, bicycle routes [&#8230;]\n","protected":false},"featured_media":26603,"template":"","meta":[],"product_brand":[],"product_cat":[21543],"product_tag":[],"class_list":{"0":"post-147256","1":"product","2":"type-product","3":"status-publish","4":"has-post-thumbnail","6":"product_cat-landkarten","7":"pa_autor-nordeca","8":"pa_erscheinungsjahr-21597","9":"pa_region-skandinavien-norwegen-schweden-finnland","10":"pa_sprache-norweg-en-3","12":"first","13":"instock","14":"taxable","15":"shipping-taxable","16":"purchasable","17":"product-type-simple"},"_links":{"self":[{"href":"https:\/\/pizbube.ch\/en\/wp-json\/wp\/v2\/product\/147256","targetHints":{"allow":["GET"]}}],"collection":[{"href":"https:\/\/pizbube.ch\/en\/wp-json\/wp\/v2\/product"}],"about":[{"href":"https:\/\/pizbube.ch\/en\/wp-json\/wp\/v2\/types\/product"}],"wp:featuredmedia":[{"embeddable":true,"href":"https:\/\/pizbube.ch\/en\/wp-json\/wp\/v2\/media\/26603"}],"wp:attachment":[{"href":"https:\/\/pizbube.ch\/en\/wp-json\/wp\/v2\/media?parent=147256"}],"wp:term":[{"taxonomy":"product_brand","embeddable":true,"href":"https:\/\/pizbube.ch\/en\/wp-json\/wp\/v2\/product_brand?post=147256"},{"taxonomy":"product_cat","embeddable":true,"href":"https:\/\/pizbube.ch\/en\/wp-json\/wp\/v2\/product_cat?post=147256"},{"taxonomy":"product_tag","embeddable":true,"href":"https:\/\/pizbube.ch\/en\/wp-json\/wp\/v2\/product_tag?post=147256"}],"curies":[{"name":"wp","href":"https:\/\/api.w.org\/{rel}","templated":true}]}}